{"id":3509,"date":"2016-02-19T09:02:31","date_gmt":"2016-02-19T09:02:31","guid":{"rendered":"https:\/\/www.aplusdmc.com\/\/choose-subscribe-2\/"},"modified":"2017-07-13T15:54:29","modified_gmt":"2017-07-13T14:54:29","slug":"choose-subscribe","status":"publish","type":"page","link":"https:\/\/aplusdmc.com\/fr\/choose-subscribe\/","title":{"rendered":"Choose &#038; subscribe"},"content":{"rendered":"<div class=\"bg-1-2\"><div class=\"spacer\"><\/div><!-- .spacer (end) -->\n<div class=\"spacer\"><\/div><!-- .spacer (end) -->\n<div class=\"spacer\"><\/div><!-- .spacer (end) -->\n<div class=\"container\"><div class=\"row text-left\">\n<div class=\"span6 \"><div class=\"title-box clearfix text-left small-title text-orange\"><h2 class=\"title-box_primary\">10 BONNES RAISONS DE<br \/>\nCHOISIR A+DMC MALTA<\/h2><\/div><!-- \/\/.title-box -->\n<!-- POUR VOS PROJECTS INCENTIVES, SEMINARES OU CONGRES --><\/p>\n<h3>A+DMC<\/h3>\n<ul>\n<li style=\"text-align: justify;\">Interlocuteurs fran\u00e7ais pour vous conseiller et construire votre projet dans son ensemble<\/li>\n<li style=\"text-align: justify;\">Excellente connaissance du march\u00e9 francophone depuis 30 ans<\/li>\n<li style=\"text-align: justify;\">Financi\u00e8rement solide, avec le soutien du groupe Robert Arrigo &amp; Sons<\/li>\n<li style=\"text-align: justify;\">Collaboration \u00e9troite et tarifs pr\u00e9f\u00e9rentiels avec nos prestataires<\/li>\n<li style=\"text-align: justify;\">Cr\u00e9ativit\u00e9 permanente<\/li>\n<li style=\"text-align: justify;\">Disponibilit\u00e9 totale<\/li>\n<\/ul>\n<p>&nbsp;<\/p>\n<h3>MALTE<\/h3>\n<ul>\n<li>2h15 de vol au d\u00e9part de Paris<\/li>\n<li>Conditions m\u00e9t\u00e9orologiques id\u00e9ales toute l\u2019ann\u00e9e<\/li>\n<li>H\u00f4tels internationaux de qualit\u00e9<\/li>\n<li>6000 ans d\u2019Histoire \u00e0 d\u00e9couvrir<\/li>\n<\/ul><\/div>\n<div class=\"visible-xs\"><div class=\"spacer\"><\/div><!-- .spacer (end) -->\n<div class=\"spacer\"><\/div><!-- .spacer (end) --><\/div>\n<div class=\"span6 \"><div class=\"hidden\"><div class=\"title-box clearfix text-left small-title text-orange\"><h2 class=\"title-box_primary\">NEWSLETTER<\/h2><\/div><!-- \/\/.title-box -->\n<!-- SUBSCRIBE TO THE A+DMC\n\n\n<h3>NEWSLETTER:<\/h3>\n\n\n--><br \/>\n<div class=\"span4 \"><h3><\/h3>\n<ul class=\"margin-b-20\">\n<li>Nouveaut\u00e9s sur Malte, Gozo et Comino<\/li>\n<li>\u00c9v\u00e9nements<\/li>\n<li>Services et nouveaut\u00e9s de A+DMC<\/li>\n<\/ul>\n<div class=\"spacer\"><\/div><!-- .spacer (end) --><\/div>\n<\/div><\/div>\n<\/div><!-- .row (end) -->\n<div class=\"spacer\"><\/div><!-- .spacer (end) -->\n<\/div>\n<\/div>\n","protected":false},"excerpt":{"rendered":"","protected":false},"author":4,"featured_media":0,"parent":0,"menu_order":0,"comment_status":"closed","ping_status":"closed","template":"page-fullwidth.php","meta":{"_acf_changed":false,"footnotes":""},"class_list":["post-3509","page","type-page","status-publish","hentry"],"acf":[],"yoast_head":"<!-- This site is optimized with the Yoast SEO plugin v26.8 - https:\/\/yoast.com\/product\/yoast-seo-wordpress\/ -->\n<title>Choose &amp; subscribe - A+DMC<\/title>\n<meta name=\"robots\" content=\"index, follow, max-snippet:-1, max-image-preview:large, max-video-preview:-1\" \/>\n<link rel=\"canonical\" href=\"https:\/\/aplusdmc.com\/fr\/choose-subscribe\/\" \/>\n<meta property=\"og:locale\" content=\"fr_FR\" \/>\n<meta property=\"og:type\" content=\"article\" \/>\n<meta property=\"og:title\" content=\"Choose &amp; subscribe - A+DMC\" \/>\n<meta property=\"og:url\" content=\"https:\/\/aplusdmc.com\/fr\/choose-subscribe\/\" \/>\n<meta property=\"og:site_name\" content=\"A+DMC\" \/>\n<meta property=\"article:modified_time\" content=\"2017-07-13T14:54:29+00:00\" \/>\n<meta name=\"twitter:card\" content=\"summary_large_image\" \/>\n<meta name=\"twitter:label1\" content=\"Dur\u00e9e de lecture estim\u00e9e\" \/>\n\t<meta name=\"twitter:data1\" content=\"1 minute\" \/>\n<script type=\"application\/ld+json\" class=\"yoast-schema-graph\">{\"@context\":\"https:\/\/schema.org\",\"@graph\":[{\"@type\":\"WebPage\",\"@id\":\"https:\/\/aplusdmc.com\/fr\/choose-subscribe\/\",\"url\":\"https:\/\/aplusdmc.com\/fr\/choose-subscribe\/\",\"name\":\"Choose & subscribe - A+DMC\",\"isPartOf\":{\"@id\":\"https:\/\/aplusdmc.com\/#website\"},\"datePublished\":\"2016-02-19T09:02:31+00:00\",\"dateModified\":\"2017-07-13T14:54:29+00:00\",\"breadcrumb\":{\"@id\":\"https:\/\/aplusdmc.com\/fr\/choose-subscribe\/#breadcrumb\"},\"inLanguage\":\"fr-FR\",\"potentialAction\":[{\"@type\":\"ReadAction\",\"target\":[\"https:\/\/aplusdmc.com\/fr\/choose-subscribe\/\"]}]},{\"@type\":\"BreadcrumbList\",\"@id\":\"https:\/\/aplusdmc.com\/fr\/choose-subscribe\/#breadcrumb\",\"itemListElement\":[{\"@type\":\"ListItem\",\"position\":1,\"name\":\"Home\",\"item\":\"https:\/\/aplusdmc.com\/fr\/\"},{\"@type\":\"ListItem\",\"position\":2,\"name\":\"Choose &#038; subscribe\"}]},{\"@type\":\"WebSite\",\"@id\":\"https:\/\/aplusdmc.com\/#website\",\"url\":\"https:\/\/aplusdmc.com\/\",\"name\":\"A+DMC\",\"description\":\"\",\"potentialAction\":[{\"@type\":\"SearchAction\",\"target\":{\"@type\":\"EntryPoint\",\"urlTemplate\":\"https:\/\/aplusdmc.com\/?s={search_term_string}\"},\"query-input\":{\"@type\":\"PropertyValueSpecification\",\"valueRequired\":true,\"valueName\":\"search_term_string\"}}],\"inLanguage\":\"fr-FR\"}]}<\/script>\n<!-- \/ Yoast SEO plugin. -->","yoast_head_json":{"title":"Choose & subscribe - A+DMC","robots":{"index":"index","follow":"follow","max-snippet":"max-snippet:-1","max-image-preview":"max-image-preview:large","max-video-preview":"max-video-preview:-1"},"canonical":"https:\/\/aplusdmc.com\/fr\/choose-subscribe\/","og_locale":"fr_FR","og_type":"article","og_title":"Choose & subscribe - A+DMC","og_url":"https:\/\/aplusdmc.com\/fr\/choose-subscribe\/","og_site_name":"A+DMC","article_modified_time":"2017-07-13T14:54:29+00:00","twitter_card":"summary_large_image","twitter_misc":{"Dur\u00e9e de lecture estim\u00e9e":"1 minute"},"schema":{"@context":"https:\/\/schema.org","@graph":[{"@type":"WebPage","@id":"https:\/\/aplusdmc.com\/fr\/choose-subscribe\/","url":"https:\/\/aplusdmc.com\/fr\/choose-subscribe\/","name":"Choose & subscribe - A+DMC","isPartOf":{"@id":"https:\/\/aplusdmc.com\/#website"},"datePublished":"2016-02-19T09:02:31+00:00","dateModified":"2017-07-13T14:54:29+00:00","breadcrumb":{"@id":"https:\/\/aplusdmc.com\/fr\/choose-subscribe\/#breadcrumb"},"inLanguage":"fr-FR","potentialAction":[{"@type":"ReadAction","target":["https:\/\/aplusdmc.com\/fr\/choose-subscribe\/"]}]},{"@type":"BreadcrumbList","@id":"https:\/\/aplusdmc.com\/fr\/choose-subscribe\/#breadcrumb","itemListElement":[{"@type":"ListItem","position":1,"name":"Home","item":"https:\/\/aplusdmc.com\/fr\/"},{"@type":"ListItem","position":2,"name":"Choose &#038; subscribe"}]},{"@type":"WebSite","@id":"https:\/\/aplusdmc.com\/#website","url":"https:\/\/aplusdmc.com\/","name":"A+DMC","description":"","potentialAction":[{"@type":"SearchAction","target":{"@type":"EntryPoint","urlTemplate":"https:\/\/aplusdmc.com\/?s={search_term_string}"},"query-input":{"@type":"PropertyValueSpecification","valueRequired":true,"valueName":"search_term_string"}}],"inLanguage":"fr-FR"}]}},"_links":{"self":[{"href":"https:\/\/aplusdmc.com\/fr\/wp-json\/wp\/v2\/pages\/3509","targetHints":{"allow":["GET"]}}],"collection":[{"href":"https:\/\/aplusdmc.com\/fr\/wp-json\/wp\/v2\/pages"}],"about":[{"href":"https:\/\/aplusdmc.com\/fr\/wp-json\/wp\/v2\/types\/page"}],"author":[{"embeddable":true,"href":"https:\/\/aplusdmc.com\/fr\/wp-json\/wp\/v2\/users\/4"}],"replies":[{"embeddable":true,"href":"https:\/\/aplusdmc.com\/fr\/wp-json\/wp\/v2\/comments?post=3509"}],"version-history":[{"count":16,"href":"https:\/\/aplusdmc.com\/fr\/wp-json\/wp\/v2\/pages\/3509\/revisions"}],"predecessor-version":[{"id":4163,"href":"https:\/\/aplusdmc.com\/fr\/wp-json\/wp\/v2\/pages\/3509\/revisions\/4163"}],"wp:attachment":[{"href":"https:\/\/aplusdmc.com\/fr\/wp-json\/wp\/v2\/media?parent=3509"}],"curies":[{"name":"wp","href":"https:\/\/api.w.org\/{rel}","templated":true}]}}