{"id":3503,"date":"2016-02-25T14:22:51","date_gmt":"2016-02-25T14:22:51","guid":{"rendered":"https:\/\/www.aplusdmc.com\/\/sports-2\/"},"modified":"2016-03-04T09:17:25","modified_gmt":"2016-03-04T09:17:25","slug":"sports","status":"publish","type":"page","link":"https:\/\/aplusdmc.com\/fr\/sports\/","title":{"rendered":"Sports"},"content":{"rendered":"<h2 class=\"art-PostHeader\">Sports<\/h2>\n<div class=\"art-PostContent\">\n<div class=\"art-article\">\n<p>A Malte, on peut trouver de nombreuses activit\u00e9s sportives diff\u00e9rentes \u00e0 faire. Que ce soit en \u00e9t\u00e9 ou en hiver, dans l'eau ou \u00e0 terre, Malte a quelque chose \u00e0 offrir pour tout le monde. On peut faire de la plong\u00e9e, planche \u00e0 voile, la marche \/ randonn\u00e9e, parapente, escalade, \u00e9quitation, descente en rappel et bien plus encore. Depuis que les mois d'hiver sont tr\u00e8s doux, de nombreux groupes sportifs organisent leurs camps d'entra\u00eenement \u00e0 Malte au cours de cette p\u00e9riode de l'ann\u00e9e.<\/p>\n<h4><strong>Plong\u00e9e<\/strong><\/h4>\n<p>Malte dispose d'un site de plong\u00e9e tr\u00e8s polyvalent pour les experts ainsi que pour les d\u00e9butants. Depuis que la temp\u00e9rature de l'eau pendant les mois d'hiver est toujours autour de 15 degr\u00e9s, il est facile de faire de Malte une destination pour les plongeurs, et cela tout au long de l\u2019ann\u00e9e. La diversit\u00e9 marine est tr\u00e8s riche surtout en hiver, car certaines esp\u00e8ces se rapprochent de la c\u00f4te. De nombreuses \u00e9coles de plong\u00e9e proposent des cours pour d\u00e9butants et experts pareillement. Environ 40 \u00e9coles de plong\u00e9e proposent leurs services et les \u00e9quipements pour rendre l\u2019excursion de plong\u00e9e inoubliable. Une grande diversit\u00e9 d'esp\u00e8ces de poissons, des grottes spectaculaires, des \u00e9paves de navires et une vue d'environ 40 m\u00e8tres ne sont que quelques-uns des faits saillants auxquels on peut s\u2019attendre.<\/p>\n<h4><strong>Golf<\/strong><\/h4>\n<p>Le golf peut \u00eatre pratiqu\u00e9 toute l\u2019ann\u00e9e \u00e0 Malte. Depuis que Malte ne dispose que d'un terrain de golf, il est indispensable de r\u00e9server \u00e0 l'avance si vous voulez apprendre \u00e0 jouer au golf \u00e0 Malte. Les conditions m\u00e9t\u00e9orologiques sont parfaites pour jouer au golf car il n'y a ni le froid ni le brouillard ni pluies en continue. Jusqu'\u00e0 pr\u00e9sent, il n'y a qu'un seul parcours de golf \u00e0 Malte avec 18 trous et 5000 m\u00e8tres de longueur. Il est facilement accessible de partout sur l'\u00eele, car il se trouve dans le centre, \u00e0 Marsa. De nombreux h\u00f4tels proposent m\u00eame des arrangements qui incluent le golf.<\/p>\n<h4><strong>Football<\/strong><\/h4>\n<p>Les camps d'entra\u00eenement pour les \u00e9quipes de football sont tr\u00e8s populaires \u00e0 Malte et les maltais sont tr\u00e8s enthousiastes avec le football, m\u00eame si ils n'ont pas obtenu de nombreuses r\u00e9alisations internationales \u00e0 ce jour. Les terrains de football sont constamment am\u00e9lior\u00e9s et le climat doux en hiver am\u00e9liore la possibilit\u00e9 d'utiliser Malte comme destination de camp d'entra\u00eenement.<\/p>\n<h4><strong>La natation et plong\u00e9e sous-marine<\/strong><\/h4>\n<p>L'eau cristalline combin\u00e9e avec des temp\u00e9ratures d'eau agr\u00e9ables rend la baignade et la plong\u00e9e en apn\u00e9e dans l'oc\u00e9an tr\u00e8s agr\u00e9ables. Le long du littoral, on peut trouver diff\u00e9rents acc\u00e8s qui rendent l\u2019acc\u00e8s \u00e0 la mer plus facile pour se baigner. En outre, diff\u00e9rents stands permettent la location d\u2019\u00e9quipements de plong\u00e9e. Mais aussi pour ceux qui n'aiment pas nager dans l'oc\u00e9an il y a beaucoup de piscines.<\/p>\n<\/div>\n<\/div>\n","protected":false},"excerpt":{"rendered":"Sports A Malte, on peut trouver de nombreuses activit\u00e9s sportives diff\u00e9rentes \u00e0 faire. Que ce soit en \u00e9t\u00e9 ou en hiver, dans l'eau ou \u00e0 terre, Malte a quelque chose \u00e0 offrir pour tout le monde. On peut faire de la plong\u00e9e, planche \u00e0 voile, la marche \/ randonn\u00e9e, parapente, escalade, \u00e9quitation, descente en rappel et bien plus encore. Depuis&nbsp;<a href=\"https:\/\/aplusdmc.com\/fr\/sports\/\" class=\"read-more\">Continue Reading<\/a>","protected":false},"author":4,"featured_media":0,"parent":0,"menu_order":0,"comment_status":"closed","ping_status":"closed","template":"","meta":{"_acf_changed":false,"footnotes":""},"class_list":["post-3503","page","type-page","status-publish","hentry"],"acf":[],"yoast_head":"<!-- This site is optimized with the Yoast SEO plugin v26.8 - https:\/\/yoast.com\/product\/yoast-seo-wordpress\/ -->\n<title>Sports - A+DMC<\/title>\n<meta name=\"robots\" content=\"index, follow, max-snippet:-1, max-image-preview:large, max-video-preview:-1\" \/>\n<link rel=\"canonical\" href=\"https:\/\/aplusdmc.com\/fr\/sports\/\" \/>\n<meta property=\"og:locale\" content=\"fr_FR\" \/>\n<meta property=\"og:type\" content=\"article\" \/>\n<meta property=\"og:title\" content=\"Sports - A+DMC\" \/>\n<meta property=\"og:description\" content=\"Sports A Malte, on peut trouver de nombreuses activit\u00e9s sportives diff\u00e9rentes \u00e0 faire. Que ce soit en \u00e9t\u00e9 ou en hiver, dans l&#039;eau ou \u00e0 terre, Malte a quelque chose \u00e0 offrir pour tout le monde. On peut faire de la plong\u00e9e, planche \u00e0 voile, la marche \/ randonn\u00e9e, parapente, escalade, \u00e9quitation, descente en rappel et bien plus encore. Depuis&nbsp;Continue Reading\" \/>\n<meta property=\"og:url\" content=\"https:\/\/aplusdmc.com\/fr\/sports\/\" \/>\n<meta property=\"og:site_name\" content=\"A+DMC\" \/>\n<meta property=\"article:modified_time\" content=\"2016-03-04T09:17:25+00:00\" \/>\n<meta name=\"twitter:card\" content=\"summary_large_image\" \/>\n<meta name=\"twitter:label1\" content=\"Dur\u00e9e de lecture estim\u00e9e\" \/>\n\t<meta name=\"twitter:data1\" content=\"2 minutes\" \/>\n<script type=\"application\/ld+json\" class=\"yoast-schema-graph\">{\"@context\":\"https:\/\/schema.org\",\"@graph\":[{\"@type\":\"WebPage\",\"@id\":\"https:\/\/aplusdmc.com\/fr\/sports\/\",\"url\":\"https:\/\/aplusdmc.com\/fr\/sports\/\",\"name\":\"Sports - A+DMC\",\"isPartOf\":{\"@id\":\"https:\/\/aplusdmc.com\/#website\"},\"datePublished\":\"2016-02-25T14:22:51+00:00\",\"dateModified\":\"2016-03-04T09:17:25+00:00\",\"breadcrumb\":{\"@id\":\"https:\/\/aplusdmc.com\/fr\/sports\/#breadcrumb\"},\"inLanguage\":\"fr-FR\",\"potentialAction\":[{\"@type\":\"ReadAction\",\"target\":[\"https:\/\/aplusdmc.com\/fr\/sports\/\"]}]},{\"@type\":\"BreadcrumbList\",\"@id\":\"https:\/\/aplusdmc.com\/fr\/sports\/#breadcrumb\",\"itemListElement\":[{\"@type\":\"ListItem\",\"position\":1,\"name\":\"Home\",\"item\":\"https:\/\/aplusdmc.com\/fr\/\"},{\"@type\":\"ListItem\",\"position\":2,\"name\":\"Sports\"}]},{\"@type\":\"WebSite\",\"@id\":\"https:\/\/aplusdmc.com\/#website\",\"url\":\"https:\/\/aplusdmc.com\/\",\"name\":\"A+DMC\",\"description\":\"\",\"potentialAction\":[{\"@type\":\"SearchAction\",\"target\":{\"@type\":\"EntryPoint\",\"urlTemplate\":\"https:\/\/aplusdmc.com\/?s={search_term_string}\"},\"query-input\":{\"@type\":\"PropertyValueSpecification\",\"valueRequired\":true,\"valueName\":\"search_term_string\"}}],\"inLanguage\":\"fr-FR\"}]}<\/script>\n<!-- \/ Yoast SEO plugin. -->","yoast_head_json":{"title":"Sports - A+DMC","robots":{"index":"index","follow":"follow","max-snippet":"max-snippet:-1","max-image-preview":"max-image-preview:large","max-video-preview":"max-video-preview:-1"},"canonical":"https:\/\/aplusdmc.com\/fr\/sports\/","og_locale":"fr_FR","og_type":"article","og_title":"Sports - A+DMC","og_description":"Sports A Malte, on peut trouver de nombreuses activit\u00e9s sportives diff\u00e9rentes \u00e0 faire. Que ce soit en \u00e9t\u00e9 ou en hiver, dans l'eau ou \u00e0 terre, Malte a quelque chose \u00e0 offrir pour tout le monde. On peut faire de la plong\u00e9e, planche \u00e0 voile, la marche \/ randonn\u00e9e, parapente, escalade, \u00e9quitation, descente en rappel et bien plus encore. Depuis&nbsp;Continue Reading","og_url":"https:\/\/aplusdmc.com\/fr\/sports\/","og_site_name":"A+DMC","article_modified_time":"2016-03-04T09:17:25+00:00","twitter_card":"summary_large_image","twitter_misc":{"Dur\u00e9e de lecture estim\u00e9e":"2 minutes"},"schema":{"@context":"https:\/\/schema.org","@graph":[{"@type":"WebPage","@id":"https:\/\/aplusdmc.com\/fr\/sports\/","url":"https:\/\/aplusdmc.com\/fr\/sports\/","name":"Sports - A+DMC","isPartOf":{"@id":"https:\/\/aplusdmc.com\/#website"},"datePublished":"2016-02-25T14:22:51+00:00","dateModified":"2016-03-04T09:17:25+00:00","breadcrumb":{"@id":"https:\/\/aplusdmc.com\/fr\/sports\/#breadcrumb"},"inLanguage":"fr-FR","potentialAction":[{"@type":"ReadAction","target":["https:\/\/aplusdmc.com\/fr\/sports\/"]}]},{"@type":"BreadcrumbList","@id":"https:\/\/aplusdmc.com\/fr\/sports\/#breadcrumb","itemListElement":[{"@type":"ListItem","position":1,"name":"Home","item":"https:\/\/aplusdmc.com\/fr\/"},{"@type":"ListItem","position":2,"name":"Sports"}]},{"@type":"WebSite","@id":"https:\/\/aplusdmc.com\/#website","url":"https:\/\/aplusdmc.com\/","name":"A+DMC","description":"","potentialAction":[{"@type":"SearchAction","target":{"@type":"EntryPoint","urlTemplate":"https:\/\/aplusdmc.com\/?s={search_term_string}"},"query-input":{"@type":"PropertyValueSpecification","valueRequired":true,"valueName":"search_term_string"}}],"inLanguage":"fr-FR"}]}},"_links":{"self":[{"href":"https:\/\/aplusdmc.com\/fr\/wp-json\/wp\/v2\/pages\/3503","targetHints":{"allow":["GET"]}}],"collection":[{"href":"https:\/\/aplusdmc.com\/fr\/wp-json\/wp\/v2\/pages"}],"about":[{"href":"https:\/\/aplusdmc.com\/fr\/wp-json\/wp\/v2\/types\/page"}],"author":[{"embeddable":true,"href":"https:\/\/aplusdmc.com\/fr\/wp-json\/wp\/v2\/users\/4"}],"replies":[{"embeddable":true,"href":"https:\/\/aplusdmc.com\/fr\/wp-json\/wp\/v2\/comments?post=3503"}],"version-history":[{"count":1,"href":"https:\/\/aplusdmc.com\/fr\/wp-json\/wp\/v2\/pages\/3503\/revisions"}],"predecessor-version":[{"id":3504,"href":"https:\/\/aplusdmc.com\/fr\/wp-json\/wp\/v2\/pages\/3503\/revisions\/3504"}],"wp:attachment":[{"href":"https:\/\/aplusdmc.com\/fr\/wp-json\/wp\/v2\/media?parent=3503"}],"curies":[{"name":"wp","href":"https:\/\/api.w.org\/{rel}","templated":true}]}}