{"id":3501,"date":"2016-02-25T14:22:31","date_gmt":"2016-02-25T14:22:31","guid":{"rendered":"https:\/\/www.aplusdmc.com\/\/nightlife-in-malta-2\/"},"modified":"2016-03-04T09:15:49","modified_gmt":"2016-03-04T09:15:49","slug":"nightlife-in-malta","status":"publish","type":"page","link":"https:\/\/aplusdmc.com\/fr\/nightlife-in-malta\/","title":{"rendered":"Vie nocturne"},"content":{"rendered":"<h2 class=\"art-PostHeader\">Vie nocturne<\/h2>\n<div class=\"art-PostContent\">\n<div class=\"art-article\">\n<p>La vie nocturne \u00e0 Malte est tr\u00e8s dynamique et attire de nombreuses personnes de diff\u00e9rents\u00a0 \u00e2ges, nationalit\u00e9s et centres d\u2019int\u00e9r\u00eat. Les lieux de vie nocturne les plus populaires sont Bugibba, Sliema et Saint-Julian. Le centre le plus c\u00e9l\u00e8bre de la vie nocturne de Malte est \u00e0 Paceville, en Saint-Julian. A Paceville vous pouvez trouver une grande vari\u00e9t\u00e9 de clubs, bars et pubs l\u2019un \u00e0 c\u00f4t\u00e9 de l'autre ce qui rend l'exp\u00e9rience unique et tr\u00e8s facile \u00e0 cause de la proximit\u00e9 des bars. Ces clubs passent les derniers hits de danse, mais aussi d'autres genres pour tous les go\u00fbts musicaux. Paceville est souvent compar\u00e9 \u00e0 son rival, Ibiza, l\u2019\u00eele de la f\u00eate, qui est \u00e9galement bien connu pour ses clubs et son grand nombre de touristes. En raison du fait que les clubs n\u2019imposent pas de frais d'entr\u00e9e et offrent des boissons \u00e0 des prix tr\u00e8s abordables, Malte est devenue une destination tr\u00e8s populaire pour les f\u00eatards.<br \/>\nDans le cas o\u00f9 vous n'\u00eates pas attir\u00e9 par le clubbing, Paceville offre \u00e9galement des activit\u00e9s diff\u00e9rentes. Eden, le plus grand complexe de cin\u00e9ma \u00e0 Malte, un bowling et 2 casinos ainsi que plusieurs bars sont situ\u00e9s plus au calme, \u00e0 quelques minutes \u00e0 pied des clubs.<br \/>\nSi vous avez envie d'aller dans un plus grand club en plein air, Gianpula pr\u00e8s de Mdina et Rabat, et Le Numero Uno dans Ta 'Qali sont les bons endroits o\u00f9 aller. Ces clubs en plein air sont tr\u00e8s populaires aupr\u00e8s des populations locales et des touristes et ont une capacit\u00e9 pouvant aller jusqu'\u00e0 4000 personnes. Chaque ann\u00e9e, en particulier Gianpula, a accueilli plusieurs dj\u2019s de renomm\u00e9e mondiale tels que Tiesto, Sasha et Planet Funk. Ces clubs permettent d\u2019\u00eatre en plein air pendant les mois les plus chauds entre Mai et Octobre.<\/p>\n<h4>\n<strong>Mdina<\/strong><\/h4>\n<p>Mdina, l'ancienne capitale, est l'une des nombreuses villes fascinantes \u00e0 Malte. Elle poss\u00e8de une riche histoire et a chang\u00e9 son nom en fonction de son souverain. Aujourd'hui, la ville est aussi appel\u00e9e \u00abCitta Notabile\u00a0\u00bb qui signifie la ville noble. Mdina a eu l'habitude d'\u00eatre et est encore la maison pour les familles nobles de Malte. Tout en marchant dans les rues \u00e9troites de Mdina, vous pouvez sentir l'atmosph\u00e8re intemporelle de son histoire riche et profiter des attractions culturelles et religieuses. Mdina reste une attraction historique primordiale \u00e0 Malte.<br \/>\nEn raison de son nombre limit\u00e9 de voitures autoris\u00e9es au sein de la ville, Mdina est aussi appel\u00e9 \u00a0\u00abThe Silent City\u00bb (la ville silencieuse). C'est un endroit parfait pour passer un apr\u00e8s-midi de d\u00e9tente ou une soir\u00e9e. La ville est construite dans le centre de l'\u00eele et offre un paysage magnifique \u00e0 travers l'\u00eele. Mdina est non seulement une ville touristique, mais elle attire aussi les populations locales pour d\u00eener dans un restaurant agr\u00e9able et m\u00e9di\u00e9val, pour prendre un caf\u00e9 dans l'une des caf\u00e9t\u00e9rias ou pour se d\u00e9tendre avec un verre de vin dans l'un des bars \u00e0 vins de la ville.<\/p>\n<h4>\n<strong>Sliema<\/strong><\/h4>\n<p>Sliema se trouve sur la c\u00f4te nord-est de Malte et comprend de nombreux centres commerciaux, restaurants et caf\u00e9t\u00e9rias. Sliema est la ville parfaite pour les accros du shopping. En particulier, le nouveau centre commercial Tigne Point qui poss\u00e8de des boutiques de mode avec des petites caf\u00e9t\u00e9rias. Sliema est la principale zone commerciale \u00e0 Malte et dispose de plusieurs h\u00f4tels et appartements modernes. Par cons\u00e9quent, il n'est pas surprenant que les touristes s\u00e9journant \u00e0 Sliema ont tendance \u00e0 rester dans la ville pendant toutes les vacances.<\/p>\n<p>Bien que Sliema manque de lieux \u00ab\u00a0clubbing\u00a0\u00bb, la ville comprend tout de m\u00eame des pubs, bars et bars \u00e0 vin pour boire un verre et profiter de votre temps avec des amis ou rencontrer de nouvelles personnes. Dans le cas o\u00f9 vous voulez vous promener, \u00abThe Strand\u00bb qui longe la c\u00f4te de Sliema est un grand espace pour se d\u00e9tendre et profiter de la belle vue panoramique \u00e0 la fois sur Sliema, sur le port de Marsamxett et sur La Valette qui se trouve de l'autre c\u00f4t\u00e9, tout en buvant une boisson fra\u00eeche ou un bon caf\u00e9. Tout en marchant le long du Strand, vous remarquerez les nombreuses croisi\u00e8res qui partent du port offertes par des soci\u00e9t\u00e9s diff\u00e9rentes. Certaines compagnies offrent des excursions nocturnes en bateau qui se transforment en une f\u00eate internationale sur la mer.<\/p>\n<p>&nbsp;<\/p>\n<\/div>\n<\/div>\n","protected":false},"excerpt":{"rendered":"Vie nocturne La vie nocturne \u00e0 Malte est tr\u00e8s dynamique et attire de nombreuses personnes de diff\u00e9rents\u00a0 \u00e2ges, nationalit\u00e9s et centres d\u2019int\u00e9r\u00eat. Les lieux de vie nocturne les plus populaires sont Bugibba, Sliema et Saint-Julian. Le centre le plus c\u00e9l\u00e8bre de la vie nocturne de Malte est \u00e0 Paceville, en Saint-Julian. A Paceville vous pouvez trouver une grande vari\u00e9t\u00e9 de&nbsp;<a href=\"https:\/\/aplusdmc.com\/fr\/nightlife-in-malta\/\" class=\"read-more\">Continue Reading<\/a>","protected":false},"author":4,"featured_media":0,"parent":0,"menu_order":0,"comment_status":"closed","ping_status":"closed","template":"","meta":{"_acf_changed":false,"footnotes":""},"class_list":["post-3501","page","type-page","status-publish","hentry"],"acf":[],"yoast_head":"<!-- This site is optimized with the Yoast SEO plugin v26.8 - https:\/\/yoast.com\/product\/yoast-seo-wordpress\/ -->\n<title>Vie nocturne - A+DMC<\/title>\n<meta name=\"robots\" content=\"index, follow, max-snippet:-1, max-image-preview:large, max-video-preview:-1\" \/>\n<link rel=\"canonical\" href=\"https:\/\/aplusdmc.com\/fr\/nightlife-in-malta\/\" \/>\n<meta property=\"og:locale\" content=\"fr_FR\" \/>\n<meta property=\"og:type\" content=\"article\" \/>\n<meta property=\"og:title\" content=\"Vie nocturne - A+DMC\" \/>\n<meta property=\"og:description\" content=\"Vie nocturne La vie nocturne \u00e0 Malte est tr\u00e8s dynamique et attire de nombreuses personnes de diff\u00e9rents\u00a0 \u00e2ges, nationalit\u00e9s et centres d\u2019int\u00e9r\u00eat. Les lieux de vie nocturne les plus populaires sont Bugibba, Sliema et Saint-Julian. Le centre le plus c\u00e9l\u00e8bre de la vie nocturne de Malte est \u00e0 Paceville, en Saint-Julian. A Paceville vous pouvez trouver une grande vari\u00e9t\u00e9 de&nbsp;Continue Reading\" \/>\n<meta property=\"og:url\" content=\"https:\/\/aplusdmc.com\/fr\/nightlife-in-malta\/\" \/>\n<meta property=\"og:site_name\" content=\"A+DMC\" \/>\n<meta property=\"article:modified_time\" content=\"2016-03-04T09:15:49+00:00\" \/>\n<meta name=\"twitter:card\" content=\"summary_large_image\" \/>\n<meta name=\"twitter:label1\" content=\"Dur\u00e9e de lecture estim\u00e9e\" \/>\n\t<meta name=\"twitter:data1\" content=\"4 minutes\" \/>\n<script type=\"application\/ld+json\" class=\"yoast-schema-graph\">{\"@context\":\"https:\/\/schema.org\",\"@graph\":[{\"@type\":\"WebPage\",\"@id\":\"https:\/\/aplusdmc.com\/fr\/nightlife-in-malta\/\",\"url\":\"https:\/\/aplusdmc.com\/fr\/nightlife-in-malta\/\",\"name\":\"Vie nocturne - A+DMC\",\"isPartOf\":{\"@id\":\"https:\/\/aplusdmc.com\/#website\"},\"datePublished\":\"2016-02-25T14:22:31+00:00\",\"dateModified\":\"2016-03-04T09:15:49+00:00\",\"breadcrumb\":{\"@id\":\"https:\/\/aplusdmc.com\/fr\/nightlife-in-malta\/#breadcrumb\"},\"inLanguage\":\"fr-FR\",\"potentialAction\":[{\"@type\":\"ReadAction\",\"target\":[\"https:\/\/aplusdmc.com\/fr\/nightlife-in-malta\/\"]}]},{\"@type\":\"BreadcrumbList\",\"@id\":\"https:\/\/aplusdmc.com\/fr\/nightlife-in-malta\/#breadcrumb\",\"itemListElement\":[{\"@type\":\"ListItem\",\"position\":1,\"name\":\"Home\",\"item\":\"https:\/\/aplusdmc.com\/fr\/\"},{\"@type\":\"ListItem\",\"position\":2,\"name\":\"Vie nocturne\"}]},{\"@type\":\"WebSite\",\"@id\":\"https:\/\/aplusdmc.com\/#website\",\"url\":\"https:\/\/aplusdmc.com\/\",\"name\":\"A+DMC\",\"description\":\"\",\"potentialAction\":[{\"@type\":\"SearchAction\",\"target\":{\"@type\":\"EntryPoint\",\"urlTemplate\":\"https:\/\/aplusdmc.com\/?s={search_term_string}\"},\"query-input\":{\"@type\":\"PropertyValueSpecification\",\"valueRequired\":true,\"valueName\":\"search_term_string\"}}],\"inLanguage\":\"fr-FR\"}]}<\/script>\n<!-- \/ Yoast SEO plugin. -->","yoast_head_json":{"title":"Vie nocturne - A+DMC","robots":{"index":"index","follow":"follow","max-snippet":"max-snippet:-1","max-image-preview":"max-image-preview:large","max-video-preview":"max-video-preview:-1"},"canonical":"https:\/\/aplusdmc.com\/fr\/nightlife-in-malta\/","og_locale":"fr_FR","og_type":"article","og_title":"Vie nocturne - A+DMC","og_description":"Vie nocturne La vie nocturne \u00e0 Malte est tr\u00e8s dynamique et attire de nombreuses personnes de diff\u00e9rents\u00a0 \u00e2ges, nationalit\u00e9s et centres d\u2019int\u00e9r\u00eat. Les lieux de vie nocturne les plus populaires sont Bugibba, Sliema et Saint-Julian. Le centre le plus c\u00e9l\u00e8bre de la vie nocturne de Malte est \u00e0 Paceville, en Saint-Julian. A Paceville vous pouvez trouver une grande vari\u00e9t\u00e9 de&nbsp;Continue Reading","og_url":"https:\/\/aplusdmc.com\/fr\/nightlife-in-malta\/","og_site_name":"A+DMC","article_modified_time":"2016-03-04T09:15:49+00:00","twitter_card":"summary_large_image","twitter_misc":{"Dur\u00e9e de lecture estim\u00e9e":"4 minutes"},"schema":{"@context":"https:\/\/schema.org","@graph":[{"@type":"WebPage","@id":"https:\/\/aplusdmc.com\/fr\/nightlife-in-malta\/","url":"https:\/\/aplusdmc.com\/fr\/nightlife-in-malta\/","name":"Vie nocturne - A+DMC","isPartOf":{"@id":"https:\/\/aplusdmc.com\/#website"},"datePublished":"2016-02-25T14:22:31+00:00","dateModified":"2016-03-04T09:15:49+00:00","breadcrumb":{"@id":"https:\/\/aplusdmc.com\/fr\/nightlife-in-malta\/#breadcrumb"},"inLanguage":"fr-FR","potentialAction":[{"@type":"ReadAction","target":["https:\/\/aplusdmc.com\/fr\/nightlife-in-malta\/"]}]},{"@type":"BreadcrumbList","@id":"https:\/\/aplusdmc.com\/fr\/nightlife-in-malta\/#breadcrumb","itemListElement":[{"@type":"ListItem","position":1,"name":"Home","item":"https:\/\/aplusdmc.com\/fr\/"},{"@type":"ListItem","position":2,"name":"Vie nocturne"}]},{"@type":"WebSite","@id":"https:\/\/aplusdmc.com\/#website","url":"https:\/\/aplusdmc.com\/","name":"A+DMC","description":"","potentialAction":[{"@type":"SearchAction","target":{"@type":"EntryPoint","urlTemplate":"https:\/\/aplusdmc.com\/?s={search_term_string}"},"query-input":{"@type":"PropertyValueSpecification","valueRequired":true,"valueName":"search_term_string"}}],"inLanguage":"fr-FR"}]}},"_links":{"self":[{"href":"https:\/\/aplusdmc.com\/fr\/wp-json\/wp\/v2\/pages\/3501","targetHints":{"allow":["GET"]}}],"collection":[{"href":"https:\/\/aplusdmc.com\/fr\/wp-json\/wp\/v2\/pages"}],"about":[{"href":"https:\/\/aplusdmc.com\/fr\/wp-json\/wp\/v2\/types\/page"}],"author":[{"embeddable":true,"href":"https:\/\/aplusdmc.com\/fr\/wp-json\/wp\/v2\/users\/4"}],"replies":[{"embeddable":true,"href":"https:\/\/aplusdmc.com\/fr\/wp-json\/wp\/v2\/comments?post=3501"}],"version-history":[{"count":1,"href":"https:\/\/aplusdmc.com\/fr\/wp-json\/wp\/v2\/pages\/3501\/revisions"}],"predecessor-version":[{"id":3502,"href":"https:\/\/aplusdmc.com\/fr\/wp-json\/wp\/v2\/pages\/3501\/revisions\/3502"}],"wp:attachment":[{"href":"https:\/\/aplusdmc.com\/fr\/wp-json\/wp\/v2\/media?parent=3501"}],"curies":[{"name":"wp","href":"https:\/\/api.w.org\/{rel}","templated":true}]}}