{"id":3491,"date":"2016-02-25T14:20:06","date_gmt":"2016-02-25T14:20:06","guid":{"rendered":"https:\/\/www.aplusdmc.com\/\/attractions-2\/"},"modified":"2016-03-04T09:03:56","modified_gmt":"2016-03-04T09:03:56","slug":"attractions","status":"publish","type":"page","link":"https:\/\/aplusdmc.com\/fr\/attractions\/","title":{"rendered":"Sites incontournables"},"content":{"rendered":"<h2 class=\"art-PostHeader\">Sites incontournables<\/h2>\n<div class=\"art-PostContent\">\n<div class=\"art-article\">\n<h4><strong>La Valette<\/strong><\/h4>\n<p>La capitale de Malte, La Valette, est l'un des principaux attraits de l'\u00eele et un must si vous passez vos vacances \u00e0 Malte. La ville est tr\u00e8s charmante et repr\u00e9sente un site du patrimoine mondial riche en histoire. L'architecture est tr\u00e8s impressionnante et les nombreux caf\u00e9s et bars invitent \u00e0 passer des moments d\u00e9tendus.<\/p>\n<h4><strong>Mdina<\/strong><\/h4>\n<p>Aujourd'hui Mdina est connu sous le nom de \u00ab\u00a0Silent City\u00a0\u00bb depuis peu, car seulement quelques voitures sont autoris\u00e9s \u00e0 p\u00e9n\u00e9trer dans la ville. C\u2019est l'ancienne capitale de Malte et elle a chang\u00e9 de nom plusieurs fois. La ville de Mdina est construite sur une colline, \u00e0 200m au-dessus du niveau de la mer et donc elle offre une belle vue sur les \u00eeles maltaises. La ville poss\u00e8de l'une des meilleures architectures normandes et baroques et est un bel exemple de ville ancienne avec des maisons impressionnantes le long de ses rues \u00e9troites.<\/p>\n<h4><strong>Les Trois Cit\u00e9s<\/strong><\/h4>\n<p>Les trois villes sont Vittoriosa, Senglea et Cospicua. Ici, les Chevaliers de Saint-Jean ont commenc\u00e9 leur premi\u00e8re colonie en pr\u00e9paration \u00e0 la d\u00e9fense des \u00eeles d'une attaque imminente turque au milieu du 16\u00e8me si\u00e8cle. En dehors de cette longue histoire, les f\u00eates religieuses sont c\u00e9l\u00e9br\u00e9es de mani\u00e8re tr\u00e8s color\u00e9 dans ces villes.<\/p>\n<h4><strong>Gozo et Comino<\/strong><\/h4>\n<p>Gozo et Comino sont les \u00eeles s\u0153urs de Malte et tr\u00e8s faciles \u00e0 atteindre par bateau en 25 minutes environ.<\/p>\n<p>Gozo diff\u00e8re de Malte par le fait que c\u2019est une \u00eele plus rurale et qu\u2019elle offre une culture et un style de vie diff\u00e9rents. Gozo repr\u00e9sente seulement un tiers de la taille de Malte avec 30000 habitants. Les villages sont tr\u00e8s calmes comme si le temps s\u2019arr\u00eatait. La capitale Victoria, \u00e9galement connu sous le nom de Rabat b\u00e9n\u00e9ficie d'une impressionnante citadelle et est plus vive que les villages. Ici aussi, un march\u00e9 hebdomadaire, It-Tokk, est tenu.<\/p>\n<p>Comino est la plus petite \u00eele, c\u2019est un endroit bien connu pour des activit\u00e9s telles que la plong\u00e9e, le snorkeling et la planche \u00e0 voile. Il n'y a pas de voitures ni d\u2019habitants mais seulement un h\u00f4tel. Le Blue Lagoon est l'attraction principale visit\u00e9e par les touristes, tr\u00e8s souvent en raison de ses envo\u00fbtantes couleurs bleues.<\/p>\n<h4><strong>La Grotte Bleue<\/strong><\/h4>\n<p>La Grotte Bleue est l'une des grottes les plus spectaculaires, c\u2019est l\u2019une des attractions touristiques bien connues dans le sud de Malte, qui devrait \u00eatre visit\u00e9 de pr\u00e9f\u00e9rence le matin car \u00e0 ce moment-l\u00e0 le soleil brille dans la grotte de telle sorte que l'eau prend une superbe couleur bleu turquoise. Elle est situ\u00e9 pr\u00e8s de Wied iz-Zurrieq, au sud de Iz-Zurrieq. Il y a \u00e9galement d'autres grottes qui peuvent \u00eatre visit\u00e9es. De l\u00e0, vous pouvez \u00e9galement voir l'\u00eele de Filfla qui est inhabit\u00e9e.<\/p>\n<h4><strong>Popeye Village<\/strong><\/h4>\n<p>Popeye village a \u00e9t\u00e9 construit pour le tournage du film \"Popeye\" dans les ann\u00e9es 1960. Maintenant, il est l'un des principaux attraits touristiques de Malte. Il propose diff\u00e9rentes activit\u00e9s pour les enfants et les adultes avec une \u00e2me d\u2019enfant. Dans Popeye Village, vous rencontrerez de nombreux personnages de dessins anim\u00e9s c\u00e9l\u00e8bres et vivrez les diff\u00e9rentes attractions telles que la ville jouets du P\u00e8re No\u00ebl. Tout en offrant diff\u00e9rents jeux \u00e9ducatifs et cr\u00e9atifs pour les enfants, le village poss\u00e8de aussi un centre aquatique, des magasins d'alimentation et une cave avec d\u00e9gustation de vin pour les adultes. Le Village de Popeye est d\u00e9finitivement un endroit pour passer une journ\u00e9e de d\u00e9tente avec toute la famille.<\/p>\n<h4><strong>Les temples m\u00e9galithiques<\/strong><\/h4>\n<p>Le temple autonome le plus ancien dans le monde entier se trouve sur l'\u00eele de Gozo et est appel\u00e9 Ggantija. Ce temple remonte \u00e0 5000 ans avant JC. Les temples m\u00e9galithiques de Malte font \u00e9galement partis des sites du patrimoine mondial de l\u2019UNESCO. Le temple de Hagar Qim est un temple o\u00f9 de nombreux vestiges datant de sa construction permettent de reconstruire certains styles de vie cette \u00e9poque.<br \/>\nMnajdra est un site complexe, constitu\u00e9 de trois temples qui sont construits sur une falaise surplombant l'\u00eele de Filfla. Le temple le plus ancien remonte \u00e0 3600-3200 avant JC. Ces temples montrent une excellente connaissance des techniques de construction et de fabrication.<br \/>\nLes temples de Tarxien sont connus pour leurs sculptures d\u00e9taill\u00e9es des animaux. Ces temples ont \u00e9t\u00e9 utilis\u00e9s pour des rituels diff\u00e9rents, y compris les sacrifices d'animaux.<\/p>\n<p>Enfin l'hypog\u00e9e de Hal-Saflieni est un lieu de culte et de s\u00e9pulture antique qui se trouve sous terre. Pour pr\u00e9server son climat interne, les visites sur ce site doivent \u00eatre pr\u00e9-r\u00e9serv\u00e9es car les places sont limit\u00e9es.<\/p>\n<h4><strong>L'\u00e9glise de Mosta<\/strong><\/h4>\n<p>La Rotonde (\u00e9glise de Sainte-Marie) \u00e0 Mosta est reli\u00e9e \u00e0 un miracle lors du retour de la Seconde Guerre mondiale\u00a0: une bombe a frapp\u00e9 l'\u00e9glise lors d'une messe sans exploser. En outre, cette \u00e9glise est pr\u00e9tendue \u00eatre le troisi\u00e8me plus grand d\u00f4me d'\u00e9glise en Europe.<\/p>\n<h4><strong>St Paul catacombes<\/strong><\/h4>\n<p>Les catacombes de St. Paul sont situ\u00e9s dans la banlieue de Mdina, \u00e0 Rabat. Ces catacombes sont les preuves les plus anciennes et la plus grande christianisme \u00e0 Malte et en sont un exemple typique des cimeti\u00e8res souterrains romains.<\/p>\n<h4><strong>Fort St Ange et Fort Rinella (la maison pour le plus grand canon du monde).<\/strong><\/h4>\n<p>Le fort Saint-Ange est situ\u00e9 sur la pointe de Birgu et a jou\u00e9 un r\u00f4le important dans l'histoire de Malte. Le fort a \u00e9t\u00e9 la propri\u00e9t\u00e9 de deux familles, De Guevara et De Nava, mais ils ont \u00e9t\u00e9 contraints de remettre le ch\u00e2teau aux chevaliers de Saint-Jean en 1530. Le ch\u00e2teau a ensuite \u00e9t\u00e9 restaur\u00e9 et transform\u00e9 en une forteresse. Le fort a servi dans de nombreuses guerres contre les envahisseurs musulmans, pendant le Grand Si\u00e8ge et en tant que si\u00e8ge du Grand Ma\u00eetre Jean Parisot de la Valette.<br \/>\nLe fort Rinella est le lieu de r\u00e9sidence du plus grand canon du monde, un \u00e9norme canon de 100 tonnes. Le fort a servi de point c\u00f4ti\u00e8r afin d\u2019observer l\u2019\u00e9ventuelle arriv\u00e9e des Britanniques pendant la Seconde Guerre mondiale. Aujourd'hui, le fort sert de mus\u00e9e, racontant des histoires sur la vie des garnisons britanniques et la fa\u00e7on dont le canon \u00e9norme a \u00e9t\u00e9 op\u00e9r\u00e9.<\/p>\n<h4><strong>Le falaises de Dingli<\/strong><\/h4>\n<p>Ces falaises spectaculaires offrent des vues spectaculaires parce qu'elles sont \u00e9lev\u00e9es \u00e0 environ 220 m. Les falaises peuvent \u00eatre une journ\u00e9e d\u2019excursion \u00e0 l\u2019ext\u00e9rieur, qui permet une exp\u00e9rience particuli\u00e8re.<\/p>\n<\/div>\n<\/div>\n","protected":false},"excerpt":{"rendered":"Sites incontournables La Valette La capitale de Malte, La Valette, est l'un des principaux attraits de l'\u00eele et un must si vous passez vos vacances \u00e0 Malte. La ville est tr\u00e8s charmante et repr\u00e9sente un site du patrimoine mondial riche en histoire. L'architecture est tr\u00e8s impressionnante et les nombreux caf\u00e9s et bars invitent \u00e0 passer des moments d\u00e9tendus. Mdina Aujourd'hui&nbsp;<a href=\"https:\/\/aplusdmc.com\/fr\/attractions\/\" class=\"read-more\">Continue Reading<\/a>","protected":false},"author":4,"featured_media":0,"parent":0,"menu_order":0,"comment_status":"closed","ping_status":"closed","template":"","meta":{"_acf_changed":false,"footnotes":""},"class_list":["post-3491","page","type-page","status-publish","hentry"],"acf":[],"yoast_head":"<!-- This site is optimized with the Yoast SEO plugin v26.8 - https:\/\/yoast.com\/product\/yoast-seo-wordpress\/ -->\n<title>Sites incontournables - A+DMC<\/title>\n<meta name=\"robots\" content=\"index, follow, max-snippet:-1, max-image-preview:large, max-video-preview:-1\" \/>\n<link rel=\"canonical\" href=\"https:\/\/aplusdmc.com\/fr\/attractions\/\" \/>\n<meta property=\"og:locale\" content=\"fr_FR\" \/>\n<meta property=\"og:type\" content=\"article\" \/>\n<meta property=\"og:title\" content=\"Sites incontournables - A+DMC\" \/>\n<meta property=\"og:description\" content=\"Sites incontournables La Valette La capitale de Malte, La Valette, est l&#039;un des principaux attraits de l&#039;\u00eele et un must si vous passez vos vacances \u00e0 Malte. La ville est tr\u00e8s charmante et repr\u00e9sente un site du patrimoine mondial riche en histoire. L&#039;architecture est tr\u00e8s impressionnante et les nombreux caf\u00e9s et bars invitent \u00e0 passer des moments d\u00e9tendus. Mdina Aujourd&#039;hui&nbsp;Continue Reading\" \/>\n<meta property=\"og:url\" content=\"https:\/\/aplusdmc.com\/fr\/attractions\/\" \/>\n<meta property=\"og:site_name\" content=\"A+DMC\" \/>\n<meta property=\"article:modified_time\" content=\"2016-03-04T09:03:56+00:00\" \/>\n<meta name=\"twitter:card\" content=\"summary_large_image\" \/>\n<meta name=\"twitter:label1\" content=\"Dur\u00e9e de lecture estim\u00e9e\" \/>\n\t<meta name=\"twitter:data1\" content=\"6 minutes\" \/>\n<script type=\"application\/ld+json\" class=\"yoast-schema-graph\">{\"@context\":\"https:\/\/schema.org\",\"@graph\":[{\"@type\":\"WebPage\",\"@id\":\"https:\/\/aplusdmc.com\/fr\/attractions\/\",\"url\":\"https:\/\/aplusdmc.com\/fr\/attractions\/\",\"name\":\"Sites incontournables - A+DMC\",\"isPartOf\":{\"@id\":\"https:\/\/aplusdmc.com\/#website\"},\"datePublished\":\"2016-02-25T14:20:06+00:00\",\"dateModified\":\"2016-03-04T09:03:56+00:00\",\"breadcrumb\":{\"@id\":\"https:\/\/aplusdmc.com\/fr\/attractions\/#breadcrumb\"},\"inLanguage\":\"fr-FR\",\"potentialAction\":[{\"@type\":\"ReadAction\",\"target\":[\"https:\/\/aplusdmc.com\/fr\/attractions\/\"]}]},{\"@type\":\"BreadcrumbList\",\"@id\":\"https:\/\/aplusdmc.com\/fr\/attractions\/#breadcrumb\",\"itemListElement\":[{\"@type\":\"ListItem\",\"position\":1,\"name\":\"Home\",\"item\":\"https:\/\/aplusdmc.com\/fr\/\"},{\"@type\":\"ListItem\",\"position\":2,\"name\":\"Sites incontournables\"}]},{\"@type\":\"WebSite\",\"@id\":\"https:\/\/aplusdmc.com\/#website\",\"url\":\"https:\/\/aplusdmc.com\/\",\"name\":\"A+DMC\",\"description\":\"\",\"potentialAction\":[{\"@type\":\"SearchAction\",\"target\":{\"@type\":\"EntryPoint\",\"urlTemplate\":\"https:\/\/aplusdmc.com\/?s={search_term_string}\"},\"query-input\":{\"@type\":\"PropertyValueSpecification\",\"valueRequired\":true,\"valueName\":\"search_term_string\"}}],\"inLanguage\":\"fr-FR\"}]}<\/script>\n<!-- \/ Yoast SEO plugin. -->","yoast_head_json":{"title":"Sites incontournables - A+DMC","robots":{"index":"index","follow":"follow","max-snippet":"max-snippet:-1","max-image-preview":"max-image-preview:large","max-video-preview":"max-video-preview:-1"},"canonical":"https:\/\/aplusdmc.com\/fr\/attractions\/","og_locale":"fr_FR","og_type":"article","og_title":"Sites incontournables - A+DMC","og_description":"Sites incontournables La Valette La capitale de Malte, La Valette, est l'un des principaux attraits de l'\u00eele et un must si vous passez vos vacances \u00e0 Malte. La ville est tr\u00e8s charmante et repr\u00e9sente un site du patrimoine mondial riche en histoire. L'architecture est tr\u00e8s impressionnante et les nombreux caf\u00e9s et bars invitent \u00e0 passer des moments d\u00e9tendus. Mdina Aujourd'hui&nbsp;Continue Reading","og_url":"https:\/\/aplusdmc.com\/fr\/attractions\/","og_site_name":"A+DMC","article_modified_time":"2016-03-04T09:03:56+00:00","twitter_card":"summary_large_image","twitter_misc":{"Dur\u00e9e de lecture estim\u00e9e":"6 minutes"},"schema":{"@context":"https:\/\/schema.org","@graph":[{"@type":"WebPage","@id":"https:\/\/aplusdmc.com\/fr\/attractions\/","url":"https:\/\/aplusdmc.com\/fr\/attractions\/","name":"Sites incontournables - A+DMC","isPartOf":{"@id":"https:\/\/aplusdmc.com\/#website"},"datePublished":"2016-02-25T14:20:06+00:00","dateModified":"2016-03-04T09:03:56+00:00","breadcrumb":{"@id":"https:\/\/aplusdmc.com\/fr\/attractions\/#breadcrumb"},"inLanguage":"fr-FR","potentialAction":[{"@type":"ReadAction","target":["https:\/\/aplusdmc.com\/fr\/attractions\/"]}]},{"@type":"BreadcrumbList","@id":"https:\/\/aplusdmc.com\/fr\/attractions\/#breadcrumb","itemListElement":[{"@type":"ListItem","position":1,"name":"Home","item":"https:\/\/aplusdmc.com\/fr\/"},{"@type":"ListItem","position":2,"name":"Sites incontournables"}]},{"@type":"WebSite","@id":"https:\/\/aplusdmc.com\/#website","url":"https:\/\/aplusdmc.com\/","name":"A+DMC","description":"","potentialAction":[{"@type":"SearchAction","target":{"@type":"EntryPoint","urlTemplate":"https:\/\/aplusdmc.com\/?s={search_term_string}"},"query-input":{"@type":"PropertyValueSpecification","valueRequired":true,"valueName":"search_term_string"}}],"inLanguage":"fr-FR"}]}},"_links":{"self":[{"href":"https:\/\/aplusdmc.com\/fr\/wp-json\/wp\/v2\/pages\/3491","targetHints":{"allow":["GET"]}}],"collection":[{"href":"https:\/\/aplusdmc.com\/fr\/wp-json\/wp\/v2\/pages"}],"about":[{"href":"https:\/\/aplusdmc.com\/fr\/wp-json\/wp\/v2\/types\/page"}],"author":[{"embeddable":true,"href":"https:\/\/aplusdmc.com\/fr\/wp-json\/wp\/v2\/users\/4"}],"replies":[{"embeddable":true,"href":"https:\/\/aplusdmc.com\/fr\/wp-json\/wp\/v2\/comments?post=3491"}],"version-history":[{"count":2,"href":"https:\/\/aplusdmc.com\/fr\/wp-json\/wp\/v2\/pages\/3491\/revisions"}],"predecessor-version":[{"id":3493,"href":"https:\/\/aplusdmc.com\/fr\/wp-json\/wp\/v2\/pages\/3491\/revisions\/3493"}],"wp:attachment":[{"href":"https:\/\/aplusdmc.com\/fr\/wp-json\/wp\/v2\/media?parent=3491"}],"curies":[{"name":"wp","href":"https:\/\/api.w.org\/{rel}","templated":true}]}}