{"id":3489,"date":"2016-02-25T14:18:12","date_gmt":"2016-02-25T14:18:12","guid":{"rendered":"https:\/\/www.aplusdmc.com\/\/art-culture-entertainment-2\/"},"modified":"2017-07-13T15:40:19","modified_gmt":"2017-07-13T14:40:19","slug":"art-culture-entertainment","status":"publish","type":"page","link":"https:\/\/aplusdmc.com\/fr\/art-culture-entertainment\/","title":{"rendered":"Art, Culture et divertissement"},"content":{"rendered":"<h2 class=\"art-PostHeader\">Art, Culture et divertissement<\/h2>\n<p style=\"text-align: justify;\">Malte est une ile riche d\u2019histoire et beaucoup d\u2019\u00e9v\u00e8nements, spectacles la relatent. En raison des diverses occupations qu\u2019a connu le pays, la culture est devenue tr\u00e8s riche et ce, encore aujourd\u2019hui. Dans chaque partie de Malte, Gozo et Comino, vous pourrez sentir l\u2019influence des diff\u00e9rentes cultures.<\/p>\n<p style=\"text-align: justify;\">La Co-cath\u00e9drale \"de St John\" \u00e0 La Valette est un bel endroit \u00e0 visiter et inclut \u00a0m\u00eame un mus\u00e9e qui offre une histoire int\u00e9ressante. En outre, \"le Palais du Grand-Maitre\" et le \"Auberge de la Provence\" avec \"le Mus\u00e9e d'Arch\u00e9ologie\" sont des sites \u00e0 visiter pour tous les int\u00e9ress\u00e9s par la culture.<\/p>\n<p style=\"text-align: justify;\">Plus loin, pour ressentir la culture maltaise, le \"Arlame\" est un des ev\u00e9nements que vous ne devriez pas manquer. C'est une reconstitution militaire du mandat de Malte par les troupes fran\u00e7aises.<\/p>\n<p style=\"text-align: justify;\">Au mus\u00e9e d'histoire, \"le Fort Rinella\", vous trouvez aussi une histoire tr\u00e8s active, pr\u00e9sent\u00e9e par des interpr\u00e8tes.<\/p>\n<p style=\"text-align: justify;\">Puis, \"In Guardia Parade\", l'inspection du fort et sa garnison par le Grand Huissier de l'Ordre des Chevaliers de St John \u00e9tant responsable d'affaires militaires. Ce spectacle a lieu au Fort st. Elmo.<\/p>\n<p style=\"text-align: justify;\">\"The Malta Experience\" est localis\u00e9e a la Valette et permet de comprendre la longue histoire maltaise en forme de commentaire qui est disponible dans 16 langues.<\/p>\n<p style=\"text-align: justify;\">En raison de l'augmentation du tourisme, l'industrie et l\u2019artisanat \u00e0 Malte sont devenue tr\u00e8s importante durant ces derni\u00e8res ann\u00e9es. Dans beaucoup de villages, on trouvera des stands qui montrent et vendent les fruits des travaux d'artisanat traditionnels du peuple maltais. \u00c0 Ta'Qali vous pouvez trouver un village o\u00f9 la plupart de la main d\u2019oeuvre fabriquent des souvenirs qui seront vendus.<\/p>\n<p style=\"text-align: justify;\">Si vous \u00eates particuli\u00e8rement int\u00e9ress\u00e9s par des arts visuels, il existe une s\u00e9lection d'Arts int\u00e9ressants dans le Mus\u00e9e des Beaux-Arts national \u00e0 la Valette.<\/p>\n<p style=\"text-align: justify;\">Vous trouverez un grand nombre d\u2019endroits \u00e0 Malte. Les endroits principaux de divertissement sont certainement st. Julian et Paceville, le point chaud pour faire la f\u00eate, quelle qu\u2019elle soit. De nombreux bars, clubs, des cin\u00e9mas, des casinos et des th\u00e9\u00e2tres \u00a0sont disponibles.<\/p>\n","protected":false},"excerpt":{"rendered":"Art, Culture et divertissement Malte est une ile riche d\u2019histoire et beaucoup d\u2019\u00e9v\u00e8nements, spectacles la relatent. En raison des diverses occupations qu\u2019a connu le pays, la culture est devenue tr\u00e8s riche et ce, encore aujourd\u2019hui. Dans chaque partie de Malte, Gozo et Comino, vous pourrez sentir l\u2019influence des diff\u00e9rentes cultures. La Co-cath\u00e9drale \"de St John\" \u00e0 La Valette est un&nbsp;<a href=\"https:\/\/aplusdmc.com\/fr\/art-culture-entertainment\/\" class=\"read-more\">Continue Reading<\/a>","protected":false},"author":4,"featured_media":0,"parent":0,"menu_order":0,"comment_status":"closed","ping_status":"closed","template":"","meta":{"_acf_changed":false,"footnotes":""},"class_list":["post-3489","page","type-page","status-publish","hentry"],"acf":[],"yoast_head":"<!-- This site is optimized with the Yoast SEO plugin v26.8 - https:\/\/yoast.com\/product\/yoast-seo-wordpress\/ -->\n<title>Art, Culture et divertissement - A+DMC<\/title>\n<meta name=\"robots\" content=\"index, follow, max-snippet:-1, max-image-preview:large, max-video-preview:-1\" \/>\n<link rel=\"canonical\" href=\"https:\/\/aplusdmc.com\/fr\/art-culture-entertainment\/\" \/>\n<meta property=\"og:locale\" content=\"fr_FR\" \/>\n<meta property=\"og:type\" content=\"article\" \/>\n<meta property=\"og:title\" content=\"Art, Culture et divertissement - A+DMC\" \/>\n<meta property=\"og:description\" content=\"Art, Culture et divertissement Malte est une ile riche d\u2019histoire et beaucoup d\u2019\u00e9v\u00e8nements, spectacles la relatent. En raison des diverses occupations qu\u2019a connu le pays, la culture est devenue tr\u00e8s riche et ce, encore aujourd\u2019hui. Dans chaque partie de Malte, Gozo et Comino, vous pourrez sentir l\u2019influence des diff\u00e9rentes cultures. La Co-cath\u00e9drale &quot;de St John&quot; \u00e0 La Valette est un&nbsp;Continue Reading\" \/>\n<meta property=\"og:url\" content=\"https:\/\/aplusdmc.com\/fr\/art-culture-entertainment\/\" \/>\n<meta property=\"og:site_name\" content=\"A+DMC\" \/>\n<meta property=\"article:modified_time\" content=\"2017-07-13T14:40:19+00:00\" \/>\n<meta name=\"twitter:card\" content=\"summary_large_image\" \/>\n<meta name=\"twitter:label1\" content=\"Dur\u00e9e de lecture estim\u00e9e\" \/>\n\t<meta name=\"twitter:data1\" content=\"2 minutes\" \/>\n<script type=\"application\/ld+json\" class=\"yoast-schema-graph\">{\"@context\":\"https:\/\/schema.org\",\"@graph\":[{\"@type\":\"WebPage\",\"@id\":\"https:\/\/aplusdmc.com\/fr\/art-culture-entertainment\/\",\"url\":\"https:\/\/aplusdmc.com\/fr\/art-culture-entertainment\/\",\"name\":\"Art, Culture et divertissement - A+DMC\",\"isPartOf\":{\"@id\":\"https:\/\/aplusdmc.com\/#website\"},\"datePublished\":\"2016-02-25T14:18:12+00:00\",\"dateModified\":\"2017-07-13T14:40:19+00:00\",\"breadcrumb\":{\"@id\":\"https:\/\/aplusdmc.com\/fr\/art-culture-entertainment\/#breadcrumb\"},\"inLanguage\":\"fr-FR\",\"potentialAction\":[{\"@type\":\"ReadAction\",\"target\":[\"https:\/\/aplusdmc.com\/fr\/art-culture-entertainment\/\"]}]},{\"@type\":\"BreadcrumbList\",\"@id\":\"https:\/\/aplusdmc.com\/fr\/art-culture-entertainment\/#breadcrumb\",\"itemListElement\":[{\"@type\":\"ListItem\",\"position\":1,\"name\":\"Home\",\"item\":\"https:\/\/aplusdmc.com\/fr\/\"},{\"@type\":\"ListItem\",\"position\":2,\"name\":\"Art, Culture et divertissement\"}]},{\"@type\":\"WebSite\",\"@id\":\"https:\/\/aplusdmc.com\/#website\",\"url\":\"https:\/\/aplusdmc.com\/\",\"name\":\"A+DMC\",\"description\":\"\",\"potentialAction\":[{\"@type\":\"SearchAction\",\"target\":{\"@type\":\"EntryPoint\",\"urlTemplate\":\"https:\/\/aplusdmc.com\/?s={search_term_string}\"},\"query-input\":{\"@type\":\"PropertyValueSpecification\",\"valueRequired\":true,\"valueName\":\"search_term_string\"}}],\"inLanguage\":\"fr-FR\"}]}<\/script>\n<!-- \/ Yoast SEO plugin. -->","yoast_head_json":{"title":"Art, Culture et divertissement - A+DMC","robots":{"index":"index","follow":"follow","max-snippet":"max-snippet:-1","max-image-preview":"max-image-preview:large","max-video-preview":"max-video-preview:-1"},"canonical":"https:\/\/aplusdmc.com\/fr\/art-culture-entertainment\/","og_locale":"fr_FR","og_type":"article","og_title":"Art, Culture et divertissement - A+DMC","og_description":"Art, Culture et divertissement Malte est une ile riche d\u2019histoire et beaucoup d\u2019\u00e9v\u00e8nements, spectacles la relatent. En raison des diverses occupations qu\u2019a connu le pays, la culture est devenue tr\u00e8s riche et ce, encore aujourd\u2019hui. Dans chaque partie de Malte, Gozo et Comino, vous pourrez sentir l\u2019influence des diff\u00e9rentes cultures. La Co-cath\u00e9drale \"de St John\" \u00e0 La Valette est un&nbsp;Continue Reading","og_url":"https:\/\/aplusdmc.com\/fr\/art-culture-entertainment\/","og_site_name":"A+DMC","article_modified_time":"2017-07-13T14:40:19+00:00","twitter_card":"summary_large_image","twitter_misc":{"Dur\u00e9e de lecture estim\u00e9e":"2 minutes"},"schema":{"@context":"https:\/\/schema.org","@graph":[{"@type":"WebPage","@id":"https:\/\/aplusdmc.com\/fr\/art-culture-entertainment\/","url":"https:\/\/aplusdmc.com\/fr\/art-culture-entertainment\/","name":"Art, Culture et divertissement - A+DMC","isPartOf":{"@id":"https:\/\/aplusdmc.com\/#website"},"datePublished":"2016-02-25T14:18:12+00:00","dateModified":"2017-07-13T14:40:19+00:00","breadcrumb":{"@id":"https:\/\/aplusdmc.com\/fr\/art-culture-entertainment\/#breadcrumb"},"inLanguage":"fr-FR","potentialAction":[{"@type":"ReadAction","target":["https:\/\/aplusdmc.com\/fr\/art-culture-entertainment\/"]}]},{"@type":"BreadcrumbList","@id":"https:\/\/aplusdmc.com\/fr\/art-culture-entertainment\/#breadcrumb","itemListElement":[{"@type":"ListItem","position":1,"name":"Home","item":"https:\/\/aplusdmc.com\/fr\/"},{"@type":"ListItem","position":2,"name":"Art, Culture et divertissement"}]},{"@type":"WebSite","@id":"https:\/\/aplusdmc.com\/#website","url":"https:\/\/aplusdmc.com\/","name":"A+DMC","description":"","potentialAction":[{"@type":"SearchAction","target":{"@type":"EntryPoint","urlTemplate":"https:\/\/aplusdmc.com\/?s={search_term_string}"},"query-input":{"@type":"PropertyValueSpecification","valueRequired":true,"valueName":"search_term_string"}}],"inLanguage":"fr-FR"}]}},"_links":{"self":[{"href":"https:\/\/aplusdmc.com\/fr\/wp-json\/wp\/v2\/pages\/3489","targetHints":{"allow":["GET"]}}],"collection":[{"href":"https:\/\/aplusdmc.com\/fr\/wp-json\/wp\/v2\/pages"}],"about":[{"href":"https:\/\/aplusdmc.com\/fr\/wp-json\/wp\/v2\/types\/page"}],"author":[{"embeddable":true,"href":"https:\/\/aplusdmc.com\/fr\/wp-json\/wp\/v2\/users\/4"}],"replies":[{"embeddable":true,"href":"https:\/\/aplusdmc.com\/fr\/wp-json\/wp\/v2\/comments?post=3489"}],"version-history":[{"count":2,"href":"https:\/\/aplusdmc.com\/fr\/wp-json\/wp\/v2\/pages\/3489\/revisions"}],"predecessor-version":[{"id":4156,"href":"https:\/\/aplusdmc.com\/fr\/wp-json\/wp\/v2\/pages\/3489\/revisions\/4156"}],"wp:attachment":[{"href":"https:\/\/aplusdmc.com\/fr\/wp-json\/wp\/v2\/media?parent=3489"}],"curies":[{"name":"wp","href":"https:\/\/api.w.org\/{rel}","templated":true}]}}