{"id":3483,"date":"2016-02-25T14:21:46","date_gmt":"2016-02-25T14:21:46","guid":{"rendered":"https:\/\/www.aplusdmc.com\/\/learning-a-language-in-malta-2\/"},"modified":"2017-07-13T15:39:40","modified_gmt":"2017-07-13T14:39:40","slug":"learning-a-language-in-malta","status":"publish","type":"page","link":"https:\/\/aplusdmc.com\/fr\/learning-a-language-in-malta\/","title":{"rendered":"Apprendre une langue \u00e0 Malte"},"content":{"rendered":"<h2 class=\"art-PostHeader\">Apprendre une langue \u00e0 Malte<\/h2>\n<p style=\"text-align: justify;\">Malte est tr\u00e8s populaire aupr\u00e8s des jeunes ainsi que des adultes en termes de l'apprentissage des langues. Non seulement la beaut\u00e9 de l'\u00eele ou la vie nocturne anim\u00e9e attirent des milliers de personnes chaque ann\u00e9e pour \u00e9tudier les langues \u00e0 Malte, mais aussi la grande offre d'environ 40 \u00e9coles diff\u00e9rentes avec des programmes multiples pour tous les go\u00fbts.<\/p>\n<p style=\"text-align: justify;\">Les \u00e9coles de langue \u00e0 Malte vont du haut de gamme au niveau international aux petites \u00e9coles intimes qui frappent chaque segment de cette industrie.<\/p>\n<p style=\"text-align: justify;\">Les \u00e9coles offrent des forfaits o\u00f9 le logement est offert, soit dans un h\u00f4tel \u00e0 proximit\u00e9, une auberge, une famille d'accueil ou un h\u00e9bergement sp\u00e9cial g\u00e9r\u00e9 par l'\u00e9cole pour les \u00e9l\u00e8ves de langue. Divers programmes de loisirs peuvent \u00eatre choisis et ceux-ci diff\u00e8rent d'une \u00e9cole \u00e0 l\u2019autre. Les activit\u00e9s peuvent \u00eatre sportives, par exemple des jeux de football, jusqu'aux activit\u00e9s de plong\u00e9e ou culturelle comme visiter, ainsi que des activit\u00e9s de team building pour encourager l'interaction sociale entre les \u00e9tudiants originaires de tous les endroits imaginables du monde.<\/p>\n<p style=\"text-align: justify;\">Des s\u00e9jours linguistiques sont offerts toute l'ann\u00e9e et sont \u00e9galement int\u00e9ressants au cours des mois d'hiver en raison de la douceur du climat et de l'\u00eele qui est encore assez anim\u00e9e.<br \/>\nIl est difficile de trouver une combinaison de tous les facteurs susmentionn\u00e9s ainsi que d'un environnement anglophone si proche du continent europ\u00e9en \u00e0 des prix abordables. La population maltaise parle un anglais facile \u00e0 comprendre ce qui en fait plus facile pour les d\u00e9butants de langue pour interagir avec les gens du pays.<\/p>\n<div class=\"art-PostContent\">\n<div class=\"art-article\">\n<p style=\"text-align: justify;\">\n<\/div>\n<\/div>\n","protected":false},"excerpt":{"rendered":"Apprendre une langue \u00e0 Malte Malte est tr\u00e8s populaire aupr\u00e8s des jeunes ainsi que des adultes en termes de l'apprentissage des langues. Non seulement la beaut\u00e9 de l'\u00eele ou la vie nocturne anim\u00e9e attirent des milliers de personnes chaque ann\u00e9e pour \u00e9tudier les langues \u00e0 Malte, mais aussi la grande offre d'environ 40 \u00e9coles diff\u00e9rentes avec des programmes multiples pour&nbsp;<a href=\"https:\/\/aplusdmc.com\/fr\/learning-a-language-in-malta\/\" class=\"read-more\">Continue Reading<\/a>","protected":false},"author":4,"featured_media":0,"parent":0,"menu_order":0,"comment_status":"closed","ping_status":"closed","template":"","meta":{"_acf_changed":false,"footnotes":""},"class_list":["post-3483","page","type-page","status-publish","hentry"],"acf":[],"yoast_head":"<!-- This site is optimized with the Yoast SEO plugin v26.8 - https:\/\/yoast.com\/product\/yoast-seo-wordpress\/ -->\n<title>Apprendre une langue \u00e0 Malte - A+DMC<\/title>\n<meta name=\"robots\" content=\"index, follow, max-snippet:-1, max-image-preview:large, max-video-preview:-1\" \/>\n<link rel=\"canonical\" href=\"https:\/\/aplusdmc.com\/fr\/learning-a-language-in-malta\/\" \/>\n<meta property=\"og:locale\" content=\"fr_FR\" \/>\n<meta property=\"og:type\" content=\"article\" \/>\n<meta property=\"og:title\" content=\"Apprendre une langue \u00e0 Malte - A+DMC\" \/>\n<meta property=\"og:description\" content=\"Apprendre une langue \u00e0 Malte Malte est tr\u00e8s populaire aupr\u00e8s des jeunes ainsi que des adultes en termes de l&#039;apprentissage des langues. Non seulement la beaut\u00e9 de l&#039;\u00eele ou la vie nocturne anim\u00e9e attirent des milliers de personnes chaque ann\u00e9e pour \u00e9tudier les langues \u00e0 Malte, mais aussi la grande offre d&#039;environ 40 \u00e9coles diff\u00e9rentes avec des programmes multiples pour&nbsp;Continue Reading\" \/>\n<meta property=\"og:url\" content=\"https:\/\/aplusdmc.com\/fr\/learning-a-language-in-malta\/\" \/>\n<meta property=\"og:site_name\" content=\"A+DMC\" \/>\n<meta property=\"article:modified_time\" content=\"2017-07-13T14:39:40+00:00\" \/>\n<meta name=\"twitter:card\" content=\"summary_large_image\" \/>\n<meta name=\"twitter:label1\" content=\"Dur\u00e9e de lecture estim\u00e9e\" \/>\n\t<meta name=\"twitter:data1\" content=\"1 minute\" \/>\n<script type=\"application\/ld+json\" class=\"yoast-schema-graph\">{\"@context\":\"https:\/\/schema.org\",\"@graph\":[{\"@type\":\"WebPage\",\"@id\":\"https:\/\/aplusdmc.com\/fr\/learning-a-language-in-malta\/\",\"url\":\"https:\/\/aplusdmc.com\/fr\/learning-a-language-in-malta\/\",\"name\":\"Apprendre une langue \u00e0 Malte - A+DMC\",\"isPartOf\":{\"@id\":\"https:\/\/aplusdmc.com\/#website\"},\"datePublished\":\"2016-02-25T14:21:46+00:00\",\"dateModified\":\"2017-07-13T14:39:40+00:00\",\"breadcrumb\":{\"@id\":\"https:\/\/aplusdmc.com\/fr\/learning-a-language-in-malta\/#breadcrumb\"},\"inLanguage\":\"fr-FR\",\"potentialAction\":[{\"@type\":\"ReadAction\",\"target\":[\"https:\/\/aplusdmc.com\/fr\/learning-a-language-in-malta\/\"]}]},{\"@type\":\"BreadcrumbList\",\"@id\":\"https:\/\/aplusdmc.com\/fr\/learning-a-language-in-malta\/#breadcrumb\",\"itemListElement\":[{\"@type\":\"ListItem\",\"position\":1,\"name\":\"Home\",\"item\":\"https:\/\/aplusdmc.com\/fr\/\"},{\"@type\":\"ListItem\",\"position\":2,\"name\":\"Apprendre une langue \u00e0 Malte\"}]},{\"@type\":\"WebSite\",\"@id\":\"https:\/\/aplusdmc.com\/#website\",\"url\":\"https:\/\/aplusdmc.com\/\",\"name\":\"A+DMC\",\"description\":\"\",\"potentialAction\":[{\"@type\":\"SearchAction\",\"target\":{\"@type\":\"EntryPoint\",\"urlTemplate\":\"https:\/\/aplusdmc.com\/?s={search_term_string}\"},\"query-input\":{\"@type\":\"PropertyValueSpecification\",\"valueRequired\":true,\"valueName\":\"search_term_string\"}}],\"inLanguage\":\"fr-FR\"}]}<\/script>\n<!-- \/ Yoast SEO plugin. -->","yoast_head_json":{"title":"Apprendre une langue \u00e0 Malte - A+DMC","robots":{"index":"index","follow":"follow","max-snippet":"max-snippet:-1","max-image-preview":"max-image-preview:large","max-video-preview":"max-video-preview:-1"},"canonical":"https:\/\/aplusdmc.com\/fr\/learning-a-language-in-malta\/","og_locale":"fr_FR","og_type":"article","og_title":"Apprendre une langue \u00e0 Malte - A+DMC","og_description":"Apprendre une langue \u00e0 Malte Malte est tr\u00e8s populaire aupr\u00e8s des jeunes ainsi que des adultes en termes de l'apprentissage des langues. Non seulement la beaut\u00e9 de l'\u00eele ou la vie nocturne anim\u00e9e attirent des milliers de personnes chaque ann\u00e9e pour \u00e9tudier les langues \u00e0 Malte, mais aussi la grande offre d'environ 40 \u00e9coles diff\u00e9rentes avec des programmes multiples pour&nbsp;Continue Reading","og_url":"https:\/\/aplusdmc.com\/fr\/learning-a-language-in-malta\/","og_site_name":"A+DMC","article_modified_time":"2017-07-13T14:39:40+00:00","twitter_card":"summary_large_image","twitter_misc":{"Dur\u00e9e de lecture estim\u00e9e":"1 minute"},"schema":{"@context":"https:\/\/schema.org","@graph":[{"@type":"WebPage","@id":"https:\/\/aplusdmc.com\/fr\/learning-a-language-in-malta\/","url":"https:\/\/aplusdmc.com\/fr\/learning-a-language-in-malta\/","name":"Apprendre une langue \u00e0 Malte - A+DMC","isPartOf":{"@id":"https:\/\/aplusdmc.com\/#website"},"datePublished":"2016-02-25T14:21:46+00:00","dateModified":"2017-07-13T14:39:40+00:00","breadcrumb":{"@id":"https:\/\/aplusdmc.com\/fr\/learning-a-language-in-malta\/#breadcrumb"},"inLanguage":"fr-FR","potentialAction":[{"@type":"ReadAction","target":["https:\/\/aplusdmc.com\/fr\/learning-a-language-in-malta\/"]}]},{"@type":"BreadcrumbList","@id":"https:\/\/aplusdmc.com\/fr\/learning-a-language-in-malta\/#breadcrumb","itemListElement":[{"@type":"ListItem","position":1,"name":"Home","item":"https:\/\/aplusdmc.com\/fr\/"},{"@type":"ListItem","position":2,"name":"Apprendre une langue \u00e0 Malte"}]},{"@type":"WebSite","@id":"https:\/\/aplusdmc.com\/#website","url":"https:\/\/aplusdmc.com\/","name":"A+DMC","description":"","potentialAction":[{"@type":"SearchAction","target":{"@type":"EntryPoint","urlTemplate":"https:\/\/aplusdmc.com\/?s={search_term_string}"},"query-input":{"@type":"PropertyValueSpecification","valueRequired":true,"valueName":"search_term_string"}}],"inLanguage":"fr-FR"}]}},"_links":{"self":[{"href":"https:\/\/aplusdmc.com\/fr\/wp-json\/wp\/v2\/pages\/3483","targetHints":{"allow":["GET"]}}],"collection":[{"href":"https:\/\/aplusdmc.com\/fr\/wp-json\/wp\/v2\/pages"}],"about":[{"href":"https:\/\/aplusdmc.com\/fr\/wp-json\/wp\/v2\/types\/page"}],"author":[{"embeddable":true,"href":"https:\/\/aplusdmc.com\/fr\/wp-json\/wp\/v2\/users\/4"}],"replies":[{"embeddable":true,"href":"https:\/\/aplusdmc.com\/fr\/wp-json\/wp\/v2\/comments?post=3483"}],"version-history":[{"count":4,"href":"https:\/\/aplusdmc.com\/fr\/wp-json\/wp\/v2\/pages\/3483\/revisions"}],"predecessor-version":[{"id":4153,"href":"https:\/\/aplusdmc.com\/fr\/wp-json\/wp\/v2\/pages\/3483\/revisions\/4153"}],"wp:attachment":[{"href":"https:\/\/aplusdmc.com\/fr\/wp-json\/wp\/v2\/media?parent=3483"}],"curies":[{"name":"wp","href":"https:\/\/api.w.org\/{rel}","templated":true}]}}