{"id":3479,"date":"2016-02-25T14:16:38","date_gmt":"2016-02-25T14:16:38","guid":{"rendered":"https:\/\/www.aplusdmc.com\/\/tourist-information-2\/"},"modified":"2016-03-03T14:06:10","modified_gmt":"2016-03-03T14:06:10","slug":"tourist-information","status":"publish","type":"page","link":"https:\/\/aplusdmc.com\/fr\/tourist-information\/","title":{"rendered":"Information utile"},"content":{"rendered":"<h2 class=\"art-PostHeader\">Information utile<\/h2>\n<div class=\"art-PostContent\">\n<div class=\"art-article\">\n<h4><strong>Accessibilit\u00e9<\/strong><\/h4>\n<p>Depuis que Malte est une \u00eele, le pays est tr\u00e8s limit\u00e9 quand il s'agit de l'accessibilit\u00e9. Pour les touristes qui souhaitent visiter nos \u00eeles, il y a deux principales options pour atteindre les \u00eeles\u00a0: par la mer et par air.<\/p>\n<p>L'industrie des bateaux de croisi\u00e8re a augment\u00e9 rapidement au cours des 5 derni\u00e8res ann\u00e9es. Une moyenne de 210 paquebots de croisi\u00e8re visitent les \u00eeles maltaises tout au long de l'ann\u00e9e. Cela est d\u00fb \u00e0 l'important investissement dans l'infrastructure portuaire qui a \u00e9t\u00e9 fait afin de rendre plus facile l\u2019acc\u00e8s aux \u00eeles maltaises pour les paquebots de croisi\u00e8re. Outre, les navires de croisi\u00e8re \u00e0 Malte sont \u00e9galement li\u00e9s \u00e0 l'Europe continentale par le biais de divers traversiers qui vont principalement vers la Sicile et l'Italie continentale.<\/p>\n<p>Quand il s'agit de voyager par voie a\u00e9rienne, Malte a ouvert ses portes pour les compagnies a\u00e9riennes low cost telles que Easy Jet et Ryanair qui sont tr\u00e8s populaires aupr\u00e8s des touristes. Ces compagnies a\u00e9riennes op\u00e8rent sur une base quotidienne dans tous les coins d\u2019Europe, du Royaume-Uni \u00e0 Malte. Ce type de d\u00e9placement est de plus en plus populaire aupr\u00e8s des touristes visitant les \u00eeles.<br \/>\nEn dehors de ces compagnies a\u00e9riennes low cost, de grandes compagnies a\u00e9riennes europ\u00e9ennes desservent la ville de Malte rendant ainsi facile de trouver un vol rapide et rentable pour l'archipel maltais.<br \/>\nMalte poss\u00e8de aussi sa propre compagnie a\u00e9rienne - Air Malta. Air Malta propose des vols vers tous les grands a\u00e9roports \u00e0 travers l'Europe et l'Afrique du Nord. Les transporteurs nationaux partagent \u00e9galement des places avec les grandes compagnies a\u00e9riennes europ\u00e9ennes comme Lufthansa et Austrian Airlines.<\/p>\n<h4><strong>Visas d'entr\u00e9e<\/strong><\/h4>\n<p>Malte a ratifi\u00e9 l'accord de Schengen en 2004 facilitant ainsi l'entr\u00e9e dans les \u00eeles pour les autres Etats membres de Schengen. Pour les non-Etats membres de Schengen l'obligation de visa peut \u00eatre trouv\u00e9e ici: Lien vers <a href=\"http:\/\/foreignaffairs.gov.mt\/\">http:\/\/foreignaffairs.gov.mt\/<\/a>.<\/p>\n<h4><strong>Repr\u00e9sentation diplomatique \/ Ambassades<\/strong><\/h4>\n<p>Malte a conclu des accords diplomatiques avec de nombreux \u00c9tats \u00e0 travers le monde. Ceux-ci ont une repr\u00e9sentation directe \u00e0 Malte ou sont manipul\u00e9s par le plus proche ambassade dans les grands Etats europ\u00e9ens. Une liste d\u00e9taill\u00e9e peut \u00eatre trouv\u00e9e sur ce site: <a href=\"http:\/\/foreignaffairs.gov.mt\/.\">http:\/\/foreignaffairs.gov.mt\/.<\/a><\/p>\n<h4><strong>Eau et \u00e9lectricit\u00e9<\/strong><\/h4>\n<p>Etant une \u00eele, l'eau est une ressource rare sur les \u00eeles maltaises. L'eau du robinet est en fait dans la plupart des cas g\u00e9n\u00e9r\u00e9s par les usines de dessalement - l'eau du robinet est bonne pour le lavage, le brossage des dents, la cuisson du th\u00e9 \/ caf\u00e9, mais comme boisson il est conseill\u00e9 d\u2019acheter des bouteilles d\u2019eau que vous retrouverez partout sur les \u00eeles.<\/p>\n<p>La fourniture d'\u00e9lectricit\u00e9 \u00e0 Malte est de 230 volts + \/ - 10%. La fr\u00e9quence de cette offre est d'environ 50 hertz. A Malte, le syst\u00e8me de la prise 3 broches (commune partout au Royaume-Uni) est utilis\u00e9 mais, cependant, des adaptateurs vers d'autres syst\u00e8mes couramment utilis\u00e9s sont disponibles dans la plupart des h\u00f4tels et peuvent \u00eatre achet\u00e9s dans les magasins de proximit\u00e9, nombreux \u00e0 travers les \u00eeles.<\/p>\n<h4><strong>Banques et syst\u00e8me de sant\u00e9<\/strong><\/h4>\n<p>Apr\u00e8s avoir eu notre propre monnaie pendant plusieurs d\u00e9cennies, le 1er Janvier 2008, Malte a d\u00fb changer sa monnaie pour l'euro. Cela \u00e9tait d\u00fb au fait que le 1er mai 2004, Malte a rejoint l'Union europ\u00e9enne.<br \/>\nQuand il s'agit de banques \u00e0 Malte, il y a 5 principales banques. Ce sont HSBC, Bank of Valletta, Banif Banque, Lombard Bank et Banque APS. Ces banques ont des succursales partout dans les \u00eeles. Cette forte densit\u00e9 de banques permet aux touristes d'effectuer leurs transactions n\u00e9cessaires, toutes les principales cartes de cr\u00e9dit sont accept\u00e9es.<\/p>\n<p>Mis \u00e0 part les banques, Malte a de nombreux bureaux de change, dont la plupart sont ouverts 24 heures sur 24, 7 jours par semaine.<\/p>\n<p>La majorit\u00e9 des h\u00f4tels, boutiques et restaurants \u00e0 Malte acceptent toutes les principales cartes de cr\u00e9dit. Presque tous les h\u00f4tels acceptent \u00e9galement le paiement avec des devises \u00e9trang\u00e8res mais dans la plupart des cas ils appliquent une charge de taux de change. Toutefois, dans n'importe quel coin de Malte, seulement l'euro peut \u00eatre utilis\u00e9 comme m\u00e9thode de paiement en esp\u00e8ces. Presque aucun des restaurants et magasins acceptent les devises \u00e9trang\u00e8res.<\/p>\n<p>Comme dans tous les pays europ\u00e9ens on ne peut pas entrer avec plus de \u20ac 10.000 en esp\u00e8ces sans en aviser les services douaniers respectifs.<\/p>\n<h4><strong>Syst\u00e8me de sant\u00e9<\/strong><\/h4>\n<p>Malte dispose d'un bon syst\u00e8me de sant\u00e9 public. Avec un nouveau et moderne h\u00f4pital public (Mater Dei <a href=\"http:\/\/health.gov.mt\/\">http:\/\/health.gov.mt\/<\/a>) tous les types de blessures et de grandes op\u00e9rations peuvent \u00eatre trait\u00e9s dans cet h\u00f4pital. Avec la carte europ\u00e9enne d\u2019assurance de maladie (CEAM), les visiteurs \u00e0 destination de Malte peuvent b\u00e9n\u00e9ficier d'un traitement de soins de sant\u00e9 sur une base r\u00e9ciproque mais cela exclut tout traitement dans les h\u00f4pitaux priv\u00e9s ou les cliniques non g\u00e9r\u00e9es par le gouvernement. En dehors de\u00a0 son h\u00f4pital public, Malte a \u00e9galement plusieurs h\u00f4pitaux priv\u00e9s qui offrent des traitements esth\u00e9tiques ainsi que d'autres traitements n\u00e9cessaires \u00e0 l'exclusion des op\u00e9rations majeures.<\/p>\n<p>Avec une assurance m\u00e9dicale de voyage des services de sant\u00e9 plus intimes sont \u00e9galement disponibles en fonction du contrat sign\u00e9.<\/p>\n<p>Toutes les pharmacies \u00e0 Malte sont ouvertes de 9 heures \u00e0 13 heures et de nouveau de 16 heures \u00e0 19 heures. Ces heures s'appliquent du lundi au samedi. Cependant, le dimanche, une pharmacie de garde dans presque chaque ville et village \u00e0 Malte est ouverte de 7h30 \u00e0 11 heures.<\/p>\n<h4><strong>Climat, nager et bronzer<\/strong><\/h4>\n<p>Avec son climat m\u00e9diterran\u00e9en subtropical, Malte a des hivers doux et des \u00e9t\u00e9s chauds. Durant la courte saison d'hiver, entre D\u00e9cembre et Mars, la moyenne climatique est de 14,5 degr\u00e9s Celsius. Les mois les plus froids sont Janvier et F\u00e9vrier o\u00f9 les temp\u00e9ratures peuvent descendre \u00e0 5-6 degr\u00e9s Celsius. La chute moyenne de pluie par mois pour cette p\u00e9riode est d'environ 88 mm. Le<br \/>\nPrintemps \u00e0 Malte est g\u00e9n\u00e9ralement tr\u00e8s chaud avec des temp\u00e9ratures moyennes de 20 degr\u00e9s Celsius. Les pr\u00e9cipitations moyennes par mois pour cette saison sont d'environ 25mm.<br \/>\nL'\u00e9t\u00e9 \u00e0 Malte est tr\u00e8s chaud et sec avec des temp\u00e9ratures allant jusqu'\u00e0 40 degr\u00e9s en Ao\u00fbt. Toutefois, la temp\u00e9rature moyenne pour cette p\u00e9riode est de 31 degr\u00e9s avec tr\u00e8s peu de pr\u00e9cipitations.<br \/>\nIl faut dire que m\u00eame si les temp\u00e9ratures sont tr\u00e8s \u00e9lev\u00e9es en \u00e9t\u00e9 la plupart du temps il y a une brise marine venant du nord et refroidissant l\u00e9g\u00e8rement.<\/p>\n<p>Malte n'a pas vraiment d\u2019automne car les temp\u00e9ratures \u00e9lev\u00e9es poursuivent m\u00eame pendant Septembre et Octobre\u00a0; les temp\u00e9ratures moyennes en cette p\u00e9riode sont de 27 degr\u00e9s. Toutefois, les pr\u00e9cipitations moyennes par mois sur cette p\u00e9riode sont de 60.5mm.<br \/>\nAvec un tel climat, la natation et les bains de soleil sont bien entendus possible de nombreux mois par an.<\/p>\n<p>Malte offre une grande vari\u00e9t\u00e9 de plages allant de petits plages de sable isol\u00e9es \u00e0 de grandes plages de sable dans le nord des \u00eeles, id\u00e9ales pour les familles, ainsi que de nombreuses plages rocheuses dans les zones centrales avec une mer bleu cristal. Quand il s'agit de bains de soleil, les \u00eeles maltaises offrent pr\u00e8s de 3000 heures d'ensoleillement par an, l'un des plus grands nombres en Europe. Il faut garder \u00e0 l'esprit que l\u2019indice U.V. peut \u00eatre tr\u00e8s \u00e9lev\u00e9 dans la p\u00e9riode de pointe estivale, il faut donc prendre des pr\u00e9cautions pour les enfants mais \u00e9galement pour les adultes, en \u00e9vitant par exemple l'exposition au soleil de 11 heures \u00e0 14 heures et en appliquant de la cr\u00e8me solaire pour prot\u00e9ger la peau.<\/p>\n<h4><strong>Langue<\/strong><\/h4>\n<p>Les langues officielles sont le maltais et l\u2019anglais. La plupart des Maltais sont bilingue et connaissent\u00a0 d'autres langues en dehors de celles-ci. L\u2019italien, le fran\u00e7ais et l\u2019allemand sont tr\u00e8s souvent parl\u00e9s dans les h\u00f4tels et le secteur du tourisme et des visites guid\u00e9es dans d\u2019autres langues sont \u00e9galement offertes.<br \/>\nLa langue maltaise descend de la langue s\u00e9mitique et est la seule langue bas\u00e9e sur le s\u00e9mitique qui est \u00e9crite avec des caract\u00e8res latins. M\u00eame si la base de la langue est s\u00e9mitique, beaucoup de mots anglais, italien et fran\u00e7ais peuvent \u00eatre trouv\u00e9s dans le vocabulaire maltais.<\/p>\n<h4><strong>Jours f\u00e9ri\u00e9s<\/strong><\/h4>\n<p>Malte est l\u2019un des pays avec le plus de jours f\u00e9ri\u00e9s sur l'ann\u00e9e parmi tous les pays d'Europe, avec un total de 14 jours f\u00e9ri\u00e9s qui sont un m\u00e9lange de f\u00eates religieuses et de f\u00eates nationales.<\/p>\n<p>Les 14 jours f\u00e9ri\u00e9s sont les suivants (lien vers la page nouvelle)<\/p>\n<ul>\n<li>1er Janvier - Jour de l'An<\/li>\n<li>10 F\u00e9vrier - naufrage de St Paul<\/li>\n<li>19 Mars - Saint-Joseph<\/li>\n<li>31 Mars - Journ\u00e9e de la libert\u00e9<\/li>\n<li>Mars \/ Avril (la date change) - Vendredi Saint<\/li>\n<li>1er mai - F\u00eate du Travail<\/li>\n<li>7 Juin - Sette Giugno<\/li>\n<li>29 Juin - St Pierre et St Paul (L-Imnarja)<\/li>\n<li>15 Ao\u00fbt - L'Assomption (Santa Marija)<\/li>\n<li>8 Septembre - Notre-Dame des Victoires<\/li>\n<li>21 Septembre - Jour de l'Ind\u00e9pendance<\/li>\n<li>8 D\u00e9cembre - Immacul\u00e9e Conception<\/li>\n<li>13 D\u00e9cembre - F\u00eate de la R\u00e9publique<\/li>\n<li>25 D\u00e9cembre - Jour de No\u00ebl<\/li>\n<\/ul>\n<h4><strong>Religion<\/strong><\/h4>\n<p>La religion officielle de Malte est catholique romaine, qui est aussi enseign\u00e9 aux enfants d\u00e8s le plus\u00a0 jeune \u00e2ge \u00e0 l'\u00e9cole et dans les communaut\u00e9s religieuses. L'ap\u00f4tre Paul qui, dit-on \u00e9chou\u00e9 \u00e0 Malte \u00e9tait la personne \u00e0 injecter la croyance catholique dans les \u00eeles.<\/p>\n<p>Malte a une histoire, ce qui explique le fait que ce soit un pays tr\u00e8s religieux. Ceci est clairement d\u00e9montr\u00e9 par les centaines d'\u00e9glises qui sont r\u00e9parties autour de l'\u00eele. Juste La Valette dispose \u00e0 elle seule, de 24 \u00e9glises et une Co-Cath\u00e9drale. Il est dit que Malte dispose d'une \u00e9glise pour chaque jour de l'ann\u00e9e.<\/p>\n<p>Les \u00e9glises catholiques romaines \u00e0 Malte sont ouvertes toute la journ\u00e9e avec des services qui ont lieu dans la matin\u00e9e et le soir, toute la semaine.<\/p>\n<p>La Cath\u00e9drale de Saint-Jean situ\u00e9 \u00e0 La Valette est tr\u00e8s bien connue pour sa beaut\u00e9 et ses peintures du Caravage.<br \/>\nMis \u00e0 part les \u00e9glises catholiques romaines il y a aussi d'autres confessions plus importantes \u00e0 Malte.<\/p>\n<h4><strong>Num\u00e9ros de t\u00e9l\u00e9phone utiles\u00a0<\/strong><\/h4>\n<ul>\n<li>ambulance 112<\/li>\n<li>la protection des consommateurs 21250221<\/li>\n<li>Code de num\u00e9rotation directe (Malte) +356<\/li>\n<li>R\u00e9pertoire de renseignements 1182<\/li>\n<li>R\u00e9pertoire de renseignements (Go Mobile) 1187<\/li>\n<li>R\u00e9pertoire de renseignements (Vodafone) 1189<\/li>\n<li>Service d\u2019urgence 112<\/li>\n<li>Sauvetage d'urgence par h\u00e9licopt\u00e8re\u00a0 21244371<\/li>\n<li>Sauvetage d\u2019urgence par bateau de patrouille 21238797<\/li>\n<li>Services d'urgence v\u00e9t\u00e9rinaire 50043888<\/li>\n<li>Pompiers 112<\/li>\n<li>Num\u00e9ro d'information pour les vols a\u00e9riens 52302000 (tarif par appel \u20ac 1,00) *<\/li>\n<li>Service d'information du gouvernement 153<\/li>\n<li>Gozo Channel Co. Ltd 21556114<\/li>\n<li>H\u00f4pital - Gozo 21561600<\/li>\n<li>H\u00f4pital - Malte 25450000<\/li>\n<li>Code international 00<\/li>\n<li>Objets trouv\u00e9s 21224781<\/li>\n<li>Op\u00e9rateur d'outre-mer 1152<\/li>\n<li>Bureau des passeports - Gozo 21560770<\/li>\n<li>Bureau des passeports - Malte 21222286<\/li>\n<li>La police 21224001-7<\/li>\n<li>v\u00e9rification temps 195<\/li>\n<\/ul>\n<\/div>\n<\/div>\n","protected":false},"excerpt":{"rendered":"Information utile Accessibilit\u00e9 Depuis que Malte est une \u00eele, le pays est tr\u00e8s limit\u00e9 quand il s'agit de l'accessibilit\u00e9. Pour les touristes qui souhaitent visiter nos \u00eeles, il y a deux principales options pour atteindre les \u00eeles\u00a0: par la mer et par air. L'industrie des bateaux de croisi\u00e8re a augment\u00e9 rapidement au cours des 5 derni\u00e8res ann\u00e9es. Une moyenne de&nbsp;<a href=\"https:\/\/aplusdmc.com\/fr\/tourist-information\/\" class=\"read-more\">Continue Reading<\/a>","protected":false},"author":4,"featured_media":0,"parent":0,"menu_order":0,"comment_status":"closed","ping_status":"closed","template":"","meta":{"_acf_changed":false,"footnotes":""},"class_list":["post-3479","page","type-page","status-publish","hentry"],"acf":[],"yoast_head":"<!-- This site is optimized with the Yoast SEO plugin v26.8 - https:\/\/yoast.com\/product\/yoast-seo-wordpress\/ -->\n<title>Information utile - A+DMC<\/title>\n<meta name=\"robots\" content=\"index, follow, max-snippet:-1, max-image-preview:large, max-video-preview:-1\" \/>\n<link rel=\"canonical\" href=\"https:\/\/aplusdmc.com\/fr\/tourist-information\/\" \/>\n<meta property=\"og:locale\" content=\"fr_FR\" \/>\n<meta property=\"og:type\" content=\"article\" \/>\n<meta property=\"og:title\" content=\"Information utile - A+DMC\" \/>\n<meta property=\"og:description\" content=\"Information utile Accessibilit\u00e9 Depuis que Malte est une \u00eele, le pays est tr\u00e8s limit\u00e9 quand il s&#039;agit de l&#039;accessibilit\u00e9. Pour les touristes qui souhaitent visiter nos \u00eeles, il y a deux principales options pour atteindre les \u00eeles\u00a0: par la mer et par air. L&#039;industrie des bateaux de croisi\u00e8re a augment\u00e9 rapidement au cours des 5 derni\u00e8res ann\u00e9es. Une moyenne de&nbsp;Continue Reading\" \/>\n<meta property=\"og:url\" content=\"https:\/\/aplusdmc.com\/fr\/tourist-information\/\" \/>\n<meta property=\"og:site_name\" content=\"A+DMC\" \/>\n<meta property=\"article:modified_time\" content=\"2016-03-03T14:06:10+00:00\" \/>\n<meta name=\"twitter:card\" content=\"summary_large_image\" \/>\n<meta name=\"twitter:label1\" content=\"Dur\u00e9e de lecture estim\u00e9e\" \/>\n\t<meta name=\"twitter:data1\" content=\"9 minutes\" \/>\n<script type=\"application\/ld+json\" class=\"yoast-schema-graph\">{\"@context\":\"https:\/\/schema.org\",\"@graph\":[{\"@type\":\"WebPage\",\"@id\":\"https:\/\/aplusdmc.com\/fr\/tourist-information\/\",\"url\":\"https:\/\/aplusdmc.com\/fr\/tourist-information\/\",\"name\":\"Information utile - A+DMC\",\"isPartOf\":{\"@id\":\"https:\/\/aplusdmc.com\/#website\"},\"datePublished\":\"2016-02-25T14:16:38+00:00\",\"dateModified\":\"2016-03-03T14:06:10+00:00\",\"breadcrumb\":{\"@id\":\"https:\/\/aplusdmc.com\/fr\/tourist-information\/#breadcrumb\"},\"inLanguage\":\"fr-FR\",\"potentialAction\":[{\"@type\":\"ReadAction\",\"target\":[\"https:\/\/aplusdmc.com\/fr\/tourist-information\/\"]}]},{\"@type\":\"BreadcrumbList\",\"@id\":\"https:\/\/aplusdmc.com\/fr\/tourist-information\/#breadcrumb\",\"itemListElement\":[{\"@type\":\"ListItem\",\"position\":1,\"name\":\"Home\",\"item\":\"https:\/\/aplusdmc.com\/fr\/\"},{\"@type\":\"ListItem\",\"position\":2,\"name\":\"Information utile\"}]},{\"@type\":\"WebSite\",\"@id\":\"https:\/\/aplusdmc.com\/#website\",\"url\":\"https:\/\/aplusdmc.com\/\",\"name\":\"A+DMC\",\"description\":\"\",\"potentialAction\":[{\"@type\":\"SearchAction\",\"target\":{\"@type\":\"EntryPoint\",\"urlTemplate\":\"https:\/\/aplusdmc.com\/?s={search_term_string}\"},\"query-input\":{\"@type\":\"PropertyValueSpecification\",\"valueRequired\":true,\"valueName\":\"search_term_string\"}}],\"inLanguage\":\"fr-FR\"}]}<\/script>\n<!-- \/ Yoast SEO plugin. -->","yoast_head_json":{"title":"Information utile - A+DMC","robots":{"index":"index","follow":"follow","max-snippet":"max-snippet:-1","max-image-preview":"max-image-preview:large","max-video-preview":"max-video-preview:-1"},"canonical":"https:\/\/aplusdmc.com\/fr\/tourist-information\/","og_locale":"fr_FR","og_type":"article","og_title":"Information utile - A+DMC","og_description":"Information utile Accessibilit\u00e9 Depuis que Malte est une \u00eele, le pays est tr\u00e8s limit\u00e9 quand il s'agit de l'accessibilit\u00e9. Pour les touristes qui souhaitent visiter nos \u00eeles, il y a deux principales options pour atteindre les \u00eeles\u00a0: par la mer et par air. L'industrie des bateaux de croisi\u00e8re a augment\u00e9 rapidement au cours des 5 derni\u00e8res ann\u00e9es. Une moyenne de&nbsp;Continue Reading","og_url":"https:\/\/aplusdmc.com\/fr\/tourist-information\/","og_site_name":"A+DMC","article_modified_time":"2016-03-03T14:06:10+00:00","twitter_card":"summary_large_image","twitter_misc":{"Dur\u00e9e de lecture estim\u00e9e":"9 minutes"},"schema":{"@context":"https:\/\/schema.org","@graph":[{"@type":"WebPage","@id":"https:\/\/aplusdmc.com\/fr\/tourist-information\/","url":"https:\/\/aplusdmc.com\/fr\/tourist-information\/","name":"Information utile - A+DMC","isPartOf":{"@id":"https:\/\/aplusdmc.com\/#website"},"datePublished":"2016-02-25T14:16:38+00:00","dateModified":"2016-03-03T14:06:10+00:00","breadcrumb":{"@id":"https:\/\/aplusdmc.com\/fr\/tourist-information\/#breadcrumb"},"inLanguage":"fr-FR","potentialAction":[{"@type":"ReadAction","target":["https:\/\/aplusdmc.com\/fr\/tourist-information\/"]}]},{"@type":"BreadcrumbList","@id":"https:\/\/aplusdmc.com\/fr\/tourist-information\/#breadcrumb","itemListElement":[{"@type":"ListItem","position":1,"name":"Home","item":"https:\/\/aplusdmc.com\/fr\/"},{"@type":"ListItem","position":2,"name":"Information utile"}]},{"@type":"WebSite","@id":"https:\/\/aplusdmc.com\/#website","url":"https:\/\/aplusdmc.com\/","name":"A+DMC","description":"","potentialAction":[{"@type":"SearchAction","target":{"@type":"EntryPoint","urlTemplate":"https:\/\/aplusdmc.com\/?s={search_term_string}"},"query-input":{"@type":"PropertyValueSpecification","valueRequired":true,"valueName":"search_term_string"}}],"inLanguage":"fr-FR"}]}},"_links":{"self":[{"href":"https:\/\/aplusdmc.com\/fr\/wp-json\/wp\/v2\/pages\/3479","targetHints":{"allow":["GET"]}}],"collection":[{"href":"https:\/\/aplusdmc.com\/fr\/wp-json\/wp\/v2\/pages"}],"about":[{"href":"https:\/\/aplusdmc.com\/fr\/wp-json\/wp\/v2\/types\/page"}],"author":[{"embeddable":true,"href":"https:\/\/aplusdmc.com\/fr\/wp-json\/wp\/v2\/users\/4"}],"replies":[{"embeddable":true,"href":"https:\/\/aplusdmc.com\/fr\/wp-json\/wp\/v2\/comments?post=3479"}],"version-history":[{"count":2,"href":"https:\/\/aplusdmc.com\/fr\/wp-json\/wp\/v2\/pages\/3479\/revisions"}],"predecessor-version":[{"id":3482,"href":"https:\/\/aplusdmc.com\/fr\/wp-json\/wp\/v2\/pages\/3479\/revisions\/3482"}],"wp:attachment":[{"href":"https:\/\/aplusdmc.com\/fr\/wp-json\/wp\/v2\/media?parent=3479"}],"curies":[{"name":"wp","href":"https:\/\/api.w.org\/{rel}","templated":true}]}}