{"id":3475,"date":"2016-02-25T14:16:07","date_gmt":"2016-02-25T14:16:07","guid":{"rendered":"https:\/\/www.aplusdmc.com\/\/history-of-the-islands-2\/"},"modified":"2016-03-03T13:31:52","modified_gmt":"2016-03-03T13:31:52","slug":"history-of-the-islands","status":"publish","type":"page","link":"https:\/\/aplusdmc.com\/fr\/history-of-the-islands\/","title":{"rendered":"Histoire de l\u2019ile"},"content":{"rendered":"<h2 class=\"art-PostHeader\">Histoire de l\u2019ile<\/h2>\n<div class=\"art-PostContent\">\n<div class=\"art-article\">\n<p>Malte a une longue histoire qui remonte \u00e0 plus de 7000 ans. Les premiers habitants de l'archipel maltais sont venus de Sicile. Ces personnes \u00e9taient principalement des chasseurs, des agriculteurs et des p\u00eacheurs car Malte, \u00e0 ce moment-l\u00e0, \u00e9tait encore bois\u00e9e et offrait de bonnes conditions pour un tel r\u00e8glement. Plus tard en 5000 avant JC, lorsque les gens vivaient dans des grottes, les premi\u00e8res communaut\u00e9s sont apparues.<\/p>\n<p>La p\u00e9riode la plus notable dans l'histoire de Malte est la p\u00e9riode du Temple qui a commenc\u00e9 vers 4000 avant JC, les premiers temples auraient \u00e9t\u00e9 construite autour de 3600 avant JC. Un symbole de cette p\u00e9riode \u00e9tait la femme endormie, une femme tr\u00e8s ob\u00e8se trouv\u00e9e dans les temples maltais. Cette femme repr\u00e9sente le signe de la fertilit\u00e9. Les temples de Ggantija construits pendant cette p\u00e9riode sont, dit-on encore, plus anciens que les temples Stonehenge bien connus, ils font partie du patrimoine mondial de l'UNESCO. Il y a \u00e9galement d'autres temples encore accessibles tels que les temples de Tarxien, Hagar Qim et de l'hypog\u00e9e qui est comme l\u2019un des plus grands sites religieux sous-terrain du monde entier.<\/p>\n<p>Dans l'Age du Bronze, les Maltais n\u2019\u00e9taient pas aussi artistiquement et artisanalement dou\u00e9s que durant l'\u00e2ge de pierre. Pourquoi, cela reste un myst\u00e8re. Les b\u00e2timents de cet \u00e2ge sont aussi, beaucoup plus modestes. Les vestiges les plus remarquables de cette p\u00e9riode sont les orni\u00e8res de chariot qui peuvent avoir \u00e9t\u00e9 utilis\u00e9s pour faciliter le transport des blocs de construction.<\/p>\n<p>Lorsque les Ph\u00e9niciens sont arriv\u00e9s \u00e0 Malte en 1000 avant JC, ils ont repris les \u00eeles. Ces personnes \u00e9taient surtout des commer\u00e7ants et ils ont utilis\u00e9 l\u2019\u00eele de Malte en particulier en raison de ses excellents ports et sa position strat\u00e9gique au milieu de la mer M\u00e9diterran\u00e9e. On suppose que les Ph\u00e9niciens ont v\u00e9cu en paix avec les habitants de Malte.<br \/>\nDans les ann\u00e9es suivantes, diff\u00e9rentes cultures ont cohabit\u00e9s tels que, le Carthaginois, les Romains et les Byzantins. Ils ont tous influenc\u00e9 la culture maltaise de diff\u00e9rentes mani\u00e8res.<\/p>\n<h4><strong>R\u00e8gne arabe\u00a0:<\/strong><\/h4>\n<p>En 870 apr\u00e8s J\u00e9sus Christ, les Arabes ont conquis Malte. Leur r\u00e8gne a dur\u00e9 220 ans et ils ont eu une grande influence sur la langue maltaise, apr\u00e8s que les Ph\u00e9niciens aient d\u00e9j\u00e0 laiss\u00e9 un impact antis\u00e9mite \u00e0 Malte. Au cours de la domination arabe, de nouveaux fruits comme les oranges et les citrons ont \u00e9t\u00e9 introduits. En outre, le coton et les nouvelles techniques en mati\u00e8re d'irrigation ont \u00e9t\u00e9 introduits par les Arabes. Les Arabes ont \u00e9galement commenc\u00e9 \u00e0 fortifier Malte. Ils ont r\u00e9duit la taille de Mdina et lui donna son nom.<\/p>\n<p>En 1091, les ann\u00e9es m\u00e9di\u00e9vales ont commenc\u00e9 quand les Normands ont repris l'\u00eele. Les esclaves chr\u00e9tiens ont \u00e9t\u00e9 mis en libert\u00e9 ainsi les Maltais ont pu commencer \u00e0 pratiquer le christianisme comme leur religion. En vertu de la r\u00e8gle de la croix, personne n'avait \u00e0 craindre la poursuite des races parce qu'ils vivaient tranquillement l\u2019un \u00e0 c\u00f4t\u00e9 de l'autre.<\/p>\n<p>En 1425, les maltais ont souffert du r\u00e8gne de Don Gonzalve Monroy, qui \u00e9tait tr\u00e8s avide et exploitait les gens. En 1428, l'Universit\u00e9 a apport\u00e9 de l'argent pour racheter Malte. Malheureusement, en 1429 les Maures envahirent l'\u00eele et ont r\u00e9duits les maltais \u00e0 l\u2019esclavage et au pillage. D\u2019autres invasions suivirent jusqu'\u00e0 l'arriv\u00e9e des chevaliers.<\/p>\n<h4><strong>Les Chevaliers de Saint-John\u00a0<\/strong><\/h4>\n<p>Les Chevaliers de Saint John sont arriv\u00e9s \u00e0 Malte en 1530 apr\u00e8s que Charles V ait remis les \u00eeles aux chevaliers. Conform\u00e9ment \u00e0 l\u2019autorit\u00e9 des chevaliers, la langue italienne a \u00e9t\u00e9 rendue officielle et plusieurs villes, palais, \u00e9glises, jardins et fortifications ont \u00e9t\u00e9 construits. L'une des principales influences des chevaliers fut le changement de la capitale de Malte, de Mdina, \u00e0 Birgu, puis \u00e0 La Valette en 1566. Ces deux villes ont \u00e9t\u00e9 construites en raison de leurs excellents emplacements pour la construction de ports pouvant abriter leur flotte. En mai 1565, quand les Ottomans ont attaqu\u00e9 Malte, les chevaliers de Saint John ont jou\u00e9 un r\u00f4le important dans la d\u00e9fense des \u00eeles\u00a0: ils ont construit les fortifications de La Valette (Fort Saint-Elme), Birgu et Senglea. Apr\u00e8s des mois de combats, le Fort Saint-Elme, \u00e0 La Valette, avait beaucoup souffert et \u00e9tait en ruines, mais les soldats continuaient \u00e0 se battre jusqu'\u00e0 ce que les Turcs se retir\u00e8rent enfin. La guerre s'est termin\u00e9e le 8 Septembre et est aujourd\u2019hui connue sous le nom de \u00ab\u00a0The Great Siege\u00a0\u00bb. Le r\u00e8gne des Chevaliers de Saint-Jean a dur\u00e9 275 ans.<\/p>\n<p>Apr\u00e8s le Grand Si\u00e8ge, les chevaliers ont commenc\u00e9 \u00e0 construire la ville de La Valette comme un bastion pour prot\u00e9ger le port contre les attaques futures. La ville a \u00e9t\u00e9 nomm\u00e9e La Valette apr\u00e8s le Grand Ma\u00eetre Jean Parisot de Vallette. Parce que les Turcs n'ont jamais attaqu\u00e9 \u00e0 nouveau, les fortifications sont rest\u00e9s inutilis\u00e9es et sont ainsi l'une des fortifications les mieux conserv\u00e9es de cette p\u00e9riode.<\/p>\n<h4><strong>La conqu\u00eate fran\u00e7aise<\/strong><\/h4>\n<p>Le r\u00e8gne des Chevaliers a pris fin en 1798. La flotte exp\u00e9ditionnaire de Napol\u00e9on Bonaparte a fait escale \u00e0 Malte alors qu\u2019elle \u00e9tait en route vers l\u2019Egypte. Napol\u00e9on voulait un havre s\u00fbr pour ravitailler sa flotte, mais lorsque les maltais ont refus\u00e9 de lui fournir de l'eau, Napol\u00e9on ordonna \u00e0 ses troupes de si\u00e9ger sur les collines de La Valette. Apr\u00e8s un certain temps, le Grand Ma\u00eetre Hompesch capitula et un trait\u00e9, dans lequel la souverainet\u00e9 de Malte a \u00e9t\u00e9 remis \u00e0 la R\u00e9publique fran\u00e7aise, a \u00e9t\u00e9 sign\u00e9. Alors que Napol\u00e9on n\u2019est rest\u00e9 que quelques jours, il a r\u00e9ussi \u00e0 mettre en place un grand nombre de nouvelles r\u00e9formes. Une nouvelle administration, une administration des finances publiques, l'abolition de l'esclavage et la libert\u00e9 pour tous les esclaves turcs \u00e9taient certaines de ces r\u00e9formes.<\/p>\n<p>En outre, un code de la famille a \u00e9t\u00e9 form\u00e9, une \u00e9ducation publique a \u00e9t\u00e9 organis\u00e9e et quinze \u00e9coles primaires ont \u00e9t\u00e9 cr\u00e9\u00e9es. Quand Napol\u00e9on a continu\u00e9 son chemin vers l'Egypte, il laissa une garnison importante \u00e0 Malte. Apr\u00e8s quelques mois, les couvents fran\u00e7ais ont \u00e9t\u00e9 ferm\u00e9s et les tr\u00e9sors d'\u00e9glise ont \u00e9t\u00e9 saisis. Les Maltais se sont r\u00e9volt\u00e9s pour que la garnison fran\u00e7aise du g\u00e9n\u00e9ral Claude-Henri Vaubois Belgrand se retire de La Valette. Quand les Maltais ont \u00e9chou\u00e9s \u00e0 reprendre La Valette ils ont demand\u00e9 l'aide britannique qui a sugg\u00e9r\u00e9 par la suite un blocus total. En 1800, les Fran\u00e7ais se rendirent.<\/p>\n<p><strong>R\u00e8gne britannique<\/strong><\/p>\n<p>En 1800, Malte passe sous la domination britannique. Selon les termes du Trait\u00e9 de Amenies, Malte a \u00e9t\u00e9 con\u00e7u pour \u00eatre \u00e9vacu\u00e9s par les Britanniques, mais ils n'ont jamais r\u00e9ussi \u00e0 le faire. Bien que les \u00eeles maltaises n'aient pas re\u00e7u beaucoup d'importance par les Britanniques, elles sont devenues un atout important en raison de leurs excellents ports et la position strat\u00e9gique et ont fini par devenir une forteresse navale et le si\u00e8ge de la marine britannique. Bien que, un conseil l\u00e9gislatif en partie \u00e9lu ait \u00e9t\u00e9 cr\u00e9\u00e9e en 1849,\u00a0les r\u00e8gles de maison \u00e9taient encore refus\u00e9s jusqu'en 1921. Parce que l'\u00eele \u00e9tait surpeupl\u00e9e et tr\u00e8s d\u00e9pendante de la d\u00e9pense militaire britannique, les Maltais ont beaucoup souffert de la pauvret\u00e9. Plusieurs r\u00e9formes ont \u00e9t\u00e9 faites par l'administration britannique, mais ils ont \u00e9t\u00e9 combattus par l'Eglise catholique et l'\u00e9lite maltaise qui voulait garder leurs privil\u00e8ges f\u00e9odaux. Il en est r\u00e9sult\u00e9 de la cr\u00e9ation du Parti nationaliste de Malte, avec l\u2019un de ses objectifs qui \u00e9tait de prot\u00e9ger la langue italienne \u00e0 Malte.<\/p>\n<p>En 1919, il y avait des \u00e9meutes en raison de la chert\u00e9 du pain. Ces \u00e9meutes devaient conduire \u00e0 une plus grande autonomie pour les habitants, mais Malte a r\u00e9ussi \u00e0 obtenir un parlement bicam\u00e9ral avec un S\u00e9nat \u00e9lu et l'Assembl\u00e9e l\u00e9gislative. En raison de l'affrontement entre l'\u00c9glise catholique et le parti constitutionnel, il y avait des soup\u00e7ons sur le fait que des \u00e9lections libres et \u00e9quitables n'\u00e9taient pas possibles. En 1934, les \u00e9coles primaires ont commenc\u00e9 \u00e0 enseigner l\u2019italien en raison de la Constitution en cours de r\u00e9vocation sur le vote budg\u00e9taire du gouvernement.<\/p>\n<h4><strong>La Seconde Guerre mondiale<\/strong><\/h4>\n<p>Durant la Seconde Guerre mondiale, Malte a \u00e9t\u00e9 un si\u00e8ge pour l'Allemagne et l'Italie. En 1942, Malte a \u00e9t\u00e9 presque isol\u00e9e du reste du monde en raison de blocages autour de l'\u00eele. Au cours de la m\u00eame ann\u00e9e \u00e0 Malte a obtenu \u00ab\u00a0The English Georg Cross\u00a0\u00bb pour sa bravoure. Enfin, en Octobre, le raid a\u00e9rien a pris fin et le gouvernement de Grande-Bretagne a investi 30 milliards de livres pour l'\u00e9limination des dommages caus\u00e9s par la guerre.<\/p>\n<h4><strong>Aujourd'hui<\/strong><\/h4>\n<p>Le 21 Septembre 1964 Malte a acquis son ind\u00e9pendance \u00e0 travers un r\u00e9f\u00e9rendum dans lequel 82,6% des Maltais ont vot\u00e9 pour l'ind\u00e9pendance. La reine Elizabeth II est rest\u00e9 chef de l'Etat, les troupes ont \u00e9t\u00e9 garantis de rester encore 10 ans \u00e0 Malte et en retour, la Grande-Bretagne a assur\u00e9 \u00e0 Malte d'\u00e9liminer les dommages caus\u00e9s par la guerre.<\/p>\n<\/div>\n<\/div>\n","protected":false},"excerpt":{"rendered":"Histoire de l\u2019ile Malte a une longue histoire qui remonte \u00e0 plus de 7000 ans. Les premiers habitants de l'archipel maltais sont venus de Sicile. Ces personnes \u00e9taient principalement des chasseurs, des agriculteurs et des p\u00eacheurs car Malte, \u00e0 ce moment-l\u00e0, \u00e9tait encore bois\u00e9e et offrait de bonnes conditions pour un tel r\u00e8glement. Plus tard en 5000 avant JC, lorsque&nbsp;<a href=\"https:\/\/aplusdmc.com\/fr\/history-of-the-islands\/\" class=\"read-more\">Continue Reading<\/a>","protected":false},"author":4,"featured_media":0,"parent":0,"menu_order":0,"comment_status":"closed","ping_status":"closed","template":"","meta":{"_acf_changed":false,"footnotes":""},"class_list":["post-3475","page","type-page","status-publish","hentry"],"acf":[],"yoast_head":"<!-- This site is optimized with the Yoast SEO plugin v26.8 - https:\/\/yoast.com\/product\/yoast-seo-wordpress\/ -->\n<title>Histoire de l\u2019ile - A+DMC<\/title>\n<meta name=\"robots\" content=\"index, follow, max-snippet:-1, max-image-preview:large, max-video-preview:-1\" \/>\n<link rel=\"canonical\" href=\"https:\/\/aplusdmc.com\/fr\/history-of-the-islands\/\" \/>\n<meta property=\"og:locale\" content=\"fr_FR\" \/>\n<meta property=\"og:type\" content=\"article\" \/>\n<meta property=\"og:title\" content=\"Histoire de l\u2019ile - A+DMC\" \/>\n<meta property=\"og:description\" content=\"Histoire de l\u2019ile Malte a une longue histoire qui remonte \u00e0 plus de 7000 ans. Les premiers habitants de l&#039;archipel maltais sont venus de Sicile. Ces personnes \u00e9taient principalement des chasseurs, des agriculteurs et des p\u00eacheurs car Malte, \u00e0 ce moment-l\u00e0, \u00e9tait encore bois\u00e9e et offrait de bonnes conditions pour un tel r\u00e8glement. Plus tard en 5000 avant JC, lorsque&nbsp;Continue Reading\" \/>\n<meta property=\"og:url\" content=\"https:\/\/aplusdmc.com\/fr\/history-of-the-islands\/\" \/>\n<meta property=\"og:site_name\" content=\"A+DMC\" \/>\n<meta property=\"article:modified_time\" content=\"2016-03-03T13:31:52+00:00\" \/>\n<meta name=\"twitter:card\" content=\"summary_large_image\" \/>\n<meta name=\"twitter:label1\" content=\"Dur\u00e9e de lecture estim\u00e9e\" \/>\n\t<meta name=\"twitter:data1\" content=\"8 minutes\" \/>\n<script type=\"application\/ld+json\" class=\"yoast-schema-graph\">{\"@context\":\"https:\/\/schema.org\",\"@graph\":[{\"@type\":\"WebPage\",\"@id\":\"https:\/\/aplusdmc.com\/fr\/history-of-the-islands\/\",\"url\":\"https:\/\/aplusdmc.com\/fr\/history-of-the-islands\/\",\"name\":\"Histoire de l\u2019ile - A+DMC\",\"isPartOf\":{\"@id\":\"https:\/\/aplusdmc.com\/#website\"},\"datePublished\":\"2016-02-25T14:16:07+00:00\",\"dateModified\":\"2016-03-03T13:31:52+00:00\",\"breadcrumb\":{\"@id\":\"https:\/\/aplusdmc.com\/fr\/history-of-the-islands\/#breadcrumb\"},\"inLanguage\":\"fr-FR\",\"potentialAction\":[{\"@type\":\"ReadAction\",\"target\":[\"https:\/\/aplusdmc.com\/fr\/history-of-the-islands\/\"]}]},{\"@type\":\"BreadcrumbList\",\"@id\":\"https:\/\/aplusdmc.com\/fr\/history-of-the-islands\/#breadcrumb\",\"itemListElement\":[{\"@type\":\"ListItem\",\"position\":1,\"name\":\"Home\",\"item\":\"https:\/\/aplusdmc.com\/fr\/\"},{\"@type\":\"ListItem\",\"position\":2,\"name\":\"Histoire de l\u2019ile\"}]},{\"@type\":\"WebSite\",\"@id\":\"https:\/\/aplusdmc.com\/#website\",\"url\":\"https:\/\/aplusdmc.com\/\",\"name\":\"A+DMC\",\"description\":\"\",\"potentialAction\":[{\"@type\":\"SearchAction\",\"target\":{\"@type\":\"EntryPoint\",\"urlTemplate\":\"https:\/\/aplusdmc.com\/?s={search_term_string}\"},\"query-input\":{\"@type\":\"PropertyValueSpecification\",\"valueRequired\":true,\"valueName\":\"search_term_string\"}}],\"inLanguage\":\"fr-FR\"}]}<\/script>\n<!-- \/ Yoast SEO plugin. -->","yoast_head_json":{"title":"Histoire de l\u2019ile - A+DMC","robots":{"index":"index","follow":"follow","max-snippet":"max-snippet:-1","max-image-preview":"max-image-preview:large","max-video-preview":"max-video-preview:-1"},"canonical":"https:\/\/aplusdmc.com\/fr\/history-of-the-islands\/","og_locale":"fr_FR","og_type":"article","og_title":"Histoire de l\u2019ile - A+DMC","og_description":"Histoire de l\u2019ile Malte a une longue histoire qui remonte \u00e0 plus de 7000 ans. Les premiers habitants de l'archipel maltais sont venus de Sicile. Ces personnes \u00e9taient principalement des chasseurs, des agriculteurs et des p\u00eacheurs car Malte, \u00e0 ce moment-l\u00e0, \u00e9tait encore bois\u00e9e et offrait de bonnes conditions pour un tel r\u00e8glement. Plus tard en 5000 avant JC, lorsque&nbsp;Continue Reading","og_url":"https:\/\/aplusdmc.com\/fr\/history-of-the-islands\/","og_site_name":"A+DMC","article_modified_time":"2016-03-03T13:31:52+00:00","twitter_card":"summary_large_image","twitter_misc":{"Dur\u00e9e de lecture estim\u00e9e":"8 minutes"},"schema":{"@context":"https:\/\/schema.org","@graph":[{"@type":"WebPage","@id":"https:\/\/aplusdmc.com\/fr\/history-of-the-islands\/","url":"https:\/\/aplusdmc.com\/fr\/history-of-the-islands\/","name":"Histoire de l\u2019ile - A+DMC","isPartOf":{"@id":"https:\/\/aplusdmc.com\/#website"},"datePublished":"2016-02-25T14:16:07+00:00","dateModified":"2016-03-03T13:31:52+00:00","breadcrumb":{"@id":"https:\/\/aplusdmc.com\/fr\/history-of-the-islands\/#breadcrumb"},"inLanguage":"fr-FR","potentialAction":[{"@type":"ReadAction","target":["https:\/\/aplusdmc.com\/fr\/history-of-the-islands\/"]}]},{"@type":"BreadcrumbList","@id":"https:\/\/aplusdmc.com\/fr\/history-of-the-islands\/#breadcrumb","itemListElement":[{"@type":"ListItem","position":1,"name":"Home","item":"https:\/\/aplusdmc.com\/fr\/"},{"@type":"ListItem","position":2,"name":"Histoire de l\u2019ile"}]},{"@type":"WebSite","@id":"https:\/\/aplusdmc.com\/#website","url":"https:\/\/aplusdmc.com\/","name":"A+DMC","description":"","potentialAction":[{"@type":"SearchAction","target":{"@type":"EntryPoint","urlTemplate":"https:\/\/aplusdmc.com\/?s={search_term_string}"},"query-input":{"@type":"PropertyValueSpecification","valueRequired":true,"valueName":"search_term_string"}}],"inLanguage":"fr-FR"}]}},"_links":{"self":[{"href":"https:\/\/aplusdmc.com\/fr\/wp-json\/wp\/v2\/pages\/3475","targetHints":{"allow":["GET"]}}],"collection":[{"href":"https:\/\/aplusdmc.com\/fr\/wp-json\/wp\/v2\/pages"}],"about":[{"href":"https:\/\/aplusdmc.com\/fr\/wp-json\/wp\/v2\/types\/page"}],"author":[{"embeddable":true,"href":"https:\/\/aplusdmc.com\/fr\/wp-json\/wp\/v2\/users\/4"}],"replies":[{"embeddable":true,"href":"https:\/\/aplusdmc.com\/fr\/wp-json\/wp\/v2\/comments?post=3475"}],"version-history":[{"count":3,"href":"https:\/\/aplusdmc.com\/fr\/wp-json\/wp\/v2\/pages\/3475\/revisions"}],"predecessor-version":[{"id":3478,"href":"https:\/\/aplusdmc.com\/fr\/wp-json\/wp\/v2\/pages\/3475\/revisions\/3478"}],"wp:attachment":[{"href":"https:\/\/aplusdmc.com\/fr\/wp-json\/wp\/v2\/media?parent=3475"}],"curies":[{"name":"wp","href":"https:\/\/api.w.org\/{rel}","templated":true}]}}