{"id":3470,"date":"2016-02-25T14:15:14","date_gmt":"2016-02-25T14:15:14","guid":{"rendered":"https:\/\/www.aplusdmc.com\/\/getting-here-getting-around-2\/"},"modified":"2017-07-13T15:39:26","modified_gmt":"2017-07-13T14:39:26","slug":"getting-here-getting-around","status":"publish","type":"page","link":"https:\/\/aplusdmc.com\/fr\/getting-here-getting-around\/","title":{"rendered":"Comment s\u2019y rendre"},"content":{"rendered":"<h2 class=\"art-PostHeader\">Comment s\u2019y rendre<\/h2>\n<div class=\"art-PostContent\">\n<div class=\"art-article\">\n<h4><strong>A\u00e9roport international de Malte<\/strong><\/h4>\n<p style=\"text-align: justify;\">L\u2019A\u00e9roport International de Malte \u00e0 Luqa, est la porte d'arriv\u00e9e principale pour les touristes. L'a\u00e9roport propose des vols vers tous les principaux hubs europ\u00e9ens, dans la plupart des cas avec un temps de vol de moins de 3 heures. D\u00e9cern\u00e9 par le Conseil international des a\u00e9roports comme \u00e9tant le meilleur a\u00e9roport europ\u00e9en en 2011 dans sa cat\u00e9gorie, l'A\u00e9roport International de Malte offre tous les services pour vous permettre de passer vos vacances confortablement. Vous pouvez consulter le calendrier des arriv\u00e9es et des d\u00e9parts sur le site de MIA.<\/p>\n<h4 style=\"text-align: justify;\"><strong>Seaport Malte<\/strong><\/h4>\n<p style=\"text-align: justify;\">Etant une \u00eele, Malte est \u00e9galement li\u00e9e \u00e0 l'Europe continentale par voie maritime. Plusieurs ferries offrent des services \u00e0 destination et en provenance d'Europe (principalement l'Italie), tels que Virtu Ferries (lien vers <a title=\"www.virtuferries.com\" href=\"http:\/\/www.virtuferries.com\/\" target=\"_blank\">www.virtuferries.com<\/a>) qui relient Malte \u00e0 la Sicile en 90 minutes par catamaran \u00e0 grande vitesse.<\/p>\n<h4 style=\"text-align: justify;\"><strong>Transfert de \/ vers l'a\u00e9roport<\/strong><\/h4>\n<p style=\"text-align: justify;\">L\u2019a\u00e9roport International de Malte est facilement accessible par les autobus publics. Une gamme d'autobus nouvellement cr\u00e9\u00e9e par les transporteurs Arriva permet aux touristes de se rendre sur les principaux centres touristiques de l'\u00eele. En outre, les entreprises priv\u00e9es offrent leurs services de taxi dans le hall d'arriv\u00e9e de l'a\u00e9roport. Si vous pr\u00e9f\u00e9rez un transfert de l'a\u00e9roport sans stress, nous serions heureux de l'organiser pour vous. Nous sommes en mesure de vous fournir un service porte-\u00e0-porte de l'a\u00e9roport \u00e0 votre logement et vice-versa. Les transferts peuvent \u00eatre r\u00e9serv\u00e9s <a href=\"https:\/\/www.aplusdmc.com\/fr\/user\">ici<\/a><\/p>\n<h4 style=\"text-align: justify;\"><strong>Transport public \u00e0 Malte<\/strong><\/h4>\n<p style=\"text-align: justify;\">En 2011, la soci\u00e9t\u00e9 bas\u00e9e \u00e0 Londres, Arriva, a repris les transports en commun \u00e0 Malte et les anciens bus jaunes ont \u00e9t\u00e9 remplac\u00e9s par une flotte moderne de v\u00e9hicules verts. Les nouveaux bus climatis\u00e9s circulent vers tous les lieux importants de l\u2019\u00eele avec comme lieu central des op\u00e9rations, La Vallette. Les bus partent de La Valette vers chaque village de Malte. A Gozo, la ville de Victoria est le noyau central des op\u00e9rations de transports publics. Des informations sur l'itin\u00e9raire d\u00e9taill\u00e9 et les prix peuvent \u00eatre trouv\u00e9es sur\u00a0<a href=\"https:\/\/www.aplusdmc.com\/\/getting-here-getting-around\/www.publictransport.com.mt\" target=\"_blank\">www.publictransport.com.mt<\/a>.<\/p>\n<h4 style=\"text-align: justify;\"><strong>Location de voiture \u00e0 Malte:<\/strong><\/h4>\n<p style=\"text-align: justify;\">Beaucoup de touristes pr\u00e9f\u00e8rent faire preuve de souplesse et ont tendance \u00e0 louer une voiture. Il y a plusieurs entreprises de locations de voitures \u00e0 Malte, qui proposent des voitures de qualit\u00e9. Un grand nombre de ces entreprises sont pr\u00e9sentes \u00e0 l'a\u00e9roport international de Malte, ainsi que dans les centres touristiques principaux de l'\u00eele. Bien que cela puisse \u00eatre un d\u00e9fi pour les touristes du continent europ\u00e9en de s'habituer \u00e0 la circulation \u00e0 gauche, vous pourrez profiter de la belle et intacte campagne maltaise. Si vous souhaitez louer une voiture \u00e0 Malte, veuillez nous envoyez une demande. Nous serions heureux de r\u00e9pondre \u00e0 vos besoins.<\/p>\n<\/div>\n<\/div>\n","protected":false},"excerpt":{"rendered":"Comment s\u2019y rendre A\u00e9roport international de Malte L\u2019A\u00e9roport International de Malte \u00e0 Luqa, est la porte d'arriv\u00e9e principale pour les touristes. L'a\u00e9roport propose des vols vers tous les principaux hubs europ\u00e9ens, dans la plupart des cas avec un temps de vol de moins de 3 heures. D\u00e9cern\u00e9 par le Conseil international des a\u00e9roports comme \u00e9tant le meilleur a\u00e9roport europ\u00e9en en&nbsp;<a href=\"https:\/\/aplusdmc.com\/fr\/getting-here-getting-around\/\" class=\"read-more\">Continue Reading<\/a>","protected":false},"author":4,"featured_media":0,"parent":0,"menu_order":0,"comment_status":"closed","ping_status":"closed","template":"","meta":{"_acf_changed":false,"footnotes":""},"class_list":["post-3470","page","type-page","status-publish","hentry"],"acf":[],"yoast_head":"<!-- This site is optimized with the Yoast SEO plugin v26.8 - https:\/\/yoast.com\/product\/yoast-seo-wordpress\/ -->\n<title>Comment s\u2019y rendre - A+DMC<\/title>\n<meta name=\"robots\" content=\"index, follow, max-snippet:-1, max-image-preview:large, max-video-preview:-1\" \/>\n<link rel=\"canonical\" href=\"https:\/\/aplusdmc.com\/fr\/getting-here-getting-around\/\" \/>\n<meta property=\"og:locale\" content=\"fr_FR\" \/>\n<meta property=\"og:type\" content=\"article\" \/>\n<meta property=\"og:title\" content=\"Comment s\u2019y rendre - A+DMC\" \/>\n<meta property=\"og:description\" content=\"Comment s\u2019y rendre A\u00e9roport international de Malte L\u2019A\u00e9roport International de Malte \u00e0 Luqa, est la porte d&#039;arriv\u00e9e principale pour les touristes. L&#039;a\u00e9roport propose des vols vers tous les principaux hubs europ\u00e9ens, dans la plupart des cas avec un temps de vol de moins de 3 heures. D\u00e9cern\u00e9 par le Conseil international des a\u00e9roports comme \u00e9tant le meilleur a\u00e9roport europ\u00e9en en&nbsp;Continue Reading\" \/>\n<meta property=\"og:url\" content=\"https:\/\/aplusdmc.com\/fr\/getting-here-getting-around\/\" \/>\n<meta property=\"og:site_name\" content=\"A+DMC\" \/>\n<meta property=\"article:modified_time\" content=\"2017-07-13T14:39:26+00:00\" \/>\n<meta name=\"twitter:card\" content=\"summary_large_image\" \/>\n<meta name=\"twitter:label1\" content=\"Dur\u00e9e de lecture estim\u00e9e\" \/>\n\t<meta name=\"twitter:data1\" content=\"2 minutes\" \/>\n<script type=\"application\/ld+json\" class=\"yoast-schema-graph\">{\"@context\":\"https:\/\/schema.org\",\"@graph\":[{\"@type\":\"WebPage\",\"@id\":\"https:\/\/aplusdmc.com\/fr\/getting-here-getting-around\/\",\"url\":\"https:\/\/aplusdmc.com\/fr\/getting-here-getting-around\/\",\"name\":\"Comment s\u2019y rendre - A+DMC\",\"isPartOf\":{\"@id\":\"https:\/\/aplusdmc.com\/#website\"},\"datePublished\":\"2016-02-25T14:15:14+00:00\",\"dateModified\":\"2017-07-13T14:39:26+00:00\",\"breadcrumb\":{\"@id\":\"https:\/\/aplusdmc.com\/fr\/getting-here-getting-around\/#breadcrumb\"},\"inLanguage\":\"fr-FR\",\"potentialAction\":[{\"@type\":\"ReadAction\",\"target\":[\"https:\/\/aplusdmc.com\/fr\/getting-here-getting-around\/\"]}]},{\"@type\":\"BreadcrumbList\",\"@id\":\"https:\/\/aplusdmc.com\/fr\/getting-here-getting-around\/#breadcrumb\",\"itemListElement\":[{\"@type\":\"ListItem\",\"position\":1,\"name\":\"Home\",\"item\":\"https:\/\/aplusdmc.com\/fr\/\"},{\"@type\":\"ListItem\",\"position\":2,\"name\":\"Comment s\u2019y rendre\"}]},{\"@type\":\"WebSite\",\"@id\":\"https:\/\/aplusdmc.com\/#website\",\"url\":\"https:\/\/aplusdmc.com\/\",\"name\":\"A+DMC\",\"description\":\"\",\"potentialAction\":[{\"@type\":\"SearchAction\",\"target\":{\"@type\":\"EntryPoint\",\"urlTemplate\":\"https:\/\/aplusdmc.com\/?s={search_term_string}\"},\"query-input\":{\"@type\":\"PropertyValueSpecification\",\"valueRequired\":true,\"valueName\":\"search_term_string\"}}],\"inLanguage\":\"fr-FR\"}]}<\/script>\n<!-- \/ Yoast SEO plugin. -->","yoast_head_json":{"title":"Comment s\u2019y rendre - A+DMC","robots":{"index":"index","follow":"follow","max-snippet":"max-snippet:-1","max-image-preview":"max-image-preview:large","max-video-preview":"max-video-preview:-1"},"canonical":"https:\/\/aplusdmc.com\/fr\/getting-here-getting-around\/","og_locale":"fr_FR","og_type":"article","og_title":"Comment s\u2019y rendre - A+DMC","og_description":"Comment s\u2019y rendre A\u00e9roport international de Malte L\u2019A\u00e9roport International de Malte \u00e0 Luqa, est la porte d'arriv\u00e9e principale pour les touristes. L'a\u00e9roport propose des vols vers tous les principaux hubs europ\u00e9ens, dans la plupart des cas avec un temps de vol de moins de 3 heures. D\u00e9cern\u00e9 par le Conseil international des a\u00e9roports comme \u00e9tant le meilleur a\u00e9roport europ\u00e9en en&nbsp;Continue Reading","og_url":"https:\/\/aplusdmc.com\/fr\/getting-here-getting-around\/","og_site_name":"A+DMC","article_modified_time":"2017-07-13T14:39:26+00:00","twitter_card":"summary_large_image","twitter_misc":{"Dur\u00e9e de lecture estim\u00e9e":"2 minutes"},"schema":{"@context":"https:\/\/schema.org","@graph":[{"@type":"WebPage","@id":"https:\/\/aplusdmc.com\/fr\/getting-here-getting-around\/","url":"https:\/\/aplusdmc.com\/fr\/getting-here-getting-around\/","name":"Comment s\u2019y rendre - A+DMC","isPartOf":{"@id":"https:\/\/aplusdmc.com\/#website"},"datePublished":"2016-02-25T14:15:14+00:00","dateModified":"2017-07-13T14:39:26+00:00","breadcrumb":{"@id":"https:\/\/aplusdmc.com\/fr\/getting-here-getting-around\/#breadcrumb"},"inLanguage":"fr-FR","potentialAction":[{"@type":"ReadAction","target":["https:\/\/aplusdmc.com\/fr\/getting-here-getting-around\/"]}]},{"@type":"BreadcrumbList","@id":"https:\/\/aplusdmc.com\/fr\/getting-here-getting-around\/#breadcrumb","itemListElement":[{"@type":"ListItem","position":1,"name":"Home","item":"https:\/\/aplusdmc.com\/fr\/"},{"@type":"ListItem","position":2,"name":"Comment s\u2019y rendre"}]},{"@type":"WebSite","@id":"https:\/\/aplusdmc.com\/#website","url":"https:\/\/aplusdmc.com\/","name":"A+DMC","description":"","potentialAction":[{"@type":"SearchAction","target":{"@type":"EntryPoint","urlTemplate":"https:\/\/aplusdmc.com\/?s={search_term_string}"},"query-input":{"@type":"PropertyValueSpecification","valueRequired":true,"valueName":"search_term_string"}}],"inLanguage":"fr-FR"}]}},"_links":{"self":[{"href":"https:\/\/aplusdmc.com\/fr\/wp-json\/wp\/v2\/pages\/3470","targetHints":{"allow":["GET"]}}],"collection":[{"href":"https:\/\/aplusdmc.com\/fr\/wp-json\/wp\/v2\/pages"}],"about":[{"href":"https:\/\/aplusdmc.com\/fr\/wp-json\/wp\/v2\/types\/page"}],"author":[{"embeddable":true,"href":"https:\/\/aplusdmc.com\/fr\/wp-json\/wp\/v2\/users\/4"}],"replies":[{"embeddable":true,"href":"https:\/\/aplusdmc.com\/fr\/wp-json\/wp\/v2\/comments?post=3470"}],"version-history":[{"count":4,"href":"https:\/\/aplusdmc.com\/fr\/wp-json\/wp\/v2\/pages\/3470\/revisions"}],"predecessor-version":[{"id":4152,"href":"https:\/\/aplusdmc.com\/fr\/wp-json\/wp\/v2\/pages\/3470\/revisions\/4152"}],"wp:attachment":[{"href":"https:\/\/aplusdmc.com\/fr\/wp-json\/wp\/v2\/media?parent=3470"}],"curies":[{"name":"wp","href":"https:\/\/api.w.org\/{rel}","templated":true}]}}