{"id":3468,"date":"2016-02-26T09:32:18","date_gmt":"2016-02-26T09:32:18","guid":{"rendered":"https:\/\/www.aplusdmc.com\/\/general-statistics-2\/"},"modified":"2022-01-26T11:48:58","modified_gmt":"2022-01-26T10:48:58","slug":"general-statistics","status":"publish","type":"page","link":"https:\/\/aplusdmc.com\/fr\/general-statistics\/","title":{"rendered":"Les Chiffres"},"content":{"rendered":"<h2 class=\"art-PostHeader\">Les chiffres<\/h2>\n<div class=\"spacer\"><\/div><!-- .spacer (end) -->\n<table border=\"0\" width=\"659\" cellspacing=\"0\" cellpadding=\"0\">\n<tbody>\n<tr>\n<td class=\"span3\">Localisation<\/td>\n<td>Dans la Mer M\u00e9diterran\u00e9enne, \u00e0 93km au sud de la Sicile et 290km du point le plus proche de l\u2019Afrique du Nord.<\/td>\n<\/tr>\n<tr>\n<td>Les \u00eeles principales<\/td>\n<td>Malta, Gozo, Comino, Cominotto, Filfla<\/td>\n<\/tr>\n<tr>\n<td>Capital<\/td>\n<td>La Vallette<\/td>\n<\/tr>\n<tr>\n<td>Population<\/td>\n<td>516,199 (2021)<\/td>\n<\/tr>\n<tr>\n<td>Area<\/td>\n<td>316\u00a0km<sup>2<\/sup><\/td>\n<\/tr>\n<tr>\n<td>Longueur<\/td>\n<td>27 km (Malta) \/ 14 km (Gozo)<\/td>\n<\/tr>\n<tr>\n<td>Largeur<\/td>\n<td>15 km (Malta) \/ 7 km (Gozo)<\/td>\n<\/tr>\n<tr>\n<td>Littoral<\/td>\n<td>252.81km<\/td>\n<\/tr>\n<tr>\n<td>Groupes ethniques<\/td>\n<td>Maltais 95.3 %<\/p>\n<p>Anglais 1.6 %<\/p>\n<p>Autre 3.1 %<\/td>\n<\/tr>\n<tr>\n<td>Religions<\/td>\n<td>Catholique (officiel) 98%<\/td>\n<\/tr>\n<tr>\n<td>Monnaie<\/td>\n<td>EURO (depuis 2008)<\/td>\n<\/tr>\n<tr>\n<td>Fuseau Horaire<\/td>\n<td>CET\/CEST en \u00e9t\u00e9<\/td>\n<\/tr>\n<tr>\n<td>Langues<\/td>\n<td>Maltais (officiel)<\/p>\n<p>Anglais (officiel)<\/td>\n<\/tr>\n<tr>\n<td>Conduite<\/td>\n<td>A gauche<\/td>\n<\/tr>\n<tr>\n<td>Indicatif t\u00e9l\u00e9phonique<\/td>\n<td>+356<\/td>\n<\/tr>\n<tr>\n<td>Indicatif internet (TLD)<\/td>\n<td>.mt<\/td>\n<\/tr>\n<tr>\n<td>Sites du patrimoine mondial de l\u2019UNESCO<\/td>\n<td>3 (La ville de La Vallette, l\u2019hypog\u00e9e d\u2019Hal Saflieni, les Temples m\u00e9galithiques)<\/td>\n<\/tr>\n<tr>\n<td>Climat<\/td>\n<td>Subtropical - M\u00e9diterran\u00e9en<\/td>\n<\/tr>\n<tr>\n<td>Temp\u00e9ratures moyennes<\/td>\n<td>15.2 \u00b0C (Janvier) - 30.7\u00b0C (Ao\u00fbt)<\/td>\n<\/tr>\n<tr>\n<td>Gouvernement<\/td>\n<td>R\u00e9publique Parlementaire (depuis 1974)<\/td>\n<\/tr>\n<\/tbody>\n<\/table>\n<div class=\"spacer\"><\/div><!-- .spacer (end) -->\n","protected":false},"excerpt":{"rendered":"Les chiffres Localisation Dans la Mer M\u00e9diterran\u00e9enne, \u00e0 93km au sud de la Sicile et 290km du point le plus proche de l\u2019Afrique du Nord. Les \u00eeles principales Malta, Gozo, Comino, Cominotto, Filfla Capital La Vallette Population 516,199 (2021) Area 316\u00a0km2 Longueur 27 km (Malta) \/ 14 km (Gozo) Largeur 15 km (Malta) \/ 7 km (Gozo) Littoral 252.81km Groupes&nbsp;<a href=\"https:\/\/aplusdmc.com\/fr\/general-statistics\/\" class=\"read-more\">Continue Reading<\/a>","protected":false},"author":4,"featured_media":0,"parent":0,"menu_order":0,"comment_status":"closed","ping_status":"closed","template":"","meta":{"_acf_changed":false,"footnotes":""},"class_list":["post-3468","page","type-page","status-publish","hentry"],"acf":[],"yoast_head":"<!-- This site is optimized with the Yoast SEO plugin v26.8 - https:\/\/yoast.com\/product\/yoast-seo-wordpress\/ -->\n<title>Les Chiffres - A+DMC<\/title>\n<meta name=\"robots\" content=\"index, follow, max-snippet:-1, max-image-preview:large, max-video-preview:-1\" \/>\n<link rel=\"canonical\" href=\"https:\/\/aplusdmc.com\/fr\/general-statistics\/\" \/>\n<meta property=\"og:locale\" content=\"fr_FR\" \/>\n<meta property=\"og:type\" content=\"article\" \/>\n<meta property=\"og:title\" content=\"Les Chiffres - A+DMC\" \/>\n<meta property=\"og:description\" content=\"Les chiffres Localisation Dans la Mer M\u00e9diterran\u00e9enne, \u00e0 93km au sud de la Sicile et 290km du point le plus proche de l\u2019Afrique du Nord. Les \u00eeles principales Malta, Gozo, Comino, Cominotto, Filfla Capital La Vallette Population 516,199 (2021) Area 316\u00a0km2 Longueur 27 km (Malta) \/ 14 km (Gozo) Largeur 15 km (Malta) \/ 7 km (Gozo) Littoral 252.81km Groupes&nbsp;Continue Reading\" \/>\n<meta property=\"og:url\" content=\"https:\/\/aplusdmc.com\/fr\/general-statistics\/\" \/>\n<meta property=\"og:site_name\" content=\"A+DMC\" \/>\n<meta property=\"article:modified_time\" content=\"2022-01-26T10:48:58+00:00\" \/>\n<meta name=\"twitter:card\" content=\"summary_large_image\" \/>\n<meta name=\"twitter:label1\" content=\"Dur\u00e9e de lecture estim\u00e9e\" \/>\n\t<meta name=\"twitter:data1\" content=\"1 minute\" \/>\n<script type=\"application\/ld+json\" class=\"yoast-schema-graph\">{\"@context\":\"https:\/\/schema.org\",\"@graph\":[{\"@type\":\"WebPage\",\"@id\":\"https:\/\/aplusdmc.com\/fr\/general-statistics\/\",\"url\":\"https:\/\/aplusdmc.com\/fr\/general-statistics\/\",\"name\":\"Les Chiffres - A+DMC\",\"isPartOf\":{\"@id\":\"https:\/\/aplusdmc.com\/#website\"},\"datePublished\":\"2016-02-26T09:32:18+00:00\",\"dateModified\":\"2022-01-26T10:48:58+00:00\",\"breadcrumb\":{\"@id\":\"https:\/\/aplusdmc.com\/fr\/general-statistics\/#breadcrumb\"},\"inLanguage\":\"fr-FR\",\"potentialAction\":[{\"@type\":\"ReadAction\",\"target\":[\"https:\/\/aplusdmc.com\/fr\/general-statistics\/\"]}]},{\"@type\":\"BreadcrumbList\",\"@id\":\"https:\/\/aplusdmc.com\/fr\/general-statistics\/#breadcrumb\",\"itemListElement\":[{\"@type\":\"ListItem\",\"position\":1,\"name\":\"Home\",\"item\":\"https:\/\/aplusdmc.com\/fr\/\"},{\"@type\":\"ListItem\",\"position\":2,\"name\":\"Les Chiffres\"}]},{\"@type\":\"WebSite\",\"@id\":\"https:\/\/aplusdmc.com\/#website\",\"url\":\"https:\/\/aplusdmc.com\/\",\"name\":\"A+DMC\",\"description\":\"\",\"potentialAction\":[{\"@type\":\"SearchAction\",\"target\":{\"@type\":\"EntryPoint\",\"urlTemplate\":\"https:\/\/aplusdmc.com\/?s={search_term_string}\"},\"query-input\":{\"@type\":\"PropertyValueSpecification\",\"valueRequired\":true,\"valueName\":\"search_term_string\"}}],\"inLanguage\":\"fr-FR\"}]}<\/script>\n<!-- \/ Yoast SEO plugin. -->","yoast_head_json":{"title":"Les Chiffres - A+DMC","robots":{"index":"index","follow":"follow","max-snippet":"max-snippet:-1","max-image-preview":"max-image-preview:large","max-video-preview":"max-video-preview:-1"},"canonical":"https:\/\/aplusdmc.com\/fr\/general-statistics\/","og_locale":"fr_FR","og_type":"article","og_title":"Les Chiffres - A+DMC","og_description":"Les chiffres Localisation Dans la Mer M\u00e9diterran\u00e9enne, \u00e0 93km au sud de la Sicile et 290km du point le plus proche de l\u2019Afrique du Nord. Les \u00eeles principales Malta, Gozo, Comino, Cominotto, Filfla Capital La Vallette Population 516,199 (2021) Area 316\u00a0km2 Longueur 27 km (Malta) \/ 14 km (Gozo) Largeur 15 km (Malta) \/ 7 km (Gozo) Littoral 252.81km Groupes&nbsp;Continue Reading","og_url":"https:\/\/aplusdmc.com\/fr\/general-statistics\/","og_site_name":"A+DMC","article_modified_time":"2022-01-26T10:48:58+00:00","twitter_card":"summary_large_image","twitter_misc":{"Dur\u00e9e de lecture estim\u00e9e":"1 minute"},"schema":{"@context":"https:\/\/schema.org","@graph":[{"@type":"WebPage","@id":"https:\/\/aplusdmc.com\/fr\/general-statistics\/","url":"https:\/\/aplusdmc.com\/fr\/general-statistics\/","name":"Les Chiffres - A+DMC","isPartOf":{"@id":"https:\/\/aplusdmc.com\/#website"},"datePublished":"2016-02-26T09:32:18+00:00","dateModified":"2022-01-26T10:48:58+00:00","breadcrumb":{"@id":"https:\/\/aplusdmc.com\/fr\/general-statistics\/#breadcrumb"},"inLanguage":"fr-FR","potentialAction":[{"@type":"ReadAction","target":["https:\/\/aplusdmc.com\/fr\/general-statistics\/"]}]},{"@type":"BreadcrumbList","@id":"https:\/\/aplusdmc.com\/fr\/general-statistics\/#breadcrumb","itemListElement":[{"@type":"ListItem","position":1,"name":"Home","item":"https:\/\/aplusdmc.com\/fr\/"},{"@type":"ListItem","position":2,"name":"Les Chiffres"}]},{"@type":"WebSite","@id":"https:\/\/aplusdmc.com\/#website","url":"https:\/\/aplusdmc.com\/","name":"A+DMC","description":"","potentialAction":[{"@type":"SearchAction","target":{"@type":"EntryPoint","urlTemplate":"https:\/\/aplusdmc.com\/?s={search_term_string}"},"query-input":{"@type":"PropertyValueSpecification","valueRequired":true,"valueName":"search_term_string"}}],"inLanguage":"fr-FR"}]}},"_links":{"self":[{"href":"https:\/\/aplusdmc.com\/fr\/wp-json\/wp\/v2\/pages\/3468","targetHints":{"allow":["GET"]}}],"collection":[{"href":"https:\/\/aplusdmc.com\/fr\/wp-json\/wp\/v2\/pages"}],"about":[{"href":"https:\/\/aplusdmc.com\/fr\/wp-json\/wp\/v2\/types\/page"}],"author":[{"embeddable":true,"href":"https:\/\/aplusdmc.com\/fr\/wp-json\/wp\/v2\/users\/4"}],"replies":[{"embeddable":true,"href":"https:\/\/aplusdmc.com\/fr\/wp-json\/wp\/v2\/comments?post=3468"}],"version-history":[{"count":3,"href":"https:\/\/aplusdmc.com\/fr\/wp-json\/wp\/v2\/pages\/3468\/revisions"}],"predecessor-version":[{"id":4347,"href":"https:\/\/aplusdmc.com\/fr\/wp-json\/wp\/v2\/pages\/3468\/revisions\/4347"}],"wp:attachment":[{"href":"https:\/\/aplusdmc.com\/fr\/wp-json\/wp\/v2\/media?parent=3468"}],"curies":[{"name":"wp","href":"https:\/\/api.w.org\/{rel}","templated":true}]}}