{"id":3460,"date":"2016-02-25T14:07:05","date_gmt":"2016-02-25T14:07:05","guid":{"rendered":"https:\/\/www.aplusdmc.com\/\/our-services\/additional-services\/"},"modified":"2022-01-26T11:18:26","modified_gmt":"2022-01-26T10:18:26","slug":"additional-services","status":"publish","type":"page","link":"https:\/\/aplusdmc.com\/fr\/our-services\/additional-services\/","title":{"rendered":"Services Coml\u00e9mentaires"},"content":{"rendered":"<h2>Services Compl\u00e9mentaires<\/h2>\n<p>A+<span class=\"hps\">DMC <\/span><span class=\"hps\">fournit<\/span> <span class=\"hps\">\u00e9galement des services sp\u00e9ciaux<\/span> <span class=\"hps\">pour donner \u00e0 votre<\/span> <span class=\"hps\">client cette petite <\/span><span class=\"hps\">attention\u00a0<\/span><span class=\"hps\">suppl\u00e9mentaire qui<\/span> <span class=\"hps\">fera la diff\u00e9rence<\/span>.<\/p>\n<ul>\n<li>Voitures de collection<\/li>\n<li>Autocars vintage<\/li>\n<li>Limousine<\/li>\n<li><span lang=\"fr\" tabindex=\"-1\"><span class=\"hps\">Assistance<\/span> <span class=\"hps\">A\u00e9roport<\/span><\/span> : a<span lang=\"fr\" tabindex=\"-1\">ccueil par chauffeur <\/span>\u00e0 la descente de l'avion, salon VIP<\/li>\n<li>Photographe<\/li>\n<li><span id=\"result_box\" lang=\"fr\" tabindex=\"-1\"><span class=\"hps\">Cadeaux<\/span><\/span><span id=\"result_box\" lang=\"fr\" tabindex=\"-1\"><span class=\"hps\"> souvenirs<\/span><\/span><\/li>\n<li><span class=\"hps\">Programme sp\u00e9cial<\/span> <span class=\"hps atn\">VIP (<\/span>Voile, golf, polo <span class=\"hps\">..)<\/span><\/li>\n<\/ul>\n","protected":false},"excerpt":{"rendered":"Services Compl\u00e9mentaires A+DMC fournit \u00e9galement des services sp\u00e9ciaux pour donner \u00e0 votre client cette petite attention\u00a0suppl\u00e9mentaire qui fera la diff\u00e9rence. Voitures de collection Autocars vintage Limousine Assistance A\u00e9roport : accueil par chauffeur \u00e0 la descente de l'avion, salon VIP Photographe Cadeaux souvenirs Programme sp\u00e9cial VIP (Voile, golf, polo ..)","protected":false},"author":4,"featured_media":0,"parent":3392,"menu_order":0,"comment_status":"closed","ping_status":"closed","template":"page-activities-team.php","meta":{"_acf_changed":false,"footnotes":""},"class_list":["post-3460","page","type-page","status-publish","hentry"],"acf":[],"yoast_head":"<!-- This site is optimized with the Yoast SEO plugin v26.8 - https:\/\/yoast.com\/product\/yoast-seo-wordpress\/ -->\n<title>Services Coml\u00e9mentaires - A+DMC<\/title>\n<meta name=\"robots\" content=\"index, follow, max-snippet:-1, max-image-preview:large, max-video-preview:-1\" \/>\n<link rel=\"canonical\" href=\"https:\/\/aplusdmc.com\/fr\/our-services\/additional-services\/\" \/>\n<meta property=\"og:locale\" content=\"fr_FR\" \/>\n<meta property=\"og:type\" content=\"article\" \/>\n<meta property=\"og:title\" content=\"Services Coml\u00e9mentaires - A+DMC\" \/>\n<meta property=\"og:description\" content=\"Services Compl\u00e9mentaires A+DMC fournit \u00e9galement des services sp\u00e9ciaux pour donner \u00e0 votre client cette petite attention\u00a0suppl\u00e9mentaire qui fera la diff\u00e9rence. Voitures de collection Autocars vintage Limousine Assistance A\u00e9roport : accueil par chauffeur \u00e0 la descente de l&#039;avion, salon VIP Photographe Cadeaux souvenirs Programme sp\u00e9cial VIP (Voile, golf, polo ..)\" \/>\n<meta property=\"og:url\" content=\"https:\/\/aplusdmc.com\/fr\/our-services\/additional-services\/\" \/>\n<meta property=\"og:site_name\" content=\"A+DMC\" \/>\n<meta property=\"article:modified_time\" content=\"2022-01-26T10:18:26+00:00\" \/>\n<meta name=\"twitter:card\" content=\"summary_large_image\" \/>\n<meta name=\"twitter:label1\" content=\"Dur\u00e9e de lecture estim\u00e9e\" \/>\n\t<meta name=\"twitter:data1\" content=\"1 minute\" \/>\n<script type=\"application\/ld+json\" class=\"yoast-schema-graph\">{\"@context\":\"https:\/\/schema.org\",\"@graph\":[{\"@type\":\"WebPage\",\"@id\":\"https:\/\/aplusdmc.com\/fr\/our-services\/additional-services\/\",\"url\":\"https:\/\/aplusdmc.com\/fr\/our-services\/additional-services\/\",\"name\":\"Services Coml\u00e9mentaires - A+DMC\",\"isPartOf\":{\"@id\":\"https:\/\/aplusdmc.com\/#website\"},\"datePublished\":\"2016-02-25T14:07:05+00:00\",\"dateModified\":\"2022-01-26T10:18:26+00:00\",\"breadcrumb\":{\"@id\":\"https:\/\/aplusdmc.com\/fr\/our-services\/additional-services\/#breadcrumb\"},\"inLanguage\":\"fr-FR\",\"potentialAction\":[{\"@type\":\"ReadAction\",\"target\":[\"https:\/\/aplusdmc.com\/fr\/our-services\/additional-services\/\"]}]},{\"@type\":\"BreadcrumbList\",\"@id\":\"https:\/\/aplusdmc.com\/fr\/our-services\/additional-services\/#breadcrumb\",\"itemListElement\":[{\"@type\":\"ListItem\",\"position\":1,\"name\":\"Home\",\"item\":\"https:\/\/aplusdmc.com\/fr\/\"},{\"@type\":\"ListItem\",\"position\":2,\"name\":\"Nos Services\",\"item\":\"https:\/\/aplusdmc.com\/fr\/our-services\/\"},{\"@type\":\"ListItem\",\"position\":3,\"name\":\"Services Coml\u00e9mentaires\"}]},{\"@type\":\"WebSite\",\"@id\":\"https:\/\/aplusdmc.com\/#website\",\"url\":\"https:\/\/aplusdmc.com\/\",\"name\":\"A+DMC\",\"description\":\"\",\"potentialAction\":[{\"@type\":\"SearchAction\",\"target\":{\"@type\":\"EntryPoint\",\"urlTemplate\":\"https:\/\/aplusdmc.com\/?s={search_term_string}\"},\"query-input\":{\"@type\":\"PropertyValueSpecification\",\"valueRequired\":true,\"valueName\":\"search_term_string\"}}],\"inLanguage\":\"fr-FR\"}]}<\/script>\n<!-- \/ Yoast SEO plugin. -->","yoast_head_json":{"title":"Services Coml\u00e9mentaires - A+DMC","robots":{"index":"index","follow":"follow","max-snippet":"max-snippet:-1","max-image-preview":"max-image-preview:large","max-video-preview":"max-video-preview:-1"},"canonical":"https:\/\/aplusdmc.com\/fr\/our-services\/additional-services\/","og_locale":"fr_FR","og_type":"article","og_title":"Services Coml\u00e9mentaires - A+DMC","og_description":"Services Compl\u00e9mentaires A+DMC fournit \u00e9galement des services sp\u00e9ciaux pour donner \u00e0 votre client cette petite attention\u00a0suppl\u00e9mentaire qui fera la diff\u00e9rence. Voitures de collection Autocars vintage Limousine Assistance A\u00e9roport : accueil par chauffeur \u00e0 la descente de l'avion, salon VIP Photographe Cadeaux souvenirs Programme sp\u00e9cial VIP (Voile, golf, polo ..)","og_url":"https:\/\/aplusdmc.com\/fr\/our-services\/additional-services\/","og_site_name":"A+DMC","article_modified_time":"2022-01-26T10:18:26+00:00","twitter_card":"summary_large_image","twitter_misc":{"Dur\u00e9e de lecture estim\u00e9e":"1 minute"},"schema":{"@context":"https:\/\/schema.org","@graph":[{"@type":"WebPage","@id":"https:\/\/aplusdmc.com\/fr\/our-services\/additional-services\/","url":"https:\/\/aplusdmc.com\/fr\/our-services\/additional-services\/","name":"Services Coml\u00e9mentaires - A+DMC","isPartOf":{"@id":"https:\/\/aplusdmc.com\/#website"},"datePublished":"2016-02-25T14:07:05+00:00","dateModified":"2022-01-26T10:18:26+00:00","breadcrumb":{"@id":"https:\/\/aplusdmc.com\/fr\/our-services\/additional-services\/#breadcrumb"},"inLanguage":"fr-FR","potentialAction":[{"@type":"ReadAction","target":["https:\/\/aplusdmc.com\/fr\/our-services\/additional-services\/"]}]},{"@type":"BreadcrumbList","@id":"https:\/\/aplusdmc.com\/fr\/our-services\/additional-services\/#breadcrumb","itemListElement":[{"@type":"ListItem","position":1,"name":"Home","item":"https:\/\/aplusdmc.com\/fr\/"},{"@type":"ListItem","position":2,"name":"Nos Services","item":"https:\/\/aplusdmc.com\/fr\/our-services\/"},{"@type":"ListItem","position":3,"name":"Services Coml\u00e9mentaires"}]},{"@type":"WebSite","@id":"https:\/\/aplusdmc.com\/#website","url":"https:\/\/aplusdmc.com\/","name":"A+DMC","description":"","potentialAction":[{"@type":"SearchAction","target":{"@type":"EntryPoint","urlTemplate":"https:\/\/aplusdmc.com\/?s={search_term_string}"},"query-input":{"@type":"PropertyValueSpecification","valueRequired":true,"valueName":"search_term_string"}}],"inLanguage":"fr-FR"}]}},"_links":{"self":[{"href":"https:\/\/aplusdmc.com\/fr\/wp-json\/wp\/v2\/pages\/3460","targetHints":{"allow":["GET"]}}],"collection":[{"href":"https:\/\/aplusdmc.com\/fr\/wp-json\/wp\/v2\/pages"}],"about":[{"href":"https:\/\/aplusdmc.com\/fr\/wp-json\/wp\/v2\/types\/page"}],"author":[{"embeddable":true,"href":"https:\/\/aplusdmc.com\/fr\/wp-json\/wp\/v2\/users\/4"}],"replies":[{"embeddable":true,"href":"https:\/\/aplusdmc.com\/fr\/wp-json\/wp\/v2\/comments?post=3460"}],"version-history":[{"count":5,"href":"https:\/\/aplusdmc.com\/fr\/wp-json\/wp\/v2\/pages\/3460\/revisions"}],"predecessor-version":[{"id":4323,"href":"https:\/\/aplusdmc.com\/fr\/wp-json\/wp\/v2\/pages\/3460\/revisions\/4323"}],"up":[{"embeddable":true,"href":"https:\/\/aplusdmc.com\/fr\/wp-json\/wp\/v2\/pages\/3392"}],"wp:attachment":[{"href":"https:\/\/aplusdmc.com\/fr\/wp-json\/wp\/v2\/media?parent=3460"}],"curies":[{"name":"wp","href":"https:\/\/api.w.org\/{rel}","templated":true}]}}