{"id":3457,"date":"2016-02-25T14:00:57","date_gmt":"2016-02-25T14:00:57","guid":{"rendered":"https:\/\/www.aplusdmc.com\/\/our-services\/gala-evenings-restaurants\/"},"modified":"2016-03-10T16:17:59","modified_gmt":"2016-03-10T16:17:59","slug":"gala-evenings-restaurants","status":"publish","type":"page","link":"https:\/\/aplusdmc.com\/fr\/our-services\/gala-evenings-restaurants\/","title":{"rendered":"D\u00eeners de Gala &#038; Restaurants"},"content":{"rendered":"<h2 class=\"art-PostHeader\">D\u00eeners de Gala &amp; Restaurants<\/h2>\n<p><span id=\"result_box\" lang=\"fr\" tabindex=\"-1\"><span class=\"hps\">Imaginez<\/span> <span class=\"hps alt-edited\">un accueil<\/span> <span class=\"hps\">par des musiciens<\/span> <span class=\"hps\">et des acteurs<\/span> <span class=\"hps\">en costumes d'\u00e9poque<\/span> <span class=\"hps\">-<\/span> <span class=\"hps\">batteurs,<\/span> <span class=\"hps\">trompettistes<\/span>, des porteurs de torches, <span class=\"hps\">lances<\/span> <span class=\"hps\">et<\/span> <span class=\"hps\">drapeaux<\/span> <\/span>et s<span id=\"result_box\" lang=\"fr\" tabindex=\"-1\"><span class=\"hps\">uivi d'un cocktail<\/span> <span class=\"hps\">tout en admirant<\/span> <span class=\"hps\">le Grand Port<\/span> <span class=\"hps\">de La Valette -<\/span> <span class=\"hps\">ou sur<\/span> <span class=\"hps\">les <\/span><\/span><span id=\"result_box\" lang=\"fr\" tabindex=\"-1\"><span class=\"hps\">remparts datant de <\/span><\/span><span id=\"result_box\" lang=\"fr\" tabindex=\"-1\"><span class=\"hps\">2000<\/span> <span class=\"hps\">ans<\/span>\u00a0<span class=\"hps\">de<\/span> <span class=\"hps\">la capitale m\u00e9di\u00e9vale<\/span>, <span class=\"hps\">Mdina<\/span> <span class=\"hps\">-<\/span> <span class=\"hps\">ou simplement en se d\u00e9tendant<\/span> <span class=\"hps\">sur la plage<\/span>.<\/span>.<\/p>\n<p><span id=\"result_box\" lang=\"fr\" tabindex=\"-1\"><span class=\"hps\">Le cocktail esr servi<\/span> <span class=\"hps\">par<\/span> <span class=\"hps\">des \"tables<\/span> <span class=\"hps\">humaines\"<\/span>, et anim\u00e9 par des jongleurs <span class=\"hps\">de feu<\/span>, avaleur de sabre, combat \u00e0 l'\u00e9p\u00e9e<\/span>..\u00a0<span class=\"hps\">Pour<\/span> <span class=\"hps\">d\u00eener<\/span>, Malte <span class=\"hps\">a beaucoup<\/span> <span class=\"hps\">\u00e0 offrir:<\/span><\/p>\n<ul>\n<li><span class=\"hps\">Soir\u00e9e de gala<\/span> <span class=\"hps\">dans l'un des<\/span> <span class=\"hps\">plus anciens palais<\/span> <span class=\"hps\">de l'\u00eele ou<\/span> <span class=\"hps\">\u00e0 l'ancien H\u00f4pital<\/span> <span class=\"hps\">des Chevaliers<\/span><\/li>\n<li><span class=\"hps\">D\u00eener<\/span> <span class=\"hps\">dans un restaurant gastronomique<\/span><\/li>\n<li>D<span class=\"hps\">\u00eener traditionnel<\/span> <span class=\"hps\">maltais dans<\/span> <span class=\"hps\">une ferme typique avec<\/span> <span class=\"hps\">animation<\/span> <span class=\"hps\">folklorique<\/span><\/li>\n<li>BBQ sur la plage<\/li>\n<li>Diner croisi\u00e8re<\/li>\n<\/ul>\n<p><span class=\"hps\">Pour<\/span> <span class=\"hps\">poursuivre votre<\/span> <span class=\"hps\">soir\u00e9e en beaut\u00e9<\/span>, nous vous conseillons <span class=\"hps\">une animation \"casino<\/span>\" <span class=\"hps\">suivie<\/span> <span class=\"hps\">par une soir\u00e9e dansante <\/span><span class=\"hps\">avec<\/span> <span class=\"hps\">musique live<\/span> <span class=\"hps\">\/<\/span> <span class=\"hps\">DJ<\/span> <span class=\"hps\">sur le lieu du diner ou dans un <\/span><span class=\"hps\">des<\/span> <span class=\"hps\">clubs les plus<\/span> <span class=\"hps\">exclusifs de<\/span> <span class=\"hps\">St<\/span><span class=\"hps\">Julians.<\/span>s.<\/p>\n","protected":false},"excerpt":{"rendered":"D\u00eeners de Gala &amp; Restaurants Imaginez un accueil par des musiciens et des acteurs en costumes d'\u00e9poque - batteurs, trompettistes, des porteurs de torches, lances et drapeaux et suivi d'un cocktail tout en admirant le Grand Port de La Valette - ou sur les remparts datant de 2000 ans\u00a0de la capitale m\u00e9di\u00e9vale, Mdina - ou simplement en se d\u00e9tendant sur&nbsp;<a href=\"https:\/\/aplusdmc.com\/fr\/our-services\/gala-evenings-restaurants\/\" class=\"read-more\">Continue Reading<\/a>","protected":false},"author":4,"featured_media":0,"parent":3392,"menu_order":0,"comment_status":"closed","ping_status":"closed","template":"page-activities-team.php","meta":{"_acf_changed":false,"footnotes":""},"class_list":["post-3457","page","type-page","status-publish","hentry"],"acf":[],"yoast_head":"<!-- This site is optimized with the Yoast SEO plugin v26.8 - https:\/\/yoast.com\/product\/yoast-seo-wordpress\/ -->\n<title>D\u00eeners de Gala &amp; Restaurants - A+DMC<\/title>\n<meta name=\"robots\" content=\"index, follow, max-snippet:-1, max-image-preview:large, max-video-preview:-1\" \/>\n<link rel=\"canonical\" href=\"https:\/\/aplusdmc.com\/fr\/our-services\/gala-evenings-restaurants\/\" \/>\n<meta property=\"og:locale\" content=\"fr_FR\" \/>\n<meta property=\"og:type\" content=\"article\" \/>\n<meta property=\"og:title\" content=\"D\u00eeners de Gala &amp; Restaurants - A+DMC\" \/>\n<meta property=\"og:description\" content=\"D\u00eeners de Gala &amp; Restaurants Imaginez un accueil par des musiciens et des acteurs en costumes d&#039;\u00e9poque - batteurs, trompettistes, des porteurs de torches, lances et drapeaux et suivi d&#039;un cocktail tout en admirant le Grand Port de La Valette - ou sur les remparts datant de 2000 ans\u00a0de la capitale m\u00e9di\u00e9vale, Mdina - ou simplement en se d\u00e9tendant sur&nbsp;Continue Reading\" \/>\n<meta property=\"og:url\" content=\"https:\/\/aplusdmc.com\/fr\/our-services\/gala-evenings-restaurants\/\" \/>\n<meta property=\"og:site_name\" content=\"A+DMC\" \/>\n<meta property=\"article:modified_time\" content=\"2016-03-10T16:17:59+00:00\" \/>\n<meta name=\"twitter:card\" content=\"summary_large_image\" \/>\n<meta name=\"twitter:label1\" content=\"Dur\u00e9e de lecture estim\u00e9e\" \/>\n\t<meta name=\"twitter:data1\" content=\"1 minute\" \/>\n<script type=\"application\/ld+json\" class=\"yoast-schema-graph\">{\"@context\":\"https:\/\/schema.org\",\"@graph\":[{\"@type\":\"WebPage\",\"@id\":\"https:\/\/aplusdmc.com\/fr\/our-services\/gala-evenings-restaurants\/\",\"url\":\"https:\/\/aplusdmc.com\/fr\/our-services\/gala-evenings-restaurants\/\",\"name\":\"D\u00eeners de Gala & Restaurants - A+DMC\",\"isPartOf\":{\"@id\":\"https:\/\/aplusdmc.com\/#website\"},\"datePublished\":\"2016-02-25T14:00:57+00:00\",\"dateModified\":\"2016-03-10T16:17:59+00:00\",\"breadcrumb\":{\"@id\":\"https:\/\/aplusdmc.com\/fr\/our-services\/gala-evenings-restaurants\/#breadcrumb\"},\"inLanguage\":\"fr-FR\",\"potentialAction\":[{\"@type\":\"ReadAction\",\"target\":[\"https:\/\/aplusdmc.com\/fr\/our-services\/gala-evenings-restaurants\/\"]}]},{\"@type\":\"BreadcrumbList\",\"@id\":\"https:\/\/aplusdmc.com\/fr\/our-services\/gala-evenings-restaurants\/#breadcrumb\",\"itemListElement\":[{\"@type\":\"ListItem\",\"position\":1,\"name\":\"Home\",\"item\":\"https:\/\/aplusdmc.com\/fr\/\"},{\"@type\":\"ListItem\",\"position\":2,\"name\":\"Nos Services\",\"item\":\"https:\/\/aplusdmc.com\/fr\/our-services\/\"},{\"@type\":\"ListItem\",\"position\":3,\"name\":\"D\u00eeners de Gala &#038; Restaurants\"}]},{\"@type\":\"WebSite\",\"@id\":\"https:\/\/aplusdmc.com\/#website\",\"url\":\"https:\/\/aplusdmc.com\/\",\"name\":\"A+DMC\",\"description\":\"\",\"potentialAction\":[{\"@type\":\"SearchAction\",\"target\":{\"@type\":\"EntryPoint\",\"urlTemplate\":\"https:\/\/aplusdmc.com\/?s={search_term_string}\"},\"query-input\":{\"@type\":\"PropertyValueSpecification\",\"valueRequired\":true,\"valueName\":\"search_term_string\"}}],\"inLanguage\":\"fr-FR\"}]}<\/script>\n<!-- \/ Yoast SEO plugin. -->","yoast_head_json":{"title":"D\u00eeners de Gala & Restaurants - A+DMC","robots":{"index":"index","follow":"follow","max-snippet":"max-snippet:-1","max-image-preview":"max-image-preview:large","max-video-preview":"max-video-preview:-1"},"canonical":"https:\/\/aplusdmc.com\/fr\/our-services\/gala-evenings-restaurants\/","og_locale":"fr_FR","og_type":"article","og_title":"D\u00eeners de Gala & Restaurants - A+DMC","og_description":"D\u00eeners de Gala &amp; Restaurants Imaginez un accueil par des musiciens et des acteurs en costumes d'\u00e9poque - batteurs, trompettistes, des porteurs de torches, lances et drapeaux et suivi d'un cocktail tout en admirant le Grand Port de La Valette - ou sur les remparts datant de 2000 ans\u00a0de la capitale m\u00e9di\u00e9vale, Mdina - ou simplement en se d\u00e9tendant sur&nbsp;Continue Reading","og_url":"https:\/\/aplusdmc.com\/fr\/our-services\/gala-evenings-restaurants\/","og_site_name":"A+DMC","article_modified_time":"2016-03-10T16:17:59+00:00","twitter_card":"summary_large_image","twitter_misc":{"Dur\u00e9e de lecture estim\u00e9e":"1 minute"},"schema":{"@context":"https:\/\/schema.org","@graph":[{"@type":"WebPage","@id":"https:\/\/aplusdmc.com\/fr\/our-services\/gala-evenings-restaurants\/","url":"https:\/\/aplusdmc.com\/fr\/our-services\/gala-evenings-restaurants\/","name":"D\u00eeners de Gala & Restaurants - A+DMC","isPartOf":{"@id":"https:\/\/aplusdmc.com\/#website"},"datePublished":"2016-02-25T14:00:57+00:00","dateModified":"2016-03-10T16:17:59+00:00","breadcrumb":{"@id":"https:\/\/aplusdmc.com\/fr\/our-services\/gala-evenings-restaurants\/#breadcrumb"},"inLanguage":"fr-FR","potentialAction":[{"@type":"ReadAction","target":["https:\/\/aplusdmc.com\/fr\/our-services\/gala-evenings-restaurants\/"]}]},{"@type":"BreadcrumbList","@id":"https:\/\/aplusdmc.com\/fr\/our-services\/gala-evenings-restaurants\/#breadcrumb","itemListElement":[{"@type":"ListItem","position":1,"name":"Home","item":"https:\/\/aplusdmc.com\/fr\/"},{"@type":"ListItem","position":2,"name":"Nos Services","item":"https:\/\/aplusdmc.com\/fr\/our-services\/"},{"@type":"ListItem","position":3,"name":"D\u00eeners de Gala &#038; Restaurants"}]},{"@type":"WebSite","@id":"https:\/\/aplusdmc.com\/#website","url":"https:\/\/aplusdmc.com\/","name":"A+DMC","description":"","potentialAction":[{"@type":"SearchAction","target":{"@type":"EntryPoint","urlTemplate":"https:\/\/aplusdmc.com\/?s={search_term_string}"},"query-input":{"@type":"PropertyValueSpecification","valueRequired":true,"valueName":"search_term_string"}}],"inLanguage":"fr-FR"}]}},"_links":{"self":[{"href":"https:\/\/aplusdmc.com\/fr\/wp-json\/wp\/v2\/pages\/3457","targetHints":{"allow":["GET"]}}],"collection":[{"href":"https:\/\/aplusdmc.com\/fr\/wp-json\/wp\/v2\/pages"}],"about":[{"href":"https:\/\/aplusdmc.com\/fr\/wp-json\/wp\/v2\/types\/page"}],"author":[{"embeddable":true,"href":"https:\/\/aplusdmc.com\/fr\/wp-json\/wp\/v2\/users\/4"}],"replies":[{"embeddable":true,"href":"https:\/\/aplusdmc.com\/fr\/wp-json\/wp\/v2\/comments?post=3457"}],"version-history":[{"count":4,"href":"https:\/\/aplusdmc.com\/fr\/wp-json\/wp\/v2\/pages\/3457\/revisions"}],"predecessor-version":[{"id":3642,"href":"https:\/\/aplusdmc.com\/fr\/wp-json\/wp\/v2\/pages\/3457\/revisions\/3642"}],"up":[{"embeddable":true,"href":"https:\/\/aplusdmc.com\/fr\/wp-json\/wp\/v2\/pages\/3392"}],"wp:attachment":[{"href":"https:\/\/aplusdmc.com\/fr\/wp-json\/wp\/v2\/media?parent=3457"}],"curies":[{"name":"wp","href":"https:\/\/api.w.org\/{rel}","templated":true}]}}