{"id":3454,"date":"2016-02-25T08:50:57","date_gmt":"2016-02-25T08:50:57","guid":{"rendered":"https:\/\/www.aplusdmc.com\/\/our-services\/activities-team-building\/"},"modified":"2017-07-13T16:06:26","modified_gmt":"2017-07-13T15:06:26","slug":"activities-team-building","status":"publish","type":"page","link":"https:\/\/aplusdmc.com\/fr\/our-services\/activities-team-building\/","title":{"rendered":"Activit\u00e9s &#038; Team Building"},"content":{"rendered":"<h2 class=\"art-PostHeader\">Activit\u00e9s &amp; Team Building<\/h2>\n<p style=\"text-align: justify;\"><span id=\"result_box\" lang=\"fr\" tabindex=\"-1\"><span class=\"hps\">Nous \u00e9tablirons un programme sur mesure selon<\/span><span class=\"hps\"> les caract\u00e9ristiques des<\/span> \u00eeles maltaises et<span class=\"hps\"> les sp\u00e9cificit\u00e9s de votre projet<\/span><\/span>.<\/p>\n<p>&nbsp;<\/p>\n<p><!--\n<img loading=\"lazy\" decoding=\"async\" class=\"alignnone wp-image-3076 size-thumbnail\" src=\"https:\/\/www.aplusdmc.com\/\/wp-content\/uploads\/2016\/02\/Massar_Winery_Vineyards_3-150x150.jpg\" alt=\"Massar_Winery_Vineyards_3\" width=\"150\" height=\"150\" \/>\n<img loading=\"lazy\" decoding=\"async\" class=\"alignnone wp-image-3077 size-thumbnail\" src=\"https:\/\/www.aplusdmc.com\/\/wp-content\/uploads\/2016\/02\/Cooking_48-150x150.jpg\" alt=\"Cooking_48\" width=\"150\" height=\"150\" \/>\n<img loading=\"lazy\" decoding=\"async\" class=\"alignnone wp-image-3078 size-thumbnail\" src=\"https:\/\/www.aplusdmc.com\/\/wp-content\/uploads\/2016\/02\/Flower_7-150x150.jpg\" alt=\"Flower_7\" width=\"150\" height=\"150\" \/>\n--><\/p>\n","protected":false},"excerpt":{"rendered":"Activit\u00e9s &amp; Team Building Nous \u00e9tablirons un programme sur mesure selon les caract\u00e9ristiques des \u00eeles maltaises et les sp\u00e9cificit\u00e9s de votre projet. &nbsp;","protected":false},"author":4,"featured_media":3059,"parent":3392,"menu_order":0,"comment_status":"closed","ping_status":"closed","template":"page-activities-team.php","meta":{"_acf_changed":false,"footnotes":""},"class_list":["post-3454","page","type-page","status-publish","has-post-thumbnail","hentry"],"acf":[],"yoast_head":"<!-- This site is optimized with the Yoast SEO plugin v26.8 - https:\/\/yoast.com\/product\/yoast-seo-wordpress\/ -->\n<title>Activit\u00e9s &amp; Team Building - A+DMC<\/title>\n<meta name=\"robots\" content=\"index, follow, max-snippet:-1, max-image-preview:large, max-video-preview:-1\" \/>\n<link rel=\"canonical\" href=\"https:\/\/aplusdmc.com\/fr\/our-services\/activities-team-building\/\" \/>\n<meta property=\"og:locale\" content=\"fr_FR\" \/>\n<meta property=\"og:type\" content=\"article\" \/>\n<meta property=\"og:title\" content=\"Activit\u00e9s &amp; Team Building - A+DMC\" \/>\n<meta property=\"og:description\" content=\"Activit\u00e9s &amp; Team Building Nous \u00e9tablirons un programme sur mesure selon les caract\u00e9ristiques des \u00eeles maltaises et les sp\u00e9cificit\u00e9s de votre projet. &nbsp;\" \/>\n<meta property=\"og:url\" content=\"https:\/\/aplusdmc.com\/fr\/our-services\/activities-team-building\/\" \/>\n<meta property=\"og:site_name\" content=\"A+DMC\" \/>\n<meta property=\"article:modified_time\" content=\"2017-07-13T15:06:26+00:00\" \/>\n<meta property=\"og:image\" content=\"https:\/\/aplusdmc.com\/wp-content\/uploads\/2016\/02\/Balcony_31-1024x636.jpg\" \/>\n\t<meta property=\"og:image:width\" content=\"1024\" \/>\n\t<meta property=\"og:image:height\" content=\"636\" \/>\n\t<meta property=\"og:image:type\" content=\"image\/jpeg\" \/>\n<meta name=\"twitter:card\" content=\"summary_large_image\" \/>\n<script type=\"application\/ld+json\" class=\"yoast-schema-graph\">{\"@context\":\"https:\/\/schema.org\",\"@graph\":[{\"@type\":\"WebPage\",\"@id\":\"https:\/\/aplusdmc.com\/fr\/our-services\/activities-team-building\/\",\"url\":\"https:\/\/aplusdmc.com\/fr\/our-services\/activities-team-building\/\",\"name\":\"Activit\u00e9s & Team Building - A+DMC\",\"isPartOf\":{\"@id\":\"https:\/\/aplusdmc.com\/#website\"},\"primaryImageOfPage\":{\"@id\":\"https:\/\/aplusdmc.com\/fr\/our-services\/activities-team-building\/#primaryimage\"},\"image\":{\"@id\":\"https:\/\/aplusdmc.com\/fr\/our-services\/activities-team-building\/#primaryimage\"},\"thumbnailUrl\":\"https:\/\/aplusdmc.com\/wp-content\/uploads\/2016\/02\/Balcony_31.jpg\",\"datePublished\":\"2016-02-25T08:50:57+00:00\",\"dateModified\":\"2017-07-13T15:06:26+00:00\",\"breadcrumb\":{\"@id\":\"https:\/\/aplusdmc.com\/fr\/our-services\/activities-team-building\/#breadcrumb\"},\"inLanguage\":\"fr-FR\",\"potentialAction\":[{\"@type\":\"ReadAction\",\"target\":[\"https:\/\/aplusdmc.com\/fr\/our-services\/activities-team-building\/\"]}]},{\"@type\":\"ImageObject\",\"inLanguage\":\"fr-FR\",\"@id\":\"https:\/\/aplusdmc.com\/fr\/our-services\/activities-team-building\/#primaryimage\",\"url\":\"https:\/\/aplusdmc.com\/wp-content\/uploads\/2016\/02\/Balcony_31.jpg\",\"contentUrl\":\"https:\/\/aplusdmc.com\/wp-content\/uploads\/2016\/02\/Balcony_31.jpg\",\"width\":4000,\"height\":2484},{\"@type\":\"BreadcrumbList\",\"@id\":\"https:\/\/aplusdmc.com\/fr\/our-services\/activities-team-building\/#breadcrumb\",\"itemListElement\":[{\"@type\":\"ListItem\",\"position\":1,\"name\":\"Home\",\"item\":\"https:\/\/aplusdmc.com\/fr\/\"},{\"@type\":\"ListItem\",\"position\":2,\"name\":\"Nos Services\",\"item\":\"https:\/\/aplusdmc.com\/fr\/our-services\/\"},{\"@type\":\"ListItem\",\"position\":3,\"name\":\"Activit\u00e9s &#038; Team Building\"}]},{\"@type\":\"WebSite\",\"@id\":\"https:\/\/aplusdmc.com\/#website\",\"url\":\"https:\/\/aplusdmc.com\/\",\"name\":\"A+DMC\",\"description\":\"\",\"potentialAction\":[{\"@type\":\"SearchAction\",\"target\":{\"@type\":\"EntryPoint\",\"urlTemplate\":\"https:\/\/aplusdmc.com\/?s={search_term_string}\"},\"query-input\":{\"@type\":\"PropertyValueSpecification\",\"valueRequired\":true,\"valueName\":\"search_term_string\"}}],\"inLanguage\":\"fr-FR\"}]}<\/script>\n<!-- \/ Yoast SEO plugin. -->","yoast_head_json":{"title":"Activit\u00e9s & Team Building - A+DMC","robots":{"index":"index","follow":"follow","max-snippet":"max-snippet:-1","max-image-preview":"max-image-preview:large","max-video-preview":"max-video-preview:-1"},"canonical":"https:\/\/aplusdmc.com\/fr\/our-services\/activities-team-building\/","og_locale":"fr_FR","og_type":"article","og_title":"Activit\u00e9s & Team Building - A+DMC","og_description":"Activit\u00e9s &amp; Team Building Nous \u00e9tablirons un programme sur mesure selon les caract\u00e9ristiques des \u00eeles maltaises et les sp\u00e9cificit\u00e9s de votre projet. &nbsp;","og_url":"https:\/\/aplusdmc.com\/fr\/our-services\/activities-team-building\/","og_site_name":"A+DMC","article_modified_time":"2017-07-13T15:06:26+00:00","og_image":[{"width":1024,"height":636,"url":"https:\/\/aplusdmc.com\/wp-content\/uploads\/2016\/02\/Balcony_31-1024x636.jpg","type":"image\/jpeg"}],"twitter_card":"summary_large_image","schema":{"@context":"https:\/\/schema.org","@graph":[{"@type":"WebPage","@id":"https:\/\/aplusdmc.com\/fr\/our-services\/activities-team-building\/","url":"https:\/\/aplusdmc.com\/fr\/our-services\/activities-team-building\/","name":"Activit\u00e9s & Team Building - A+DMC","isPartOf":{"@id":"https:\/\/aplusdmc.com\/#website"},"primaryImageOfPage":{"@id":"https:\/\/aplusdmc.com\/fr\/our-services\/activities-team-building\/#primaryimage"},"image":{"@id":"https:\/\/aplusdmc.com\/fr\/our-services\/activities-team-building\/#primaryimage"},"thumbnailUrl":"https:\/\/aplusdmc.com\/wp-content\/uploads\/2016\/02\/Balcony_31.jpg","datePublished":"2016-02-25T08:50:57+00:00","dateModified":"2017-07-13T15:06:26+00:00","breadcrumb":{"@id":"https:\/\/aplusdmc.com\/fr\/our-services\/activities-team-building\/#breadcrumb"},"inLanguage":"fr-FR","potentialAction":[{"@type":"ReadAction","target":["https:\/\/aplusdmc.com\/fr\/our-services\/activities-team-building\/"]}]},{"@type":"ImageObject","inLanguage":"fr-FR","@id":"https:\/\/aplusdmc.com\/fr\/our-services\/activities-team-building\/#primaryimage","url":"https:\/\/aplusdmc.com\/wp-content\/uploads\/2016\/02\/Balcony_31.jpg","contentUrl":"https:\/\/aplusdmc.com\/wp-content\/uploads\/2016\/02\/Balcony_31.jpg","width":4000,"height":2484},{"@type":"BreadcrumbList","@id":"https:\/\/aplusdmc.com\/fr\/our-services\/activities-team-building\/#breadcrumb","itemListElement":[{"@type":"ListItem","position":1,"name":"Home","item":"https:\/\/aplusdmc.com\/fr\/"},{"@type":"ListItem","position":2,"name":"Nos Services","item":"https:\/\/aplusdmc.com\/fr\/our-services\/"},{"@type":"ListItem","position":3,"name":"Activit\u00e9s &#038; Team Building"}]},{"@type":"WebSite","@id":"https:\/\/aplusdmc.com\/#website","url":"https:\/\/aplusdmc.com\/","name":"A+DMC","description":"","potentialAction":[{"@type":"SearchAction","target":{"@type":"EntryPoint","urlTemplate":"https:\/\/aplusdmc.com\/?s={search_term_string}"},"query-input":{"@type":"PropertyValueSpecification","valueRequired":true,"valueName":"search_term_string"}}],"inLanguage":"fr-FR"}]}},"_links":{"self":[{"href":"https:\/\/aplusdmc.com\/fr\/wp-json\/wp\/v2\/pages\/3454","targetHints":{"allow":["GET"]}}],"collection":[{"href":"https:\/\/aplusdmc.com\/fr\/wp-json\/wp\/v2\/pages"}],"about":[{"href":"https:\/\/aplusdmc.com\/fr\/wp-json\/wp\/v2\/types\/page"}],"author":[{"embeddable":true,"href":"https:\/\/aplusdmc.com\/fr\/wp-json\/wp\/v2\/users\/4"}],"replies":[{"embeddable":true,"href":"https:\/\/aplusdmc.com\/fr\/wp-json\/wp\/v2\/comments?post=3454"}],"version-history":[{"count":7,"href":"https:\/\/aplusdmc.com\/fr\/wp-json\/wp\/v2\/pages\/3454\/revisions"}],"predecessor-version":[{"id":4324,"href":"https:\/\/aplusdmc.com\/fr\/wp-json\/wp\/v2\/pages\/3454\/revisions\/4324"}],"up":[{"embeddable":true,"href":"https:\/\/aplusdmc.com\/fr\/wp-json\/wp\/v2\/pages\/3392"}],"wp:featuredmedia":[{"embeddable":true,"href":"https:\/\/aplusdmc.com\/fr\/wp-json\/wp\/v2\/media\/3059"}],"wp:attachment":[{"href":"https:\/\/aplusdmc.com\/fr\/wp-json\/wp\/v2\/media?parent=3454"}],"curies":[{"name":"wp","href":"https:\/\/api.w.org\/{rel}","templated":true}]}}