{"id":3395,"date":"2016-02-18T12:41:05","date_gmt":"2016-02-18T12:41:05","guid":{"rendered":"https:\/\/www.aplusdmc.com\/\/our-services\/accommodation-conference-facilities\/"},"modified":"2022-01-26T11:44:33","modified_gmt":"2022-01-26T10:44:33","slug":"accommodation-conference-facilities","status":"publish","type":"page","link":"https:\/\/aplusdmc.com\/fr\/our-services\/accommodation-conference-facilities\/","title":{"rendered":"H\u00e9bergements"},"content":{"rendered":"<h2 class=\"margin-b-20\">H\u00e9bergements<\/h2>\n<p style=\"text-align: justify;\">Malte offre un large choix d'h\u00f4tels 4* et 5* qui sont parfaitement adapt\u00e9s aux besoins de conf\u00e9rence et d'affaires incitatif. Tous les h\u00f4tel 5*, ainsi que certains 4*, ont leur propre salles de r\u00e9union. Plusieurs de ces h\u00f4tels sont situ\u00e9s \u00e0 St Julians, r\u00e9put\u00e9e pour sa grande vari\u00e9t\u00e9 de restaurants, bars, discoth\u00e8ques et commerces. Si vous recherchez un havre de paix, exclusif et authentique, loin de la foule et des grosses infrastructures, l\u2019\u00eele de Gozo est l\u2019endroit id\u00e9al, offrant des h\u00f4tels 5* et d\u2019anciennes fermes r\u00e9nov\u00e9es en villas de luxes.<\/p>\n<p style=\"text-align: justify;\"><img loading=\"lazy\" decoding=\"async\" class=\"alignnone  wp-image-3984\" src=\"https:\/\/aplusdmc.com\/wp-content\/uploads\/2012\/06\/105199506-300x199.jpg\" alt=\"\" width=\"359\" height=\"238\" srcset=\"https:\/\/aplusdmc.com\/wp-content\/uploads\/2012\/06\/105199506-300x199.jpg 300w, https:\/\/aplusdmc.com\/wp-content\/uploads\/2012\/06\/105199506-768x510.jpg 768w, https:\/\/aplusdmc.com\/wp-content\/uploads\/2012\/06\/105199506.jpg 1024w\" sizes=\"auto, (max-width: 359px) 100vw, 359px\" \/>\u00a0 \u00a0 \u00a0<img loading=\"lazy\" decoding=\"async\" class=\"alignnone  wp-image-3828\" src=\"https:\/\/aplusdmc.com\/wp-content\/uploads\/2016\/02\/58126600-e1499873467210-300x196.jpg\" alt=\"\" width=\"365\" height=\"239\" srcset=\"https:\/\/aplusdmc.com\/wp-content\/uploads\/2016\/02\/58126600-e1499873467210-300x196.jpg 300w, https:\/\/aplusdmc.com\/wp-content\/uploads\/2016\/02\/58126600-e1499873467210-768x501.jpg 768w, https:\/\/aplusdmc.com\/wp-content\/uploads\/2016\/02\/58126600-e1499873467210.jpg 988w\" sizes=\"auto, (max-width: 365px) 100vw, 365px\" \/><\/p>\n<p style=\"text-align: justify;\"><strong>Voire nos H\u00e9bergements choisis ci-dessous<\/strong><\/p>\n<p style=\"text-align: justify;\">\u00a0 \u00a0 \u00a0 \u00a0 \u00a0 \u00a0 \u00a0 \u00a0 \u00a0 \u00a0 \u00a0 \u00a0 \u00a0 \u00a0 \u00a0 \u00a0 <strong>V<\/strong><\/p>\n<p style=\"text-align: justify;\">\u00a0 \u00a0 \u00a0 \u00a0 \u00a0 \u00a0 \u00a0 \u00a0 \u00a0 \u00a0 \u00a0 \u00a0 \u00a0 \u00a0 \u00a0 \u00a0 V<\/p>\n\n\n<p><\/p>\n","protected":false},"excerpt":{"rendered":"H\u00e9bergements Malte offre un large choix d'h\u00f4tels 4* et 5* qui sont parfaitement adapt\u00e9s aux besoins de conf\u00e9rence et d'affaires incitatif. Tous les h\u00f4tel 5*, ainsi que certains 4*, ont leur propre salles de r\u00e9union. Plusieurs de ces h\u00f4tels sont situ\u00e9s \u00e0 St Julians, r\u00e9put\u00e9e pour sa grande vari\u00e9t\u00e9 de restaurants, bars, discoth\u00e8ques et commerces. Si vous recherchez un havre&nbsp;<a href=\"https:\/\/aplusdmc.com\/fr\/our-services\/accommodation-conference-facilities\/\" class=\"read-more\">Continue Reading<\/a>","protected":false},"author":4,"featured_media":0,"parent":3392,"menu_order":0,"comment_status":"closed","ping_status":"closed","template":"page-Portfolio4Cols-filterable.php","meta":{"_acf_changed":false,"footnotes":""},"class_list":["post-3395","page","type-page","status-publish","hentry"],"acf":[],"yoast_head":"<!-- This site is optimized with the Yoast SEO plugin v26.8 - https:\/\/yoast.com\/product\/yoast-seo-wordpress\/ -->\n<title>H\u00e9bergements - A+DMC<\/title>\n<meta name=\"robots\" content=\"index, follow, max-snippet:-1, max-image-preview:large, max-video-preview:-1\" \/>\n<link rel=\"canonical\" href=\"https:\/\/aplusdmc.com\/fr\/our-services\/accommodation-conference-facilities\/\" \/>\n<meta property=\"og:locale\" content=\"fr_FR\" \/>\n<meta property=\"og:type\" content=\"article\" \/>\n<meta property=\"og:title\" content=\"H\u00e9bergements - A+DMC\" \/>\n<meta property=\"og:description\" content=\"H\u00e9bergements Malte offre un large choix d&#039;h\u00f4tels 4* et 5* qui sont parfaitement adapt\u00e9s aux besoins de conf\u00e9rence et d&#039;affaires incitatif. Tous les h\u00f4tel 5*, ainsi que certains 4*, ont leur propre salles de r\u00e9union. Plusieurs de ces h\u00f4tels sont situ\u00e9s \u00e0 St Julians, r\u00e9put\u00e9e pour sa grande vari\u00e9t\u00e9 de restaurants, bars, discoth\u00e8ques et commerces. Si vous recherchez un havre&nbsp;Continue Reading\" \/>\n<meta property=\"og:url\" content=\"https:\/\/aplusdmc.com\/fr\/our-services\/accommodation-conference-facilities\/\" \/>\n<meta property=\"og:site_name\" content=\"A+DMC\" \/>\n<meta property=\"article:modified_time\" content=\"2022-01-26T10:44:33+00:00\" \/>\n<meta property=\"og:image\" content=\"https:\/\/aplusdmc.com\/wp-content\/uploads\/2012\/06\/105199506-300x199.jpg\" \/>\n<meta name=\"twitter:card\" content=\"summary_large_image\" \/>\n<meta name=\"twitter:label1\" content=\"Dur\u00e9e de lecture estim\u00e9e\" \/>\n\t<meta name=\"twitter:data1\" content=\"1 minute\" \/>\n<script type=\"application\/ld+json\" class=\"yoast-schema-graph\">{\"@context\":\"https:\/\/schema.org\",\"@graph\":[{\"@type\":\"WebPage\",\"@id\":\"https:\/\/aplusdmc.com\/fr\/our-services\/accommodation-conference-facilities\/\",\"url\":\"https:\/\/aplusdmc.com\/fr\/our-services\/accommodation-conference-facilities\/\",\"name\":\"H\u00e9bergements - A+DMC\",\"isPartOf\":{\"@id\":\"https:\/\/aplusdmc.com\/#website\"},\"primaryImageOfPage\":{\"@id\":\"https:\/\/aplusdmc.com\/fr\/our-services\/accommodation-conference-facilities\/#primaryimage\"},\"image\":{\"@id\":\"https:\/\/aplusdmc.com\/fr\/our-services\/accommodation-conference-facilities\/#primaryimage\"},\"thumbnailUrl\":\"https:\/\/aplusdmc.com\/wp-content\/uploads\/2012\/06\/105199506-300x199.jpg\",\"datePublished\":\"2016-02-18T12:41:05+00:00\",\"dateModified\":\"2022-01-26T10:44:33+00:00\",\"breadcrumb\":{\"@id\":\"https:\/\/aplusdmc.com\/fr\/our-services\/accommodation-conference-facilities\/#breadcrumb\"},\"inLanguage\":\"fr-FR\",\"potentialAction\":[{\"@type\":\"ReadAction\",\"target\":[\"https:\/\/aplusdmc.com\/fr\/our-services\/accommodation-conference-facilities\/\"]}]},{\"@type\":\"ImageObject\",\"inLanguage\":\"fr-FR\",\"@id\":\"https:\/\/aplusdmc.com\/fr\/our-services\/accommodation-conference-facilities\/#primaryimage\",\"url\":\"https:\/\/aplusdmc.com\/wp-content\/uploads\/2012\/06\/105199506-300x199.jpg\",\"contentUrl\":\"https:\/\/aplusdmc.com\/wp-content\/uploads\/2012\/06\/105199506-300x199.jpg\"},{\"@type\":\"BreadcrumbList\",\"@id\":\"https:\/\/aplusdmc.com\/fr\/our-services\/accommodation-conference-facilities\/#breadcrumb\",\"itemListElement\":[{\"@type\":\"ListItem\",\"position\":1,\"name\":\"Home\",\"item\":\"https:\/\/aplusdmc.com\/fr\/\"},{\"@type\":\"ListItem\",\"position\":2,\"name\":\"Nos Services\",\"item\":\"https:\/\/aplusdmc.com\/fr\/our-services\/\"},{\"@type\":\"ListItem\",\"position\":3,\"name\":\"H\u00e9bergements\"}]},{\"@type\":\"WebSite\",\"@id\":\"https:\/\/aplusdmc.com\/#website\",\"url\":\"https:\/\/aplusdmc.com\/\",\"name\":\"A+DMC\",\"description\":\"\",\"potentialAction\":[{\"@type\":\"SearchAction\",\"target\":{\"@type\":\"EntryPoint\",\"urlTemplate\":\"https:\/\/aplusdmc.com\/?s={search_term_string}\"},\"query-input\":{\"@type\":\"PropertyValueSpecification\",\"valueRequired\":true,\"valueName\":\"search_term_string\"}}],\"inLanguage\":\"fr-FR\"}]}<\/script>\n<!-- \/ Yoast SEO plugin. -->","yoast_head_json":{"title":"H\u00e9bergements - A+DMC","robots":{"index":"index","follow":"follow","max-snippet":"max-snippet:-1","max-image-preview":"max-image-preview:large","max-video-preview":"max-video-preview:-1"},"canonical":"https:\/\/aplusdmc.com\/fr\/our-services\/accommodation-conference-facilities\/","og_locale":"fr_FR","og_type":"article","og_title":"H\u00e9bergements - A+DMC","og_description":"H\u00e9bergements Malte offre un large choix d'h\u00f4tels 4* et 5* qui sont parfaitement adapt\u00e9s aux besoins de conf\u00e9rence et d'affaires incitatif. Tous les h\u00f4tel 5*, ainsi que certains 4*, ont leur propre salles de r\u00e9union. Plusieurs de ces h\u00f4tels sont situ\u00e9s \u00e0 St Julians, r\u00e9put\u00e9e pour sa grande vari\u00e9t\u00e9 de restaurants, bars, discoth\u00e8ques et commerces. Si vous recherchez un havre&nbsp;Continue Reading","og_url":"https:\/\/aplusdmc.com\/fr\/our-services\/accommodation-conference-facilities\/","og_site_name":"A+DMC","article_modified_time":"2022-01-26T10:44:33+00:00","og_image":[{"url":"https:\/\/aplusdmc.com\/wp-content\/uploads\/2012\/06\/105199506-300x199.jpg","type":"","width":"","height":""}],"twitter_card":"summary_large_image","twitter_misc":{"Dur\u00e9e de lecture estim\u00e9e":"1 minute"},"schema":{"@context":"https:\/\/schema.org","@graph":[{"@type":"WebPage","@id":"https:\/\/aplusdmc.com\/fr\/our-services\/accommodation-conference-facilities\/","url":"https:\/\/aplusdmc.com\/fr\/our-services\/accommodation-conference-facilities\/","name":"H\u00e9bergements - A+DMC","isPartOf":{"@id":"https:\/\/aplusdmc.com\/#website"},"primaryImageOfPage":{"@id":"https:\/\/aplusdmc.com\/fr\/our-services\/accommodation-conference-facilities\/#primaryimage"},"image":{"@id":"https:\/\/aplusdmc.com\/fr\/our-services\/accommodation-conference-facilities\/#primaryimage"},"thumbnailUrl":"https:\/\/aplusdmc.com\/wp-content\/uploads\/2012\/06\/105199506-300x199.jpg","datePublished":"2016-02-18T12:41:05+00:00","dateModified":"2022-01-26T10:44:33+00:00","breadcrumb":{"@id":"https:\/\/aplusdmc.com\/fr\/our-services\/accommodation-conference-facilities\/#breadcrumb"},"inLanguage":"fr-FR","potentialAction":[{"@type":"ReadAction","target":["https:\/\/aplusdmc.com\/fr\/our-services\/accommodation-conference-facilities\/"]}]},{"@type":"ImageObject","inLanguage":"fr-FR","@id":"https:\/\/aplusdmc.com\/fr\/our-services\/accommodation-conference-facilities\/#primaryimage","url":"https:\/\/aplusdmc.com\/wp-content\/uploads\/2012\/06\/105199506-300x199.jpg","contentUrl":"https:\/\/aplusdmc.com\/wp-content\/uploads\/2012\/06\/105199506-300x199.jpg"},{"@type":"BreadcrumbList","@id":"https:\/\/aplusdmc.com\/fr\/our-services\/accommodation-conference-facilities\/#breadcrumb","itemListElement":[{"@type":"ListItem","position":1,"name":"Home","item":"https:\/\/aplusdmc.com\/fr\/"},{"@type":"ListItem","position":2,"name":"Nos Services","item":"https:\/\/aplusdmc.com\/fr\/our-services\/"},{"@type":"ListItem","position":3,"name":"H\u00e9bergements"}]},{"@type":"WebSite","@id":"https:\/\/aplusdmc.com\/#website","url":"https:\/\/aplusdmc.com\/","name":"A+DMC","description":"","potentialAction":[{"@type":"SearchAction","target":{"@type":"EntryPoint","urlTemplate":"https:\/\/aplusdmc.com\/?s={search_term_string}"},"query-input":{"@type":"PropertyValueSpecification","valueRequired":true,"valueName":"search_term_string"}}],"inLanguage":"fr-FR"}]}},"_links":{"self":[{"href":"https:\/\/aplusdmc.com\/fr\/wp-json\/wp\/v2\/pages\/3395","targetHints":{"allow":["GET"]}}],"collection":[{"href":"https:\/\/aplusdmc.com\/fr\/wp-json\/wp\/v2\/pages"}],"about":[{"href":"https:\/\/aplusdmc.com\/fr\/wp-json\/wp\/v2\/types\/page"}],"author":[{"embeddable":true,"href":"https:\/\/aplusdmc.com\/fr\/wp-json\/wp\/v2\/users\/4"}],"replies":[{"embeddable":true,"href":"https:\/\/aplusdmc.com\/fr\/wp-json\/wp\/v2\/comments?post=3395"}],"version-history":[{"count":20,"href":"https:\/\/aplusdmc.com\/fr\/wp-json\/wp\/v2\/pages\/3395\/revisions"}],"predecessor-version":[{"id":4345,"href":"https:\/\/aplusdmc.com\/fr\/wp-json\/wp\/v2\/pages\/3395\/revisions\/4345"}],"up":[{"embeddable":true,"href":"https:\/\/aplusdmc.com\/fr\/wp-json\/wp\/v2\/pages\/3392"}],"wp:attachment":[{"href":"https:\/\/aplusdmc.com\/fr\/wp-json\/wp\/v2\/media?parent=3395"}],"curies":[{"name":"wp","href":"https:\/\/api.w.org\/{rel}","templated":true}]}}