{"id":3384,"date":"2016-02-18T12:44:07","date_gmt":"2016-02-18T12:44:07","guid":{"rendered":"https:\/\/www.aplusdmc.com\/\/the-company-3\/"},"modified":"2022-02-09T10:04:41","modified_gmt":"2022-02-09T09:04:41","slug":"the-company","status":"publish","type":"page","link":"https:\/\/aplusdmc.com\/fr\/the-company\/","title":{"rendered":"L&#8217;Entreprise"},"content":{"rendered":"<div class=\"mp-row-fluid motopress-row mpce-dsbl-margin-left mpce-dsbl-margin-right\">\n<div class=\"motopress-clmn mp-span12  mpce-dsbl-margin-left mpce-dsbl-margin-right\">\n<section class=\"parallax-box image-parallax-box parallax-box__style-4 text-white\" ><div class=\"parallax-content\">\n<h2>Depuis 40 ans nous mettons notre expertise \u00e0 votre disposition afin de r\u00e9ussir ensemble vos plus beaux \u00e9v\u00e8nements sur les \u00eeles Maltaises.<\/h2>\n<div class=\"clear\"><\/div><\/div><div class=\"parallax-bg\" data-parallax-type=\"image\" data-img-url=\"https:\/\/www.aplusdmc.com\/\/wp-content\/uploads\/2016\/02\/Gozo-Cliffs-by-Clive-Vella.jpg\" data-speed=\"1.5\" data-invert=\"false\" ><\/div><\/section>\n<div class=\"title-box clearfix \"><h2 class=\"title-box_primary\">QUI SOMMES NOUS?<\/h2><h3 class=\"title-box_secondary\">A+DMC Malta, by Robert Arrigo &amp; Sons, est un r\u00e9ceptif proposant un service complet, bas\u00e9 sur l'\u00eele M\u00e9diterran\u00e9enne Malta, et reconnu par l'office national du tourisme d'affaire de Malte. Sp\u00e9cialiste dans le secteur M.I.C.E depuis 40 ans, l'agence garde la flexibilit\u00e9 d'une petite enterprise compos\u00e9e d'une trentaine d'individus, tous professionnels dans leur domaine. Cette \u00e9quipe, bien soud\u00e9e, a pour objectif de garantir le succ\u00e8s de toutes vos operations \u00e9v\u00e8nementielles \u00e0 Malte.<\/h3><\/div><!-- \/\/.title-box -->\n<div class=\"row \">\n<div class=\"span10 offset1\"><h4><\/div><\/h4>\n<\/div><!-- .row (end) -->\n<div class=\"row \">\n<div class=\"span4 \"><div class=\"service-box service-box__style-1\"><figure class=\"icon\"><i class=\"icon-time\"><\/i><\/figure><div class=\"service-box_body\"><h2 class=\"title\">DEPUIS 1983<\/h2><div class=\"service-box_txt\">Au fil des ann\u00e9es, A+DMC a d\u00e9velopp\u00e9 des alliances strat\u00e9giques ainsi que d\u2019\u00e9troits partenariats avec des professionnels du tourisme d\u2019affaires. Choisir A+DMC, c\u2019est b\u00e9n\u00e9ficier de l\u2019expertise de notre personnel francophone motiv\u00e9.<\/div><\/div><\/div><!-- \/Service Box --><\/div>\n<div class=\"span4 \"><div class=\"service-box service-box__style-1\"><figure class=\"icon\"><i class=\"icon-bullseye\"><\/i><\/figure><div class=\"service-box_body\"><h2 class=\"title\">Notre Mission<\/h2><div class=\"service-box_txt\">Pr\u00e9senter une vari\u00e9t\u00e9 de produits et services \u00e9v\u00e8nementiels aux agences de tourisme d\u2019affaire, offrant un excellent rapport qualit\u00e9\/prix, tout en assurant une originalit\u00e9 cr\u00e9ative.<\/div><\/div><\/div><!-- \/Service Box --><\/div>\n<div class=\"span4 \"><div class=\"service-box service-box__style-1\"><figure class=\"icon\"><div style=\"width: 40px;\"><img decoding=\"async\" src=\"\/wp-content\/themes\/admc\/images\/quality-assured.png\"\/><\/div><\/figure><div class=\"service-box_body\"><h2 class=\"title\">RECOMPENSE &amp; DISTINCTIONS<\/h2><div class=\"service-box_txt\">A+DMC a obtenu le label de \u00ab garantie qualit\u00e9 \u00bb. Ce projet, lanc\u00e9 en 2008 par l\u2019Office National du Tourisme maltais, a pour but de r\u00e9compenser les agences r\u00e9ceptives (DMC) qui s\u2019engagent \u00e0 fournir et maintenir un service de haut niveau.<\/div><\/div><\/div><!-- \/Service Box --><\/div>\n<\/div><!-- .row (end) -->\n<section class=\"parallax-box image-parallax-box parallax-box__style-5 our-strong-points text-white\" ><div class=\"parallax-content\">\n<div class=\"title-box clearfix \"><h2 class=\"title-box_primary\">Nos Points Forts<\/h2><\/div><!-- \/\/.title-box -->\n<div class=\"row \">\n<div class=\"span2 \"><div class=\"service-box service-box__style-2\"><figure class=\"icon\"><i class=\"icon-compass\"><\/i><\/figure><div class=\"service-box_body\"><h2 class=\"title\">PLUS DE 40 ANS D'EXPERIENCE<\/h2><\/div><\/div><!-- \/Service Box --><\/div>\n<div class=\"span2 \"><div class=\"service-box service-box__style-2\"><figure class=\"icon\"><i class=\"fa-bank\"><\/i><\/figure><div class=\"service-box_body\"><h2 class=\"title\">S\u00e9curit\u00e9 financi\u00e8re<\/h2><\/div><\/div><!-- \/Service Box --><\/div>\n<div class=\"span2 \"><div class=\"service-box service-box__style-2\"><figure class=\"icon\"><i class=\"fa-group\"><\/i><\/figure><div class=\"service-box_body\"><h2 class=\"title\">Soutien du groupe Robert Arrigo &amp; Sons<\/h2><\/div><\/div><!-- \/Service Box --><\/div>\n<div class=\"span2 \"><div class=\"service-box service-box__style-2\"><figure class=\"icon\"><i class=\"icon-asterisk\"><\/i><\/figure><div class=\"service-box_body\"><h2 class=\"title\">Flexibilit\u00e9 d\u2019une petite structure<\/h2><\/div><\/div><!-- \/Service Box --><\/div>\n<div class=\"span2 \"><div class=\"service-box service-box__style-2\"><figure class=\"icon\"><i class=\"fa-gavel\"><\/i><\/figure><div class=\"service-box_body\"><h2 class=\"title\">Important pouvoir de n\u00e9gotiation<\/h2><\/div><\/div><!-- \/Service Box --><\/div>\n<div class=\"span2 \"><div class=\"service-box service-box__style-2\"><figure class=\"icon\"><i class=\"icon-briefcase\"><\/i><\/figure><div class=\"service-box_body\"><h2 class=\"title\">Personnel polyglotte et exp\u00e9riment\u00e9<\/h2><\/div><\/div><!-- \/Service Box --><\/div>\n<div class=\"span2 \"><p>\u00a0<\/p><\/div>\n<\/div><!-- .row (end) -->\n<div class=\"clear\"><\/div><\/div><div class=\"parallax-bg\" data-parallax-type=\"image\" data-img-url=\"https:\/\/www.aplusdmc.com\/\/wp-content\/uploads\/2016\/02\/Gozo-Citadel-01-by-Clive-Vella.jpg\" data-speed=\"1.5\" data-invert=\"false\" ><\/div><\/section>\n<div class=\"title-box clearfix small_subtitle\">\n<h2 class=\"title-box_primary\">L'EQUIPE<\/h2>\n<h3 class=\"title-box_secondary\">A+DMC est compos\u00e9 d\u2019une \u00e9quipe francophone ayant plus de 20 ans d\u2019exp\u00e9rience dans le secteur M.I.C.E. \u00e0 Malte. N\u2019h\u00e9sitez pas \u00e0 nous contacter et nous vous r\u00e9pondrons sous 48 heures.'<\/h3>\n<p>\u00a0<\/p>\n<p>\u00a0<\/p>\n<\/div>\n<p><!-- &#091;title_box custom_class=\"small_subtitle\" title=\"L'EQUIPE\" subtitle=\"A+DMC est compos\u00e9 d\u2019une \u00e9quipe francophone sous la responsabilit\u00e9 d\u2019une directrice fran\u00e7aise ayant plus de 30 ans d\u2019exp\u00e9rience dans le secteur M.I.C.E. \u00e0 l\u2019international. N\u2019h\u00e9sitez pas \u00e0 nous contacter et nous vous r\u00e9pondrons sous 48 heures.\"&#093; --><\/p>\n<\/div>\n<\/div>\n","protected":false},"excerpt":{"rendered":"Depuis 40 ans nous mettons notre expertise \u00e0 votre disposition afin de r\u00e9ussir ensemble vos plus beaux \u00e9v\u00e8nements sur les \u00eeles Maltaises. QUI SOMMES NOUS?A+DMC Malta, by Robert Arrigo &amp; Sons, est un r\u00e9ceptif proposant un service complet, bas\u00e9 sur l'\u00eele M\u00e9diterran\u00e9enne Malta, et reconnu par l'office national du tourisme d'affaire de Malte. Sp\u00e9cialiste dans le secteur M.I.C.E depuis 40&nbsp;<a href=\"https:\/\/aplusdmc.com\/fr\/the-company\/\" class=\"read-more\">Continue Reading<\/a>","protected":false},"author":4,"featured_media":0,"parent":0,"menu_order":0,"comment_status":"closed","ping_status":"closed","template":"page-fullwidth.php","meta":{"_acf_changed":false,"footnotes":""},"class_list":["post-3384","page","type-page","status-publish","hentry"],"acf":[],"yoast_head":"<!-- This site is optimized with the Yoast SEO plugin v26.8 - https:\/\/yoast.com\/product\/yoast-seo-wordpress\/ -->\n<title>L&#039;Entreprise - A+DMC<\/title>\n<meta name=\"robots\" content=\"index, follow, max-snippet:-1, max-image-preview:large, max-video-preview:-1\" \/>\n<link rel=\"canonical\" href=\"https:\/\/aplusdmc.com\/fr\/the-company\/\" \/>\n<meta property=\"og:locale\" content=\"fr_FR\" \/>\n<meta property=\"og:type\" content=\"article\" \/>\n<meta property=\"og:title\" content=\"L&#039;Entreprise - A+DMC\" \/>\n<meta property=\"og:description\" content=\"Depuis 40 ans nous mettons notre expertise \u00e0 votre disposition afin de r\u00e9ussir ensemble vos plus beaux \u00e9v\u00e8nements sur les \u00eeles Maltaises. QUI SOMMES NOUS?A+DMC Malta, by Robert Arrigo &amp; Sons, est un r\u00e9ceptif proposant un service complet, bas\u00e9 sur l&#039;\u00eele M\u00e9diterran\u00e9enne Malta, et reconnu par l&#039;office national du tourisme d&#039;affaire de Malte. Sp\u00e9cialiste dans le secteur M.I.C.E depuis 40&nbsp;Continue Reading\" \/>\n<meta property=\"og:url\" content=\"https:\/\/aplusdmc.com\/fr\/the-company\/\" \/>\n<meta property=\"og:site_name\" content=\"A+DMC\" \/>\n<meta property=\"article:modified_time\" content=\"2022-02-09T09:04:41+00:00\" \/>\n<meta name=\"twitter:card\" content=\"summary_large_image\" \/>\n<meta name=\"twitter:label1\" content=\"Dur\u00e9e de lecture estim\u00e9e\" \/>\n\t<meta name=\"twitter:data1\" content=\"2 minutes\" \/>\n<script type=\"application\/ld+json\" class=\"yoast-schema-graph\">{\"@context\":\"https:\/\/schema.org\",\"@graph\":[{\"@type\":\"WebPage\",\"@id\":\"https:\/\/aplusdmc.com\/fr\/the-company\/\",\"url\":\"https:\/\/aplusdmc.com\/fr\/the-company\/\",\"name\":\"L'Entreprise - A+DMC\",\"isPartOf\":{\"@id\":\"https:\/\/aplusdmc.com\/#website\"},\"datePublished\":\"2016-02-18T12:44:07+00:00\",\"dateModified\":\"2022-02-09T09:04:41+00:00\",\"breadcrumb\":{\"@id\":\"https:\/\/aplusdmc.com\/fr\/the-company\/#breadcrumb\"},\"inLanguage\":\"fr-FR\",\"potentialAction\":[{\"@type\":\"ReadAction\",\"target\":[\"https:\/\/aplusdmc.com\/fr\/the-company\/\"]}]},{\"@type\":\"BreadcrumbList\",\"@id\":\"https:\/\/aplusdmc.com\/fr\/the-company\/#breadcrumb\",\"itemListElement\":[{\"@type\":\"ListItem\",\"position\":1,\"name\":\"Home\",\"item\":\"https:\/\/aplusdmc.com\/fr\/\"},{\"@type\":\"ListItem\",\"position\":2,\"name\":\"L&#8217;Entreprise\"}]},{\"@type\":\"WebSite\",\"@id\":\"https:\/\/aplusdmc.com\/#website\",\"url\":\"https:\/\/aplusdmc.com\/\",\"name\":\"A+DMC\",\"description\":\"\",\"potentialAction\":[{\"@type\":\"SearchAction\",\"target\":{\"@type\":\"EntryPoint\",\"urlTemplate\":\"https:\/\/aplusdmc.com\/?s={search_term_string}\"},\"query-input\":{\"@type\":\"PropertyValueSpecification\",\"valueRequired\":true,\"valueName\":\"search_term_string\"}}],\"inLanguage\":\"fr-FR\"}]}<\/script>\n<!-- \/ Yoast SEO plugin. -->","yoast_head_json":{"title":"L'Entreprise - A+DMC","robots":{"index":"index","follow":"follow","max-snippet":"max-snippet:-1","max-image-preview":"max-image-preview:large","max-video-preview":"max-video-preview:-1"},"canonical":"https:\/\/aplusdmc.com\/fr\/the-company\/","og_locale":"fr_FR","og_type":"article","og_title":"L'Entreprise - A+DMC","og_description":"Depuis 40 ans nous mettons notre expertise \u00e0 votre disposition afin de r\u00e9ussir ensemble vos plus beaux \u00e9v\u00e8nements sur les \u00eeles Maltaises. QUI SOMMES NOUS?A+DMC Malta, by Robert Arrigo &amp; Sons, est un r\u00e9ceptif proposant un service complet, bas\u00e9 sur l'\u00eele M\u00e9diterran\u00e9enne Malta, et reconnu par l'office national du tourisme d'affaire de Malte. Sp\u00e9cialiste dans le secteur M.I.C.E depuis 40&nbsp;Continue Reading","og_url":"https:\/\/aplusdmc.com\/fr\/the-company\/","og_site_name":"A+DMC","article_modified_time":"2022-02-09T09:04:41+00:00","twitter_card":"summary_large_image","twitter_misc":{"Dur\u00e9e de lecture estim\u00e9e":"2 minutes"},"schema":{"@context":"https:\/\/schema.org","@graph":[{"@type":"WebPage","@id":"https:\/\/aplusdmc.com\/fr\/the-company\/","url":"https:\/\/aplusdmc.com\/fr\/the-company\/","name":"L'Entreprise - A+DMC","isPartOf":{"@id":"https:\/\/aplusdmc.com\/#website"},"datePublished":"2016-02-18T12:44:07+00:00","dateModified":"2022-02-09T09:04:41+00:00","breadcrumb":{"@id":"https:\/\/aplusdmc.com\/fr\/the-company\/#breadcrumb"},"inLanguage":"fr-FR","potentialAction":[{"@type":"ReadAction","target":["https:\/\/aplusdmc.com\/fr\/the-company\/"]}]},{"@type":"BreadcrumbList","@id":"https:\/\/aplusdmc.com\/fr\/the-company\/#breadcrumb","itemListElement":[{"@type":"ListItem","position":1,"name":"Home","item":"https:\/\/aplusdmc.com\/fr\/"},{"@type":"ListItem","position":2,"name":"L&#8217;Entreprise"}]},{"@type":"WebSite","@id":"https:\/\/aplusdmc.com\/#website","url":"https:\/\/aplusdmc.com\/","name":"A+DMC","description":"","potentialAction":[{"@type":"SearchAction","target":{"@type":"EntryPoint","urlTemplate":"https:\/\/aplusdmc.com\/?s={search_term_string}"},"query-input":{"@type":"PropertyValueSpecification","valueRequired":true,"valueName":"search_term_string"}}],"inLanguage":"fr-FR"}]}},"_links":{"self":[{"href":"https:\/\/aplusdmc.com\/fr\/wp-json\/wp\/v2\/pages\/3384","targetHints":{"allow":["GET"]}}],"collection":[{"href":"https:\/\/aplusdmc.com\/fr\/wp-json\/wp\/v2\/pages"}],"about":[{"href":"https:\/\/aplusdmc.com\/fr\/wp-json\/wp\/v2\/types\/page"}],"author":[{"embeddable":true,"href":"https:\/\/aplusdmc.com\/fr\/wp-json\/wp\/v2\/users\/4"}],"replies":[{"embeddable":true,"href":"https:\/\/aplusdmc.com\/fr\/wp-json\/wp\/v2\/comments?post=3384"}],"version-history":[{"count":25,"href":"https:\/\/aplusdmc.com\/fr\/wp-json\/wp\/v2\/pages\/3384\/revisions"}],"predecessor-version":[{"id":4359,"href":"https:\/\/aplusdmc.com\/fr\/wp-json\/wp\/v2\/pages\/3384\/revisions\/4359"}],"wp:attachment":[{"href":"https:\/\/aplusdmc.com\/fr\/wp-json\/wp\/v2\/media?parent=3384"}],"curies":[{"name":"wp","href":"https:\/\/api.w.org\/{rel}","templated":true}]}}