{"id":3374,"date":"2016-02-12T13:35:20","date_gmt":"2016-02-12T13:35:20","guid":{"rendered":"https:\/\/www.aplusdmc.com\/\/homepage-2\/"},"modified":"2017-07-13T15:20:49","modified_gmt":"2017-07-13T14:20:49","slug":"homepage","status":"publish","type":"page","link":"https:\/\/aplusdmc.com\/fr\/","title":{"rendered":"Accueil"},"content":{"rendered":"<div class=\"row \">\n<div class=\"span12 text-box\"><h2><strong>Le Sp\u00e9cialiste N\u00b01 de Malte en Conf\u00e9rences\u00a0et Incentives<\/strong><\/h2>\n<p style=\"text-align: justify;\">A+DMC Malta est un r\u00e9ceptif proposant un service complet pour ses clients. L\u2019agence a obtenu le label de \u00ab garantie qualit\u00e9 \u00bb par l\u2019Office National du Tourisme maltais. Sp\u00e9cialiste dans le secteur M.I.C.E, l\u2019agence b\u00e9n\u00e9ficie de la flexibilit\u00e9 d\u2019une petite entreprise, mais assist\u00e9e par une trentaine de collaborateurs, tous professionnels dans leurs domaines. Cette \u00e9quipe, bien soud\u00e9e, a pour mission de garantir la r\u00e9ussite de toutes vos op\u00e9rations \u00e9v\u00e8nementielles sur l\u2019archipel Maltais.<\/p><\/div>\n<p>&nbsp;<\/p>\n<\/div><!-- .row (end) -->\n<div class=\"row \">\n<div class=\"span12 text-box\"><h2><strong>Nos services<\/strong><\/h2>\n<p style=\"text-align: justify;\">Vous souhaitez que votre manifestation soit un succ\u00e8s pour votre client? A+ DMC Malta by Robert Arrigo &amp; Sons s\u2019occupe de tout : activit\u00e9s Team Building, Lancements de produit, Inaugurations, Congr\u00e8s, Symposiums, Cocktails, Soir\u00e9es, D\u00eeners de galas,\u2026etc.<\/p><\/div>\n<\/div><!-- .row (end) -->\n<section class=\"lazy-load-box trigger effect-fade \" data-delay=\"0\" data-speed=\"600\" style=\"-webkit-transition: all 600ms ease; -moz-transition: all 600ms ease; -ms-transition: all 600ms ease; -o-transition: all 600ms ease; transition: all 600ms ease;\">\n<ul class=\"posts-grid row-fluid unstyled posts-grid__style-1 bottom-posts-box ul-item-0\"><li class=\"span3 list-item-1\"><figure class=\"featured-thumbnail thumbnail\"><a title=\"Services Compl\u00e9mentaires\"href=\"\/fr\/our-services\/additional-services\/\" rel=\"\"><img decoding=\"async\"  src=\"https:\/\/aplusdmc.com\/wp-content\/uploads\/2011\/07\/Transport-original-270x270.jpg\" alt=\"Services Compl\u00e9mentaires\" \/><span class=\"zoom-icon\"><\/span><\/a><\/figure><div class=\"clear\"><\/div><h5><a href=\"\/fr\/our-services\/additional-services\/\" title=\"Services Compl\u00e9mentaires\">Services Compl\u00e9mentaires<\/a><\/h5><span class=\"subtitle\"><\/span><p class=\"excerpt\">Comment rendre votre s\u00e9jour encore plus m\u00e9morable?<\/p><a href=\"\/fr\/our-services\/additional-services\/\" class=\"btn btn-primary\" title=\"Services Compl\u00e9mentaires\">Voir details<\/a><\/li><li class=\"span3 list-item-2\"><figure class=\"featured-thumbnail thumbnail\"><a title=\"D\u00eeners de Gala &#038; Restaurants\"href=\"\/fr\/our-services\/gala-evenings-restaurants\/\" rel=\"\"><img decoding=\"async\"  src=\"https:\/\/aplusdmc.com\/wp-content\/uploads\/2011\/07\/Aperitivo-Night-Garden-with-orange-sky-by-Ben-270x270.jpg\" alt=\"D\u00eeners de Gala &#038; Restaurants\" \/><span class=\"zoom-icon\"><\/span><\/a><\/figure><div class=\"clear\"><\/div><h5><a href=\"\/fr\/our-services\/gala-evenings-restaurants\/\" title=\"D\u00eeners de Gala &#038; Restaurants\">D\u00eeners de Gala &#038; Restaurants<\/a><\/h5><span class=\"subtitle\"><\/span><p class=\"excerpt\">Lieux historiques, restauration en plein air, \u2018nouvelle cuisine\u2019, d\u00eeners folkloriques, animation..<\/p><a href=\"\/fr\/our-services\/gala-evenings-restaurants\/\" class=\"btn btn-primary\" title=\"D\u00eeners de Gala &#038; Restaurants\">Voir details<\/a><\/li><li class=\"span3 list-item-3\"><figure class=\"featured-thumbnail thumbnail\"><a title=\"Activit\u00e9s &#038; Team Building\"href=\"\/fr\/our-services\/activities-team-building\/\" rel=\"\"><img decoding=\"async\"  src=\"https:\/\/aplusdmc.com\/wp-content\/uploads\/2011\/07\/VULCO-VALLETTA-108-270x270.jpg\" alt=\"Activit\u00e9s &#038; Team Building\" \/><span class=\"zoom-icon\"><\/span><\/a><\/figure><div class=\"clear\"><\/div><h5><a href=\"\/fr\/our-services\/activities-team-building\/\" title=\"Activit\u00e9s &#038; Team Building\">Activit\u00e9s &#038; Team Building<\/a><\/h5><span class=\"subtitle\"><\/span><p class=\"excerpt\">Activit\u00e9s ludiques et interactives, team building et culturelles, \u00e9labor\u00e9es sur mesure..<\/p><a href=\"\/fr\/our-services\/activities-team-building\/\" class=\"btn btn-primary\" title=\"Activit\u00e9s &#038; Team Building\">Voir details<\/a><\/li><li class=\"span3 list-item-4\"><figure class=\"featured-thumbnail thumbnail\"><a title=\"Logement &#038; Salles de Conf\u00e9rence\"href=\"\/fr\/our-services\/accommodation-conference-facilities\/\" rel=\"\"><img decoding=\"async\"  src=\"https:\/\/aplusdmc.com\/wp-content\/uploads\/2016\/02\/CHSGB-Pools-2-270x270.jpg\" alt=\"Logement &#038; Salles de Conf\u00e9rence\" \/><span class=\"zoom-icon\"><\/span><\/a><\/figure><div class=\"clear\"><\/div><h5><a href=\"\/fr\/our-services\/accommodation-conference-facilities\/\" title=\"Logement &#038; Salles de Conf\u00e9rence\">Logement &#038; Salles de Conf\u00e9rence<\/a><\/h5><span class=\"subtitle\"><\/span><p class=\"excerpt\">Malte offre un vaste choix d'h\u00f4tels adapt\u00e9s \u00e0 la client\u00e8le M.I.C.E.<\/p><a href=\"\/fr\/our-services\/accommodation-conference-facilities\/\" class=\"btn btn-primary\" title=\"Logement &#038; Salles de Conf\u00e9rence\">Voir details<\/a><\/li><\/ul><!-- .posts-grid (end) -->\n<\/section>\n<section class=\"parallax-box image-parallax-box parallax-box__style-2 padding-b-100 margin-b-0\" ><div class=\"parallax-content\">\n<section class=\"lazy-load-box trigger effect-slidedown \" data-delay=\"0\" data-speed=\"600\" style=\"-webkit-transition: all 600ms ease; -moz-transition: all 600ms ease; -ms-transition: all 600ms ease; -o-transition: all 600ms ease; transition: all 600ms ease;\">\n<!--&#091;video_preview post_url=\"http:\/\/admc.swd45.co\/aenean-nonummy-hendrerit\/youtube-video\/\" title=\"no\" date=\"no\" author=\"no\" lightbox=\"no\"&#093;--><br \/>\n<div class=\"span10 inline-block\"><h3>Une destination in\u00e9galable<\/h3>\n<div class=\"motopress-video-obj\"><iframe src=\"\/\/www.youtube.com\/embed\/V1WIuVEppV4?wmode=opaque\" class=\" mpce-dsbl-margin-left mpce-dsbl-margin-right mpce-dsbl-margin-top mpce-dsbl-margin-bottom\" frameborder=\"0\" webkitallowfullscreen mozallowfullscreen allowfullscreen><\/iframe><\/div><\/div>\n<\/section>\n<div class=\"clear\"><\/div><\/div><div class=\"parallax-bg\" data-parallax-type=\"image\" data-img-url=\"https:\/\/www.aplusdmc.com\/\/wp-content\/uploads\/2016\/02\/p-video.jpg\" data-speed=\"1.5\" data-invert=\"false\" ><\/div><\/section>\n","protected":false},"excerpt":{"rendered":"","protected":false},"author":4,"featured_media":4122,"parent":0,"menu_order":0,"comment_status":"closed","ping_status":"closed","template":"page-home.php","meta":{"_acf_changed":false,"footnotes":""},"class_list":["post-3374","page","type-page","status-publish","has-post-thumbnail","hentry"],"acf":[],"yoast_head":"<!-- This site is optimized with the Yoast SEO plugin v26.8 - https:\/\/yoast.com\/product\/yoast-seo-wordpress\/ -->\n<title>Accueil - A+DMC<\/title>\n<meta name=\"description\" content=\"ACCUEIL\" \/>\n<meta name=\"robots\" content=\"index, follow, max-snippet:-1, max-image-preview:large, max-video-preview:-1\" \/>\n<link rel=\"canonical\" href=\"https:\/\/aplusdmc.com\/fr\/\" \/>\n<meta property=\"og:locale\" content=\"fr_FR\" \/>\n<meta property=\"og:type\" content=\"article\" \/>\n<meta property=\"og:title\" content=\"Accueil - A+DMC\" \/>\n<meta property=\"og:description\" content=\"ACCUEIL\" \/>\n<meta property=\"og:url\" content=\"https:\/\/aplusdmc.com\/fr\/\" \/>\n<meta property=\"og:site_name\" content=\"A+DMC\" \/>\n<meta property=\"article:modified_time\" content=\"2017-07-13T14:20:49+00:00\" \/>\n<meta property=\"og:image\" content=\"https:\/\/aplusdmc.com\/wp-content\/uploads\/2016\/02\/Valletta.jpg\" \/>\n\t<meta property=\"og:image:width\" content=\"1302\" \/>\n\t<meta property=\"og:image:height\" content=\"919\" \/>\n\t<meta property=\"og:image:type\" content=\"image\/jpeg\" \/>\n<meta name=\"twitter:card\" content=\"summary_large_image\" \/>\n<meta name=\"twitter:label1\" content=\"Dur\u00e9e de lecture estim\u00e9e\" \/>\n\t<meta name=\"twitter:data1\" content=\"1 minute\" \/>\n<script type=\"application\/ld+json\" class=\"yoast-schema-graph\">{\"@context\":\"https:\/\/schema.org\",\"@graph\":[{\"@type\":\"WebPage\",\"@id\":\"https:\/\/aplusdmc.com\/fr\/\",\"url\":\"https:\/\/aplusdmc.com\/fr\/\",\"name\":\"Accueil - A+DMC\",\"isPartOf\":{\"@id\":\"https:\/\/aplusdmc.com\/#website\"},\"primaryImageOfPage\":{\"@id\":\"https:\/\/aplusdmc.com\/fr\/#primaryimage\"},\"image\":{\"@id\":\"https:\/\/aplusdmc.com\/fr\/#primaryimage\"},\"thumbnailUrl\":\"https:\/\/aplusdmc.com\/wp-content\/uploads\/2016\/02\/Valletta.jpg\",\"datePublished\":\"2016-02-12T13:35:20+00:00\",\"dateModified\":\"2017-07-13T14:20:49+00:00\",\"description\":\"ACCUEIL\",\"breadcrumb\":{\"@id\":\"https:\/\/aplusdmc.com\/fr\/#breadcrumb\"},\"inLanguage\":\"fr-FR\",\"potentialAction\":[{\"@type\":\"ReadAction\",\"target\":[\"https:\/\/aplusdmc.com\/fr\/\"]}]},{\"@type\":\"ImageObject\",\"inLanguage\":\"fr-FR\",\"@id\":\"https:\/\/aplusdmc.com\/fr\/#primaryimage\",\"url\":\"https:\/\/aplusdmc.com\/wp-content\/uploads\/2016\/02\/Valletta.jpg\",\"contentUrl\":\"https:\/\/aplusdmc.com\/wp-content\/uploads\/2016\/02\/Valletta.jpg\",\"width\":1302,\"height\":919},{\"@type\":\"BreadcrumbList\",\"@id\":\"https:\/\/aplusdmc.com\/fr\/#breadcrumb\",\"itemListElement\":[{\"@type\":\"ListItem\",\"position\":1,\"name\":\"Home\",\"item\":\"https:\/\/aplusdmc.com\/fr\/\"},{\"@type\":\"ListItem\",\"position\":2,\"name\":\"Accueil\"}]},{\"@type\":\"WebSite\",\"@id\":\"https:\/\/aplusdmc.com\/#website\",\"url\":\"https:\/\/aplusdmc.com\/\",\"name\":\"A+DMC\",\"description\":\"\",\"potentialAction\":[{\"@type\":\"SearchAction\",\"target\":{\"@type\":\"EntryPoint\",\"urlTemplate\":\"https:\/\/aplusdmc.com\/?s={search_term_string}\"},\"query-input\":{\"@type\":\"PropertyValueSpecification\",\"valueRequired\":true,\"valueName\":\"search_term_string\"}}],\"inLanguage\":\"fr-FR\"}]}<\/script>\n<!-- \/ Yoast SEO plugin. -->","yoast_head_json":{"title":"Accueil - A+DMC","description":"ACCUEIL","robots":{"index":"index","follow":"follow","max-snippet":"max-snippet:-1","max-image-preview":"max-image-preview:large","max-video-preview":"max-video-preview:-1"},"canonical":"https:\/\/aplusdmc.com\/fr\/","og_locale":"fr_FR","og_type":"article","og_title":"Accueil - A+DMC","og_description":"ACCUEIL","og_url":"https:\/\/aplusdmc.com\/fr\/","og_site_name":"A+DMC","article_modified_time":"2017-07-13T14:20:49+00:00","og_image":[{"width":1302,"height":919,"url":"https:\/\/aplusdmc.com\/wp-content\/uploads\/2016\/02\/Valletta.jpg","type":"image\/jpeg"}],"twitter_card":"summary_large_image","twitter_misc":{"Dur\u00e9e de lecture estim\u00e9e":"1 minute"},"schema":{"@context":"https:\/\/schema.org","@graph":[{"@type":"WebPage","@id":"https:\/\/aplusdmc.com\/fr\/","url":"https:\/\/aplusdmc.com\/fr\/","name":"Accueil - A+DMC","isPartOf":{"@id":"https:\/\/aplusdmc.com\/#website"},"primaryImageOfPage":{"@id":"https:\/\/aplusdmc.com\/fr\/#primaryimage"},"image":{"@id":"https:\/\/aplusdmc.com\/fr\/#primaryimage"},"thumbnailUrl":"https:\/\/aplusdmc.com\/wp-content\/uploads\/2016\/02\/Valletta.jpg","datePublished":"2016-02-12T13:35:20+00:00","dateModified":"2017-07-13T14:20:49+00:00","description":"ACCUEIL","breadcrumb":{"@id":"https:\/\/aplusdmc.com\/fr\/#breadcrumb"},"inLanguage":"fr-FR","potentialAction":[{"@type":"ReadAction","target":["https:\/\/aplusdmc.com\/fr\/"]}]},{"@type":"ImageObject","inLanguage":"fr-FR","@id":"https:\/\/aplusdmc.com\/fr\/#primaryimage","url":"https:\/\/aplusdmc.com\/wp-content\/uploads\/2016\/02\/Valletta.jpg","contentUrl":"https:\/\/aplusdmc.com\/wp-content\/uploads\/2016\/02\/Valletta.jpg","width":1302,"height":919},{"@type":"BreadcrumbList","@id":"https:\/\/aplusdmc.com\/fr\/#breadcrumb","itemListElement":[{"@type":"ListItem","position":1,"name":"Home","item":"https:\/\/aplusdmc.com\/fr\/"},{"@type":"ListItem","position":2,"name":"Accueil"}]},{"@type":"WebSite","@id":"https:\/\/aplusdmc.com\/#website","url":"https:\/\/aplusdmc.com\/","name":"A+DMC","description":"","potentialAction":[{"@type":"SearchAction","target":{"@type":"EntryPoint","urlTemplate":"https:\/\/aplusdmc.com\/?s={search_term_string}"},"query-input":{"@type":"PropertyValueSpecification","valueRequired":true,"valueName":"search_term_string"}}],"inLanguage":"fr-FR"}]}},"_links":{"self":[{"href":"https:\/\/aplusdmc.com\/fr\/wp-json\/wp\/v2\/pages\/3374","targetHints":{"allow":["GET"]}}],"collection":[{"href":"https:\/\/aplusdmc.com\/fr\/wp-json\/wp\/v2\/pages"}],"about":[{"href":"https:\/\/aplusdmc.com\/fr\/wp-json\/wp\/v2\/types\/page"}],"author":[{"embeddable":true,"href":"https:\/\/aplusdmc.com\/fr\/wp-json\/wp\/v2\/users\/4"}],"replies":[{"embeddable":true,"href":"https:\/\/aplusdmc.com\/fr\/wp-json\/wp\/v2\/comments?post=3374"}],"version-history":[{"count":12,"href":"https:\/\/aplusdmc.com\/fr\/wp-json\/wp\/v2\/pages\/3374\/revisions"}],"predecessor-version":[{"id":4132,"href":"https:\/\/aplusdmc.com\/fr\/wp-json\/wp\/v2\/pages\/3374\/revisions\/4132"}],"wp:featuredmedia":[{"embeddable":true,"href":"https:\/\/aplusdmc.com\/fr\/wp-json\/wp\/v2\/media\/4122"}],"wp:attachment":[{"href":"https:\/\/aplusdmc.com\/fr\/wp-json\/wp\/v2\/media?parent=3374"}],"curies":[{"name":"wp","href":"https:\/\/api.w.org\/{rel}","templated":true}]}}